{"id":38933,"date":"2024-10-11T12:38:11","date_gmt":"2024-10-11T12:38:11","guid":{"rendered":"https:\/\/cultivers.es\/abonos\/semi-di-fagiolo-verde-helda-organic\/"},"modified":"2025-09-22T05:22:00","modified_gmt":"2025-09-22T05:22:00","slug":"semi-di-fagiolo-verde-helda-organic","status":"publish","type":"product","link":"https:\/\/cultivers.es\/it\/fertilizzanti\/semi-di-fagiolo-verde-helda-organic\/","title":{"rendered":"Semi di fagiolo verde Helda"},"content":{"rendered":"","protected":false},"excerpt":{"rendered":"<p>Scopri l&#8217;eccellenza nel tuo giardino con i nostri semi di fagiolo verde biologico Helda. Questa variet\u00e0, nota anche come fagiolo piatto, \u00e8 apprezzata per il suo sapore delicato, la consistenza tenera e la resa elevata. Il fagiolo Helda \u00e8 ideale sia per il consumo fresco che per l&#8217;inscatolamento, il che lo rende una scelta versatile per tutti i tipi di ricette.  <\/p>\n<ul>\n<li><strong>Baccelli lunghi e piatti:<\/strong> i fagioli Helda sono caratterizzati da baccelli lunghi, piatti e carnosi, che possono raggiungere i 20 cm di lunghezza. La loro consistenza tenera li rende perfetti per essere cucinati al vapore, bolliti o saltati in padella. <\/li>\n<li><strong>Sapore dolce e delicato:<\/strong> questa variet\u00e0 ha un sapore dolce e delicato che la rende un accompagnamento ideale per insalate, stufati o come guarnizione. Sono deliziosi sia freschi che cotti. <\/li>\n<li><strong>Elevata produttivit\u00e0:<\/strong> la pianta di fagiolo verde Helda \u00e8 molto produttiva e garantisce raccolti abbondanti e continui per tutta la stagione. \u00c8 una scelta eccellente sia per i giardini grandi che per quelli piccoli. <\/li>\n<li><strong>Facile da coltivare:<\/strong> questa variet\u00e0 \u00e8 resistente e facile da coltivare, adattandosi bene a un&#8217;ampia variet\u00e0 di terreni e climi. \u00c8 ideale sia per i principianti che per i giardinieri pi\u00f9 esperti. <\/li>\n<li><strong>Coltivazione biologica:<\/strong> i nostri semi sono 100% biologici, il che garantisce che i tuoi fagioli crescano senza l&#8217;uso di pesticidi e sostanze chimiche, promuovendo una coltivazione sana e sostenibile.<\/li>\n<\/ul>\n<p>Goditi il sapore delicato e l&#8217;abbondanza dei fagiolini Helda nel tuo orto biologico. Facili da coltivare e perfetti per un&#8217;ampia variet\u00e0 di piatti, questi fagioli saranno un&#8217;ottima aggiunta alle tue coltivazioni: ordina oggi stesso e inizia a godere di questa opzione nutriente e deliziosa nel tuo orto!  <\/p>\n","protected":false},"featured_media":35352,"comment_status":"open","ping_status":"closed","template":"","meta":{"_acf_changed":false},"product_brand":[],"product_cat":[436,760],"product_tag":[1577],"class_list":{"0":"post-38933","1":"product","2":"type-product","3":"status-publish","4":"has-post-thumbnail","6":"product_cat-semi-biologici","7":"product_cat-semi-di-legumi-biologici","8":"product_tag-eco","10":"first","11":"instock","12":"taxable","13":"shipping-taxable","14":"purchasable","15":"product-type-simple"},"acf":[],"_links":{"self":[{"href":"https:\/\/cultivers.es\/it\/wp-json\/wp\/v2\/product\/38933","targetHints":{"allow":["GET"]}}],"collection":[{"href":"https:\/\/cultivers.es\/it\/wp-json\/wp\/v2\/product"}],"about":[{"href":"https:\/\/cultivers.es\/it\/wp-json\/wp\/v2\/types\/product"}],"replies":[{"embeddable":true,"href":"https:\/\/cultivers.es\/it\/wp-json\/wp\/v2\/comments?post=38933"}],"wp:featuredmedia":[{"embeddable":true,"href":"https:\/\/cultivers.es\/it\/wp-json\/wp\/v2\/media\/35352"}],"wp:attachment":[{"href":"https:\/\/cultivers.es\/it\/wp-json\/wp\/v2\/media?parent=38933"}],"wp:term":[{"taxonomy":"product_brand","embeddable":true,"href":"https:\/\/cultivers.es\/it\/wp-json\/wp\/v2\/product_brand?post=38933"},{"taxonomy":"product_cat","embeddable":true,"href":"https:\/\/cultivers.es\/it\/wp-json\/wp\/v2\/product_cat?post=38933"},{"taxonomy":"product_tag","embeddable":true,"href":"https:\/\/cultivers.es\/it\/wp-json\/wp\/v2\/product_tag?post=38933"}],"curies":[{"name":"wp","href":"https:\/\/api.w.org\/{rel}","templated":true}]}}