{"id":38958,"date":"2024-10-14T07:07:10","date_gmt":"2024-10-14T07:07:10","guid":{"rendered":"https:\/\/cultivers.es\/abonos\/semi-di-piselli-dolci-biologici-demeter\/"},"modified":"2025-09-22T05:46:44","modified_gmt":"2025-09-22T05:46:44","slug":"semi-di-piselli-dolci-biologici-demeter","status":"publish","type":"product","link":"https:\/\/cultivers.es\/it\/fertilizzanti\/semi-di-piselli-dolci-biologici-demeter\/","title":{"rendered":"Semi di piselli Semi di piselli dolci biodinamici Demeter"},"content":{"rendered":"","protected":false},"excerpt":{"rendered":"<p>Porta bellezza e profumo nel tuo giardino con i nostri semi di pisello dolce biologico Demeter. Questa pianta rampicante, nota per i suoi fiori dai colori vivaci e il suo profumo inebriante, \u00e8 ideale per abbellire pergole, recinzioni o muri. Il pisello dolce non solo aggiunge colore e vita al tuo giardino, ma attira anche impollinatori come api e farfalle, contribuendo a mantenere la biodiversit\u00e0 nel tuo giardino. Grazie alla certificazione Demeter, puoi essere certo di coltivare in modo ecologico e rispettoso dell&#8217;ambiente.   <\/p>\n<ul>\n<li><strong>Fiori colorati e profumati:<\/strong> Il pisello dolce produce un&#8217;esplosione di fiori in una variet\u00e0 di colori, dal viola, al rosa, al bianco e al blu, tutti con un profumo dolce e delicato che riempir\u00e0 il tuo giardino di fragranze.<\/li>\n<li><strong>Rampicante ornamentale:<\/strong> questa pianta \u00e8 perfetta per ricoprire pergolati, tralicci, recinzioni o muri, creando uno schermo naturale di colore e profumo. La sua crescita rapida la rende una scelta ideale per abbellire qualsiasi spazio. <\/li>\n<li><strong>Attrazione per gli impollinatori: il<\/strong> pisello dolce \u00e8 una pianta eccellente per attirare gli impollinatori come api e farfalle, favorendo la biodiversit\u00e0 e contribuendo a migliorare l&#8217;impollinazione delle altre colture del tuo giardino.<\/li>\n<li><strong>Facile da coltivare:<\/strong> questa variet\u00e0 \u00e8 resistente e si adatta bene a diversi tipi di terreno e climi. \u00c8 facile da curare, il che la rende adatta sia ai principianti che ai giardinieri esperti. <\/li>\n<li><strong>Certificazione Demeter:<\/strong> i nostri semi sono certificati da Demeter, che garantisce che sono stati coltivati secondo i principi dell&#8217;agricoltura biodinamica, promuovendo un equilibrio naturale e sostenibile nell&#8217;ecosistema.<\/li>\n<li><strong>Coltivazione biologica:<\/strong> i semi di pisello dolce sono 100% biologici, privi di pesticidi e sostanze chimiche, il che garantisce un raccolto sano ed ecologico.<\/li>\n<\/ul>\n<p>Aggiungi colore, profumo e vita al tuo giardino con i semi di piselli dolci biologici Demeter. Goditi i loro fiori vivaci e il loro dolce profumo, promuovendo al contempo la biodiversit\u00e0 e l&#8217;agricoltura sostenibile: ordina oggi stesso e trasforma il tuo giardino in un paradiso di colori e profumi naturali!  <\/p>\n","protected":false},"featured_media":35498,"comment_status":"open","ping_status":"closed","template":"","meta":{"_acf_changed":false},"product_brand":[],"product_cat":[436,1305],"product_tag":[1383],"class_list":{"0":"post-38958","1":"product","2":"type-product","3":"status-publish","4":"has-post-thumbnail","6":"product_cat-semi-biologici","7":"product_cat-semi-di-demeter","8":"product_tag-demeter-it","10":"first","11":"instock","12":"taxable","13":"shipping-taxable","14":"purchasable","15":"product-type-simple"},"acf":[],"_links":{"self":[{"href":"https:\/\/cultivers.es\/it\/wp-json\/wp\/v2\/product\/38958","targetHints":{"allow":["GET"]}}],"collection":[{"href":"https:\/\/cultivers.es\/it\/wp-json\/wp\/v2\/product"}],"about":[{"href":"https:\/\/cultivers.es\/it\/wp-json\/wp\/v2\/types\/product"}],"replies":[{"embeddable":true,"href":"https:\/\/cultivers.es\/it\/wp-json\/wp\/v2\/comments?post=38958"}],"wp:featuredmedia":[{"embeddable":true,"href":"https:\/\/cultivers.es\/it\/wp-json\/wp\/v2\/media\/35498"}],"wp:attachment":[{"href":"https:\/\/cultivers.es\/it\/wp-json\/wp\/v2\/media?parent=38958"}],"wp:term":[{"taxonomy":"product_brand","embeddable":true,"href":"https:\/\/cultivers.es\/it\/wp-json\/wp\/v2\/product_brand?post=38958"},{"taxonomy":"product_cat","embeddable":true,"href":"https:\/\/cultivers.es\/it\/wp-json\/wp\/v2\/product_cat?post=38958"},{"taxonomy":"product_tag","embeddable":true,"href":"https:\/\/cultivers.es\/it\/wp-json\/wp\/v2\/product_tag?post=38958"}],"curies":[{"name":"wp","href":"https:\/\/api.w.org\/{rel}","templated":true}]}}