{"id":38967,"date":"2024-10-14T07:16:09","date_gmt":"2024-10-14T07:16:09","guid":{"rendered":"https:\/\/cultivers.es\/abonos\/semi-di-lattuga-biologica-la-brillante-demeter\/"},"modified":"2026-03-04T15:21:34","modified_gmt":"2026-03-04T15:21:34","slug":"semi-di-lattuga-biologica-la-brillante-demeter","status":"publish","type":"product","link":"https:\/\/cultivers.es\/it\/fertilizzanti\/semi-di-lattuga-biologica-la-brillante-demeter\/","title":{"rendered":"Semi di lattuga Demeter Biodinamica La Brillante"},"content":{"rendered":"","protected":false},"excerpt":{"rendered":"<p>Aggiungi freschezza e croccantezza ai tuoi piatti con i nostri semi di lattuga Demeter Organic La Brillante. Questa variet\u00e0 si distingue per le sue foglie verde brillante e la sua struttura compatta, che la rendono una scelta perfetta per insalate fresche e salutari. Il suo sapore delicato e leggermente dolce \u00e8 ideale per completare qualsiasi piatto. Con la certificazione Demeter, puoi essere sicuro di coltivare lattuga biologica ed ecologica, seguendo i principi dell&#8217;agricoltura biodinamica.   <\/p>\n<ul>\n<li><strong>Foglie lucide e croccanti:<\/strong> La lattuga La Brillante produce foglie di colore verde intenso, con una consistenza croccante e un sapore delicato, che la rendono perfetta per insalate fresche, impacchi o come guarnizione.<\/li>\n<li><strong>Facile da coltivare:<\/strong> questa variet\u00e0 \u00e8 resistente e si adatta bene a diverse condizioni climatiche e di terreno. \u00c8 ideale sia per i principianti che per i giardinieri esperti e offre raccolti continui e abbondanti. <\/li>\n<li><strong>Raccolta prolungata: la<\/strong> lattuga La Brillante consente una raccolta prolungata per tutta la stagione di crescita e pu\u00f2 essere raccolta foglia per foglia per avere sempre foglie fresche a portata di mano.<\/li>\n<li><strong>Certificazione Demeter:<\/strong> Questi semi sono certificati Demeter, il che garantisce che sono stati coltivati secondo i principi dell&#8217;agricoltura biodinamica, rispettando l&#8217;equilibrio naturale dell&#8217;ecosistema e promuovendo la salute del suolo.<\/li>\n<li><strong>Coltivazione biologica:<\/strong> i nostri semi sono 100% biologici e privi di pesticidi e sostanze chimiche, garantendo un raccolto sano e sostenibile per te e per l&#8217;ambiente.<\/li>\n<\/ul>\n<p>Riempi il tuo giardino di freschezza e croccantezza con i nostri semi di lattuga Demeter Organic La Brillante. Goditi un raccolto continuo di lattuga fresca e sana, coltivata in modo ecologico e rispettoso dell&#8217;ambiente: ordina oggi stesso e inizia a goderti la freschezza e il sapore di questa deliziosa lattuga nel tuo giardino!  <\/p>\n","protected":false},"featured_media":50070,"comment_status":"open","ping_status":"closed","template":"","meta":{"_acf_changed":false},"product_brand":[],"product_cat":[436,1305],"product_tag":[1383],"class_list":{"0":"post-38967","1":"product","2":"type-product","3":"status-publish","4":"has-post-thumbnail","6":"product_cat-semi-biologici","7":"product_cat-semi-di-demeter","8":"product_tag-demeter-it","10":"first","11":"instock","12":"taxable","13":"shipping-taxable","14":"purchasable","15":"product-type-simple"},"acf":[],"_links":{"self":[{"href":"https:\/\/cultivers.es\/it\/wp-json\/wp\/v2\/product\/38967","targetHints":{"allow":["GET"]}}],"collection":[{"href":"https:\/\/cultivers.es\/it\/wp-json\/wp\/v2\/product"}],"about":[{"href":"https:\/\/cultivers.es\/it\/wp-json\/wp\/v2\/types\/product"}],"replies":[{"embeddable":true,"href":"https:\/\/cultivers.es\/it\/wp-json\/wp\/v2\/comments?post=38967"}],"wp:featuredmedia":[{"embeddable":true,"href":"https:\/\/cultivers.es\/it\/wp-json\/wp\/v2\/media\/50070"}],"wp:attachment":[{"href":"https:\/\/cultivers.es\/it\/wp-json\/wp\/v2\/media?parent=38967"}],"wp:term":[{"taxonomy":"product_brand","embeddable":true,"href":"https:\/\/cultivers.es\/it\/wp-json\/wp\/v2\/product_brand?post=38967"},{"taxonomy":"product_cat","embeddable":true,"href":"https:\/\/cultivers.es\/it\/wp-json\/wp\/v2\/product_cat?post=38967"},{"taxonomy":"product_tag","embeddable":true,"href":"https:\/\/cultivers.es\/it\/wp-json\/wp\/v2\/product_tag?post=38967"}],"curies":[{"name":"wp","href":"https:\/\/api.w.org\/{rel}","templated":true}]}}