{"id":38998,"date":"2024-10-24T05:49:54","date_gmt":"2024-10-24T05:49:54","guid":{"rendered":"https:\/\/cultivers.es\/abonos\/semi-di-piselli-biologici-con-concime-verde\/"},"modified":"2026-03-14T10:06:35","modified_gmt":"2026-03-14T10:06:35","slug":"semi-di-piselli-biologici-con-concime-verde","status":"publish","type":"product","link":"https:\/\/cultivers.es\/it\/fertilizzanti\/semi-di-piselli-biologici-con-concime-verde\/","title":{"rendered":"Concime verde Semi di pisello Eco"},"content":{"rendered":"","protected":false},"excerpt":{"rendered":"<p>Migliora la salute e la fertilit\u00e0 del tuo terreno con i nostri semi di piselli biologici per compost verde. I piselli non solo sono un&#8217;ottima scelta per la coltivazione del sovescio, ma aiutano anche a fissare l&#8217;azoto nel terreno, arricchendolo naturalmente. Questo favorisce una crescita pi\u00f9 sana delle tue colture principali senza dover ricorrere a fertilizzanti chimici. Ideali per la rotazione delle colture, i piselli sono una pianta resistente e facile da coltivare che apporta molteplici benefici al tuo orto.   <\/p>\n<ul>\n<li><strong>Fissazione naturale dell&#8217;azoto:<\/strong> i piselli, essendo legumi, hanno la capacit\u00e0 di fissare l&#8217;azoto nel terreno, migliorandone la fertilit\u00e0 in modo naturale. Questo va a vantaggio delle colture future, aiutando a ridurre la necessit\u00e0 di fertilizzanti aggiuntivi. <\/li>\n<li><strong>Migliora la struttura del terreno:<\/strong> l&#8217;apparato radicale dei piselli migliora la struttura del terreno, aumentandone la capacit\u00e0 di trattenere l&#8217;acqua e l&#8217;aria, con il risultato di un terreno pi\u00f9 sano e adatto a diverse colture.<\/li>\n<li><strong>Prevenzione dell&#8217;erosione:<\/strong> coltivare i piselli come sovescio aiuta a proteggere il terreno dall&#8217;erosione e dalla perdita di nutrienti, soprattutto nei periodi in cui l&#8217;orto non \u00e8 in produzione.<\/li>\n<li><strong>Facili da coltivare:<\/strong> i piselli sono piante resistenti che si adattano bene a condizioni climatiche e terreni diversi. Sono facili da piantare e da curare, il che li rende una scelta eccellente per tutti i giardinieri che vogliono migliorare la salute del proprio terreno. <\/li>\n<li><strong>Coltivazione biologica:<\/strong> i nostri semi di piselli sono 100% biologici, privi di pesticidi e sostanze chimiche, il che garantisce una coltivazione sicura ed ecologica. In questo modo il tuo concime verde \u00e8 davvero naturale e benefico per l&#8217;ecosistema del tuo giardino. <\/li>\n<\/ul>\n<p>Migliora la salute del tuo terreno in modo naturale con i nostri semi di piselli biologici per compost verde. Facili da coltivare e ricchi di benefici per il terreno, questi semi ti aiuteranno a creare un giardino pi\u00f9 sano e produttivo. Ordina oggi stesso e inizia a trasformare il tuo terreno con l&#8217;aiuto dei piselli!  <\/p>\n","protected":false},"featured_media":35897,"comment_status":"open","ping_status":"closed","template":"","meta":{"_acf_changed":false},"product_brand":[],"product_cat":[1291,436],"product_tag":[1577],"class_list":{"0":"post-38998","1":"product","2":"type-product","3":"status-publish","4":"has-post-thumbnail","6":"product_cat-coperture-vegetali-per-fertilizzanti-verdi","7":"product_cat-semi-biologici","8":"product_tag-eco","10":"first","11":"instock","12":"taxable","13":"shipping-taxable","14":"purchasable","15":"product-type-simple"},"acf":[],"_links":{"self":[{"href":"https:\/\/cultivers.es\/it\/wp-json\/wp\/v2\/product\/38998","targetHints":{"allow":["GET"]}}],"collection":[{"href":"https:\/\/cultivers.es\/it\/wp-json\/wp\/v2\/product"}],"about":[{"href":"https:\/\/cultivers.es\/it\/wp-json\/wp\/v2\/types\/product"}],"replies":[{"embeddable":true,"href":"https:\/\/cultivers.es\/it\/wp-json\/wp\/v2\/comments?post=38998"}],"wp:featuredmedia":[{"embeddable":true,"href":"https:\/\/cultivers.es\/it\/wp-json\/wp\/v2\/media\/35897"}],"wp:attachment":[{"href":"https:\/\/cultivers.es\/it\/wp-json\/wp\/v2\/media?parent=38998"}],"wp:term":[{"taxonomy":"product_brand","embeddable":true,"href":"https:\/\/cultivers.es\/it\/wp-json\/wp\/v2\/product_brand?post=38998"},{"taxonomy":"product_cat","embeddable":true,"href":"https:\/\/cultivers.es\/it\/wp-json\/wp\/v2\/product_cat?post=38998"},{"taxonomy":"product_tag","embeddable":true,"href":"https:\/\/cultivers.es\/it\/wp-json\/wp\/v2\/product_tag?post=38998"}],"curies":[{"name":"wp","href":"https:\/\/api.w.org\/{rel}","templated":true}]}}