{"id":39470,"date":"2023-12-05T12:59:58","date_gmt":"2023-12-05T12:59:58","guid":{"rendered":"https:\/\/cultivers.es\/abonos\/substrato-in-fibra-di-cocco\/"},"modified":"2025-09-22T04:46:30","modified_gmt":"2025-09-22T04:46:30","slug":"substrato-in-fibra-di-cocco","status":"publish","type":"product","link":"https:\/\/cultivers.es\/it\/fertilizzanti\/substrato-in-fibra-di-cocco\/","title":{"rendered":"Substrato in fibra di cocco"},"content":{"rendered":"","protected":false},"excerpt":{"rendered":"<p>Il nostro substrato in fibra di cocco \u00e8 un&#8217;opzione innovativa e naturale per la coltivazione delle tue piante. Realizzato con la buccia di cocco, questo substrato offre una base nutriente e porosa che favorisce un sano sviluppo delle radici, migliorando la crescita e la vitalit\u00e0 delle tue piante. <\/p>\n<ul>\n<li>Origine naturale.<\/li>\n<li>Struttura porosa.<\/li>\n<li>Ritenzione di umidit\u00e0 bilanciata.<\/li>\n<li>Ricco di sostanze nutritive.<\/li>\n<li>Versatilit\u00e0 di utilizzo.<\/li>\n<\/ul>\n<p>Acquista il nostro substrato di fibra di cocco per dare alle tue piante un substrato naturale, che aiuter\u00e0 il tuo terreno a trattenere pi\u00f9 umidit\u00e0 e morbidezza.<\/p>\n","protected":false},"featured_media":22903,"comment_status":"open","ping_status":"closed","template":"","meta":{"_acf_changed":false},"product_brand":[],"product_cat":[627,718],"product_tag":[],"class_list":{"0":"post-39470","1":"product","2":"type-product","3":"status-publish","4":"has-post-thumbnail","6":"product_cat-piante-da-interno","7":"product_cat-substrati-e-decorativi","9":"first","10":"instock","11":"taxable","12":"shipping-taxable","13":"purchasable","14":"product-type-variable"},"acf":[],"_links":{"self":[{"href":"https:\/\/cultivers.es\/it\/wp-json\/wp\/v2\/product\/39470","targetHints":{"allow":["GET"]}}],"collection":[{"href":"https:\/\/cultivers.es\/it\/wp-json\/wp\/v2\/product"}],"about":[{"href":"https:\/\/cultivers.es\/it\/wp-json\/wp\/v2\/types\/product"}],"replies":[{"embeddable":true,"href":"https:\/\/cultivers.es\/it\/wp-json\/wp\/v2\/comments?post=39470"}],"wp:featuredmedia":[{"embeddable":true,"href":"https:\/\/cultivers.es\/it\/wp-json\/wp\/v2\/media\/22903"}],"wp:attachment":[{"href":"https:\/\/cultivers.es\/it\/wp-json\/wp\/v2\/media?parent=39470"}],"wp:term":[{"taxonomy":"product_brand","embeddable":true,"href":"https:\/\/cultivers.es\/it\/wp-json\/wp\/v2\/product_brand?post=39470"},{"taxonomy":"product_cat","embeddable":true,"href":"https:\/\/cultivers.es\/it\/wp-json\/wp\/v2\/product_cat?post=39470"},{"taxonomy":"product_tag","embeddable":true,"href":"https:\/\/cultivers.es\/it\/wp-json\/wp\/v2\/product_tag?post=39470"}],"curies":[{"name":"wp","href":"https:\/\/api.w.org\/{rel}","templated":true}]}}