{"id":49038,"date":"2024-09-11T12:08:45","date_gmt":"2024-09-11T12:08:45","guid":{"rendered":"https:\/\/cultivers.es\/abonos\/semi-di-zucca-carati\/"},"modified":"2025-11-10T14:01:52","modified_gmt":"2025-11-10T14:01:52","slug":"semi-di-zucca-carati","status":"publish","type":"product","link":"https:\/\/cultivers.es\/it\/fertilizzanti\/semi-di-zucca-carati\/","title":{"rendered":"Semi di zucca carati"},"content":{"rendered":"","protected":false},"excerpt":{"rendered":"<p>Coltiva il gusto e la salute nel tuo giardino con i nostri semi di zucca carati biologici. Questa variet\u00e0 si distingue per il suo sapore dolce e la sua polpa soda, ideale per qualsiasi cosa, dalle zuppe cremose ai deliziosi dessert. La zucca Carat \u00e8 apprezzata per la sua resa ed \u00e8 la scelta perfetta per gli amanti delle zucche commestibili di alta qualit\u00e0.  <\/p>\n<ul>\n<li><strong>Sapore dolce e versatile: la<\/strong> zucca Carat offre una polpa dolce e liscia, perfetta per un&#8217;ampia variet\u00e0 di ricette, da creme e puree a torte e dessert al forno.<\/li>\n<li><strong>Alta produttivit\u00e0:<\/strong> questa variet\u00e0 \u00e8 nota per la sua capacit\u00e0 di produrre frutti grandi e abbondanti, garantendo un raccolto abbondante durante la stagione di crescita.<\/li>\n<li><strong>Facile da coltivare:<\/strong> la pianta di zucca Carat \u00e8 robusta e resistente e si adatta bene a diversi tipi di terreni e climi. \u00c8 ideale sia per i principianti che per i giardinieri pi\u00f9 esperti. <\/li>\n<li><strong>Benefici nutrizionali:<\/strong> oltre al suo gusto delizioso, questa zucca \u00e8 ricca di vitamine A e C, antiossidanti e fibre, che la rendono un alimento sano e nutriente da includere nella tua dieta.<\/li>\n<li><strong>Coltivazione biologica:<\/strong> i nostri semi sono 100% biologici, coltivati senza pesticidi o fertilizzanti chimici, il che garantisce un prodotto naturale, sano e rispettoso dell&#8217;ambiente.<\/li>\n<\/ul>\n<p>Aggiungi sapore e nutrimento al tuo orto con i semi di zucca biologici Carat. Goditi un raccolto abbondante e delizioso, con tutti i benefici della coltivazione biologica: ordina oggi stesso e inizia a coltivare zucche piene di sapore e salute nel tuo giardino!  <\/p>\n","protected":false},"featured_media":33920,"comment_status":"open","ping_status":"closed","template":"","meta":{"_acf_changed":false},"product_brand":[],"product_cat":[436,440],"product_tag":[1577],"class_list":{"0":"post-49038","1":"product","2":"type-product","3":"status-publish","4":"has-post-thumbnail","6":"product_cat-semi-biologici","7":"product_cat-semi-di-frutta-e-verdura-biologici","8":"product_tag-eco","10":"first","11":"instock","12":"taxable","13":"shipping-taxable","14":"purchasable","15":"product-type-simple"},"acf":[],"_links":{"self":[{"href":"https:\/\/cultivers.es\/it\/wp-json\/wp\/v2\/product\/49038","targetHints":{"allow":["GET"]}}],"collection":[{"href":"https:\/\/cultivers.es\/it\/wp-json\/wp\/v2\/product"}],"about":[{"href":"https:\/\/cultivers.es\/it\/wp-json\/wp\/v2\/types\/product"}],"replies":[{"embeddable":true,"href":"https:\/\/cultivers.es\/it\/wp-json\/wp\/v2\/comments?post=49038"}],"wp:featuredmedia":[{"embeddable":true,"href":"https:\/\/cultivers.es\/it\/wp-json\/wp\/v2\/media\/33920"}],"wp:attachment":[{"href":"https:\/\/cultivers.es\/it\/wp-json\/wp\/v2\/media?parent=49038"}],"wp:term":[{"taxonomy":"product_brand","embeddable":true,"href":"https:\/\/cultivers.es\/it\/wp-json\/wp\/v2\/product_brand?post=49038"},{"taxonomy":"product_cat","embeddable":true,"href":"https:\/\/cultivers.es\/it\/wp-json\/wp\/v2\/product_cat?post=49038"},{"taxonomy":"product_tag","embeddable":true,"href":"https:\/\/cultivers.es\/it\/wp-json\/wp\/v2\/product_tag?post=49038"}],"curies":[{"name":"wp","href":"https:\/\/api.w.org\/{rel}","templated":true}]}}