{"id":49185,"date":"2024-09-11T12:42:07","date_gmt":"2024-09-11T12:42:07","guid":{"rendered":"https:\/\/cultivers.es\/abonos\/semi-di-ravanello-18-jours\/"},"modified":"2024-09-11T12:42:07","modified_gmt":"2024-09-11T12:42:07","slug":"semi-di-ravanello-18-jours","status":"publish","type":"product","link":"https:\/\/cultivers.es\/it\/fertilizzanti\/semi-di-ravanello-18-jours\/","title":{"rendered":"Semi di ravanello 18 Jours"},"content":{"rendered":"","protected":false},"excerpt":{"rendered":"<p>Coltiva una delle variet\u00e0 di ravanello pi\u00f9 veloci e deliziose con i nostri semi di ravanello biologico 18 Jours. Noto per la sua velocit\u00e0 di crescita, questo ravanello pu\u00f2 essere pronto per il raccolto in soli 18 giorni, offrendo radici croccanti, succose e saporite, perfette per insalate fresche, snack salutari o contorni. <\/p>\n<ul>\n<li><strong>Raccolto in soli 18 giorni:<\/strong> questa variet\u00e0 si distingue per il suo rapido ciclo di crescita, che ti permette di gustare ravanelli freschi e croccanti in soli 18 giorni. Ideale per i giardinieri impazienti o per chi cerca un raccolto veloce. <\/li>\n<li><strong>Gusto fresco e leggermente piccante: i<\/strong> ravanelli 18 Jours offrono un gusto rinfrescante e leggermente piccante che li rende perfetti per insalate, snack o contorni. Sono un&#8217;ottima aggiunta a qualsiasi pasto, aggiungendo un tocco di freschezza. <\/li>\n<li><strong>Dimensioni compatte:<\/strong> di piccole dimensioni, con una buccia rosso vivo e una polpa bianca, questi ravanelli non sono solo gustosi, ma anche visivamente attraenti nel piatto.<\/li>\n<li><strong>Facile da coltivare:<\/strong> questa variet\u00e0 \u00e8 ideale sia per l&#8217;orto che per i giardini in contenitore. \u00c8 resistente e si adatta bene a diversi tipi di terreno e climi, il che la rende una scelta eccellente sia per i principianti che per i giardinieri esperti. <\/li>\n<li><strong>Coltivazione biologica:<\/strong> i nostri semi sono 100% biologici, il che garantisce un raccolto privo di pesticidi e fertilizzanti chimici, offrendo un raccolto sano e sostenibile per te e la tua famiglia.<\/li>\n<\/ul>\n<p>Goditi la freschezza e la velocit\u00e0 dei nostri ravanelli 18 Jours con i nostri semi biologici. Perfetti per chi cerca un raccolto veloce e gustoso, questi ravanelli riempiranno il tuo giardino di colore e la tua tavola di sapore. Ordina oggi e inizia a raccogliere in soli 18 giorni!  <\/p>\n","protected":false},"featured_media":33962,"comment_status":"open","ping_status":"closed","template":"","meta":{"_acf_changed":false},"product_brand":[],"product_cat":[436,441],"product_tag":[1577],"class_list":{"0":"post-49185","1":"product","2":"type-product","3":"status-publish","4":"has-post-thumbnail","6":"product_cat-semi-biologici","7":"product_cat-semi-di-radice-biologici","8":"product_tag-eco","10":"first","11":"instock","12":"taxable","13":"shipping-taxable","14":"purchasable","15":"product-type-simple"},"acf":[],"_links":{"self":[{"href":"https:\/\/cultivers.es\/it\/wp-json\/wp\/v2\/product\/49185","targetHints":{"allow":["GET"]}}],"collection":[{"href":"https:\/\/cultivers.es\/it\/wp-json\/wp\/v2\/product"}],"about":[{"href":"https:\/\/cultivers.es\/it\/wp-json\/wp\/v2\/types\/product"}],"replies":[{"embeddable":true,"href":"https:\/\/cultivers.es\/it\/wp-json\/wp\/v2\/comments?post=49185"}],"wp:featuredmedia":[{"embeddable":true,"href":"https:\/\/cultivers.es\/it\/wp-json\/wp\/v2\/media\/33962"}],"wp:attachment":[{"href":"https:\/\/cultivers.es\/it\/wp-json\/wp\/v2\/media?parent=49185"}],"wp:term":[{"taxonomy":"product_brand","embeddable":true,"href":"https:\/\/cultivers.es\/it\/wp-json\/wp\/v2\/product_brand?post=49185"},{"taxonomy":"product_cat","embeddable":true,"href":"https:\/\/cultivers.es\/it\/wp-json\/wp\/v2\/product_cat?post=49185"},{"taxonomy":"product_tag","embeddable":true,"href":"https:\/\/cultivers.es\/it\/wp-json\/wp\/v2\/product_tag?post=49185"}],"curies":[{"name":"wp","href":"https:\/\/api.w.org\/{rel}","templated":true}]}}