{"id":49189,"date":"2024-09-11T13:32:03","date_gmt":"2024-09-11T13:32:03","guid":{"rendered":"https:\/\/cultivers.es\/abonos\/semi-di-lino-comuni\/"},"modified":"2024-09-11T13:32:03","modified_gmt":"2024-09-11T13:32:03","slug":"semi-di-lino-comuni","status":"publish","type":"product","link":"https:\/\/cultivers.es\/it\/fertilizzanti\/semi-di-lino-comuni\/","title":{"rendered":"Semi di lino comuni"},"content":{"rendered":"","protected":false},"excerpt":{"rendered":"<p>Coltiva una pianta versatile e benefica con i nostri semi di lino comune biologici. Oltre a essere una pianta ornamentale per i suoi delicati fiori blu, il lino comune \u00e8 noto per i suoi semi, ricchi di acidi grassi omega-3, fibre e antiossidanti. Questa coltura \u00e8 perfetta sia per aumentare la biodiversit\u00e0 del tuo giardino sia per raccogliere i suoi preziosi semi, ideali da integrare in una dieta sana.  <\/p>\n<ul>\n<li><strong>Fiori delicati e attraenti: il<\/strong> lino comune produce bellissimi fiori blu che abbelliscono il tuo giardino, attirando impollinatori come api e farfalle, il che contribuisce a mantenere la biodiversit\u00e0 nel tuo giardino.<\/li>\n<li><strong>Semi nutrienti:<\/strong> i semi di lino sono famosi per il loro alto contenuto di acidi grassi omega-3, fibre e antiossidanti, che li rendono un&#8217;ottima aggiunta a una dieta equilibrata. Possono essere consumati in pane, insalate, frullati e altro ancora. <\/li>\n<li><strong>Versatilit\u00e0 in giardino: il<\/strong> lino non \u00e8 utile solo per l&#8217;alimentazione, ma migliora anche la struttura del terreno, aiutando a legare i nutrienti essenziali e fornendo un&#8217;efficace pacciamatura.<\/li>\n<li><strong>Facile da coltivare: il<\/strong> lino comune \u00e8 una pianta resistente che si adatta bene a una variet\u00e0 di condizioni climatiche e di terreno, rendendola ideale sia per i giardinieri alle prime armi che per quelli pi\u00f9 esperti. Pu\u00f2 essere coltivato negli orti o anche in grandi vasi. <\/li>\n<li><strong>Coltivazione biologica:<\/strong> i nostri semi di lino comune sono 100% biologici e garantiscono una crescita priva di sostanze chimiche e pesticidi, ideale per chi cerca una produzione naturale e sostenibile.<\/li>\n<\/ul>\n<p>Abbellisci il tuo giardino e migliora la tua dieta con i semi di lino comune biologici. Goditi i suoi fiori delicati e raccogli i suoi preziosi semi per un uso sano e nutriente: ordina oggi stesso e coltiva questa pianta multifunzionale nel tuo giardino biologico!  <\/p>\n","protected":false},"featured_media":33978,"comment_status":"open","ping_status":"closed","template":"","meta":{"_acf_changed":false},"product_brand":[],"product_cat":[436,484],"product_tag":[1577],"woo-feed-brand":[],"class_list":{"0":"post-49189","1":"product","2":"type-product","3":"status-publish","4":"has-post-thumbnail","6":"product_cat-semi-biologici","7":"product_cat-semi-di-fiori-biologici","8":"product_tag-eco","10":"first","11":"instock","12":"taxable","13":"shipping-taxable","14":"purchasable","15":"product-type-simple"},"acf":[],"_links":{"self":[{"href":"https:\/\/cultivers.es\/it\/wp-json\/wp\/v2\/product\/49189","targetHints":{"allow":["GET"]}}],"collection":[{"href":"https:\/\/cultivers.es\/it\/wp-json\/wp\/v2\/product"}],"about":[{"href":"https:\/\/cultivers.es\/it\/wp-json\/wp\/v2\/types\/product"}],"replies":[{"embeddable":true,"href":"https:\/\/cultivers.es\/it\/wp-json\/wp\/v2\/comments?post=49189"}],"wp:featuredmedia":[{"embeddable":true,"href":"https:\/\/cultivers.es\/it\/wp-json\/wp\/v2\/media\/33978"}],"wp:attachment":[{"href":"https:\/\/cultivers.es\/it\/wp-json\/wp\/v2\/media?parent=49189"}],"wp:term":[{"taxonomy":"product_brand","embeddable":true,"href":"https:\/\/cultivers.es\/it\/wp-json\/wp\/v2\/product_brand?post=49189"},{"taxonomy":"product_cat","embeddable":true,"href":"https:\/\/cultivers.es\/it\/wp-json\/wp\/v2\/product_cat?post=49189"},{"taxonomy":"product_tag","embeddable":true,"href":"https:\/\/cultivers.es\/it\/wp-json\/wp\/v2\/product_tag?post=49189"},{"taxonomy":"woo-feed-brand","embeddable":true,"href":"https:\/\/cultivers.es\/it\/wp-json\/wp\/v2\/woo-feed-brand?post=49189"}],"curies":[{"name":"wp","href":"https:\/\/api.w.org\/{rel}","templated":true}]}}