{"id":50357,"date":"2025-10-23T08:38:14","date_gmt":"2025-10-23T08:38:14","guid":{"rendered":"https:\/\/cultivers.es\/abonos\/concime-verde-lupino-giallo\/"},"modified":"2026-03-14T10:03:44","modified_gmt":"2026-03-14T10:03:44","slug":"concime-verde-lupino-giallo","status":"publish","type":"product","link":"https:\/\/cultivers.es\/it\/fertilizzanti\/concime-verde-lupino-giallo\/","title":{"rendered":"Concime verde Lupino Giallo Eco"},"content":{"rendered":"<p>Il lupino giallo, noto anche come lupinaccio, \u00e8 una pianta straordinaria per chi vuole migliorare il proprio giardino o le proprie coltivazioni in modo sostenibile. Come sovescio, \u00e8 una fonte naturale di azoto che rigenera il terreno senza bisogno di fertilizzanti chimici, contribuendo a un&#8217;agricoltura pi\u00f9 ecologica e responsabile. <\/p>\n<p>La sua versatilit\u00e0 la rende una scelta eccellente sia per i frutteti che per i giardini ornamentali. La sua capacit\u00e0 di fissare l&#8217;azoto atmosferico nel terreno grazie alla simbiosi con i batteri del genere Rhizobium le permette di migliorare i nutrienti del suolo e di preparare il terreno per le colture successive. \u00c8 ideale nelle rotazioni agricole, come coltura di copertura per proteggere dall&#8217;erosione e come barriera vivente contro le erbacce.  <\/p>\n<p>Anche visivamente \u00e8 un gioiello: i suoi fiori giallo intenso conferiscono un&#8217;aria allegra e campestre a qualsiasi spazio. Attira naturalmente gli impollinatori come api e farfalle, promuovendo un micro-ecosistema sano. Infatti, uno dei suoi principali punti di forza \u00e8 la sua adattabilit\u00e0: cresce molto bene in terreni ben drenati e leggermente acidi e in zone soleggiate e pu\u00f2 essere piantata anche in vaso, il che la rende una scelta eccellente per balconi, patii o piccoli giardini.  <\/p>\n<p>Facile da piantare, a bassa manutenzione e con molteplici funzioni estetiche, ecologiche e agronomiche, il lupino giallo \u00e8 un investimento nella salute del suolo, nella biodiversit\u00e0 e nella bellezza naturale. Perfetto per chi pratica il giardinaggio sostenibile o desidera incorporare tecniche di agricoltura rigenerativa, il lupino giallo \u00e8 molto pi\u00f9 di una pianta: \u00e8 uno strumento vivo al servizio del tuo terreno. <\/p>\n","protected":false},"excerpt":{"rendered":"<p>Concime verde naturale ed efficace: il lupino giallo \u00e8 un legume ideale per arricchire il terreno di azoto in modo naturale, migliorando la struttura del suolo senza dover ricorrere a fertilizzanti chimici.<\/p>\n<p>Ideale come pacciamatura organica: la coltivazione del lupino \u00e8 una coltura di copertura vivente che protegge il tuo frutteto o il tuo giardino dall&#8217;erosione e dalle erbacce, promuovendo la biodiversit\u00e0 e prevenendo l&#8217;impoverimento del suolo.<\/p>\n<p>\ud83c\udf1e Facile da coltivare e a bassa manutenzione: questa pianta predilige terreni leggermente acidi e ben drenati e posizioni soleggiate. \u00c8 perfetta per giardinieri esperti e principianti che cercano risultati semplici. <\/p>\n<p>Amica degli impollinatori: i suoi vivaci fiori gialli non solo abbelliscono il tuo giardino, ma attraggono anche api e farfalle, aiutando a impollinare le colture vicine e promuovendo ecosistemi sani.<\/p>\n<p>Adatto a contenitori e giardini di campagna: grazie al suo portamento compatto e alla facilit\u00e0 di adattamento, il lupino giallo prospera in contenitori e giardini rustici, diventando una scelta sia decorativa che utile.<\/p>\n","protected":false},"featured_media":50001,"comment_status":"open","ping_status":"closed","template":"","meta":{"_acf_changed":false},"product_brand":[],"product_cat":[1291],"product_tag":[1577],"class_list":{"0":"post-50357","1":"product","2":"type-product","3":"status-publish","4":"has-post-thumbnail","6":"product_cat-coperture-vegetali-per-fertilizzanti-verdi","7":"product_tag-eco","9":"first","10":"instock","11":"taxable","12":"shipping-taxable","13":"purchasable","14":"product-type-simple"},"acf":[],"_links":{"self":[{"href":"https:\/\/cultivers.es\/it\/wp-json\/wp\/v2\/product\/50357","targetHints":{"allow":["GET"]}}],"collection":[{"href":"https:\/\/cultivers.es\/it\/wp-json\/wp\/v2\/product"}],"about":[{"href":"https:\/\/cultivers.es\/it\/wp-json\/wp\/v2\/types\/product"}],"replies":[{"embeddable":true,"href":"https:\/\/cultivers.es\/it\/wp-json\/wp\/v2\/comments?post=50357"}],"wp:featuredmedia":[{"embeddable":true,"href":"https:\/\/cultivers.es\/it\/wp-json\/wp\/v2\/media\/50001"}],"wp:attachment":[{"href":"https:\/\/cultivers.es\/it\/wp-json\/wp\/v2\/media?parent=50357"}],"wp:term":[{"taxonomy":"product_brand","embeddable":true,"href":"https:\/\/cultivers.es\/it\/wp-json\/wp\/v2\/product_brand?post=50357"},{"taxonomy":"product_cat","embeddable":true,"href":"https:\/\/cultivers.es\/it\/wp-json\/wp\/v2\/product_cat?post=50357"},{"taxonomy":"product_tag","embeddable":true,"href":"https:\/\/cultivers.es\/it\/wp-json\/wp\/v2\/product_tag?post=50357"}],"curies":[{"name":"wp","href":"https:\/\/api.w.org\/{rel}","templated":true}]}}