{"id":50363,"date":"2025-10-23T08:49:55","date_gmt":"2025-10-23T08:49:55","guid":{"rendered":"https:\/\/cultivers.es\/abonos\/concime-verde-lupino-bianco\/"},"modified":"2025-10-23T08:49:55","modified_gmt":"2025-10-23T08:49:55","slug":"concime-verde-lupino-bianco","status":"publish","type":"product","link":"https:\/\/cultivers.es\/it\/fertilizzanti\/concime-verde-lupino-bianco\/","title":{"rendered":"Concime verde Lupino bianco"},"content":{"rendered":"<p>Il lupino bianco (Lupinus albus) ha dimostrato di essere una delle migliori opzioni quando si cerca una coltura di copertura o un sovescio che migliori la struttura del suolo, controlli l&#8217;erosione e apporti nutrienti in modo naturale. Questa leguminosa annuale \u00e8 in grado di fissare l&#8217;azoto atmosferico attraverso la simbiosi con i batteri del suolo, il che la rende un alleato nelle rotazioni agricole o nei frutteti dove l&#8217;obiettivo \u00e8 recuperare o mantenere la fertilit\u00e0 senza un elevato apporto chimico. <\/p>\n<p>Il suo sistema di radici \u00e8 profondo e diffuso, favorendo l&#8217;infiltrazione dell&#8217;acqua e il miglioramento dei terreni poveri o leggeri. Secondo alcuni studi condotti nelle regioni mediterranee, il lupino migliora la capacit\u00e0 del suolo di filtrare l&#8217;acqua e riduce la lisciviazione dei nutrienti quando viene utilizzato come pacciamatura durante l&#8217;autunno e l&#8217;inverno. <\/p>\n<p>Per quanto riguarda le esigenze agronomiche, il lupino bianco preferisce terreni ben drenati con un pH moderatamente acido o neutro ed evita i terreni molto calcarei o con ristagni d&#8217;acqua.<\/p>\n<p>Pu\u00f2 essere seminata direttamente in campo senza trapianto, il che facilita il suo inserimento come sovescio anche per chi gestisce orti o piccoli appezzamenti.<\/p>\n<p>L&#8217;utilit\u00e0 di questa coltura di copertura non sta solo nel fornire materia organica alla fine del suo ciclo - quando pu\u00f2 essere interrata o incorporata nel terreno - ma anche nel promuovere la biodiversit\u00e0 del suolo e dell&#8217;ecosistema circostante: migliorando la vita microbica, attirando insetti benefici e riducendo la pressione delle erbe infestanti.<\/p>\n<p>In breve, incorporare il lupino bianco nel tuo piano di rotazione o nell&#8217;orto biologico non significa semplicemente piantare un&#8217;altra leguminosa, bens\u00ec un metodo agronomico collaudato che combina facilit\u00e0 di coltivazione, bassa manutenzione, miglioramento del suolo e sostenibilit\u00e0.<\/p>\n","protected":false},"excerpt":{"rendered":"<p>Copertura del suolo azotofissatrice: il lupino bianco agisce come legume miglioratore del terreno, arricchendo il suolo di azoto per fissazione biologica e fornendo una massa verde importante per le rotazioni e i maggesi.<\/p>\n<p>Ideale per terreni poveri ed erosione controllata: questa variet\u00e0 prospera anche in terreni leggeri o poco fertili e, grazie al suo apparato radicale profondo, migliora l&#8217;infiltrazione e riduce la perdita di nutrienti.<\/p>\n<p>Tollerante e versatile in ambienti agricoli e orticoli: pu\u00f2 essere seminata in autunno o alla fine dell&#8217;inverno, richiede terreni ben drenati, con un pH moderato e rappresenta una scelta eccellente per le colture di copertura nei climi mediterranei.<\/p>\n<p>Bassa manutenzione e nessuna necessit\u00e0 di azoto aggiuntivo: essendo una leguminosa fissativa, non richiede grandi apporti di fertilizzanti azotati e si adatta bene ai sistemi agricoli sostenibili.<\/p>\n<p>Doppia funzione: agricola ed estetica: sebbene il suo uso principale sia quello agronomico, con i suoi fiori bianchi\/blu pu\u00f2 contribuire alla biodiversit\u00e0 del giardino o del frutteto, attirare gli impollinatori e migliorare l&#8217;aspetto visivo della copertura del suolo.<\/p>\n","protected":false},"featured_media":50008,"comment_status":"open","ping_status":"closed","template":"","meta":{"_acf_changed":false},"product_brand":[],"product_cat":[1291],"product_tag":[1577],"class_list":{"0":"post-50363","1":"product","2":"type-product","3":"status-publish","4":"has-post-thumbnail","6":"product_cat-coperture-vegetali-per-fertilizzanti-verdi","7":"product_tag-eco","9":"first","10":"instock","11":"taxable","12":"shipping-taxable","13":"purchasable","14":"product-type-simple"},"acf":[],"_links":{"self":[{"href":"https:\/\/cultivers.es\/it\/wp-json\/wp\/v2\/product\/50363","targetHints":{"allow":["GET"]}}],"collection":[{"href":"https:\/\/cultivers.es\/it\/wp-json\/wp\/v2\/product"}],"about":[{"href":"https:\/\/cultivers.es\/it\/wp-json\/wp\/v2\/types\/product"}],"replies":[{"embeddable":true,"href":"https:\/\/cultivers.es\/it\/wp-json\/wp\/v2\/comments?post=50363"}],"wp:featuredmedia":[{"embeddable":true,"href":"https:\/\/cultivers.es\/it\/wp-json\/wp\/v2\/media\/50008"}],"wp:attachment":[{"href":"https:\/\/cultivers.es\/it\/wp-json\/wp\/v2\/media?parent=50363"}],"wp:term":[{"taxonomy":"product_brand","embeddable":true,"href":"https:\/\/cultivers.es\/it\/wp-json\/wp\/v2\/product_brand?post=50363"},{"taxonomy":"product_cat","embeddable":true,"href":"https:\/\/cultivers.es\/it\/wp-json\/wp\/v2\/product_cat?post=50363"},{"taxonomy":"product_tag","embeddable":true,"href":"https:\/\/cultivers.es\/it\/wp-json\/wp\/v2\/product_tag?post=50363"}],"curies":[{"name":"wp","href":"https:\/\/api.w.org\/{rel}","templated":true}]}}