{"id":17520,"date":"2021-09-13T11:30:39","date_gmt":"2021-09-13T11:30:39","guid":{"rendered":"https:\/\/cultivers.es\/politica-de-cookies\/"},"modified":"2023-09-16T18:26:27","modified_gmt":"2023-09-16T18:26:27","slug":"politica-de-cookies","status":"publish","type":"page","link":"https:\/\/cultivers.es\/pt-pt\/politica-de-cookies\/","title":{"rendered":"Pol\u00edtica de cookies"},"content":{"rendered":"\n<p><strong>Conceito de cookies<\/strong><br\/>Os cookies s\u00e3o uma ferramenta utilizada pelos servidores Web para armazenar e recuperar informa\u00e7\u00f5es sobre os seus visitantes ou utilizadores.<br\/>N\u00e3o \u00e9 mais do que um ficheiro de texto que alguns servidores instalam durante a navega\u00e7\u00e3o e que lhes permite conhecer informa\u00e7\u00f5es como: o local a partir do qual acede, o tempo de liga\u00e7\u00e3o, o dispositivo a partir do qual acede (fixo ou m\u00f3vel), o sistema operativo e o browser utilizado, as p\u00e1ginas mais visitadas, o n\u00famero de cliques efectuados e dados relativos ao comportamento do utilizador no s\u00edtio Web.<br\/>Internet.<br\/>N\u00e3o fornecem refer\u00eancias que permitam deduzir o nome e o apelido do utilizador e n\u00e3o podem ler dados do disco r\u00edgido do utilizador ou incluir v\u00edrus no equipamento do utilizador.<br\/>Do mesmo modo, n\u00e3o pode ler os cookies implantados no disco r\u00edgido do utilizador a partir de outros servidores. Porque \u00e9 que s\u00e3o importantes?<br\/>O s\u00edtio Web \u00e9 acess\u00edvel sem necessidade de ativar os cookies, embora a sua desativa\u00e7\u00e3o possa impedir que o s\u00edtio Web funcione corretamente.<br\/>De um ponto de vista t\u00e9cnico, os cookies permitem que os s\u00edtios Web funcionem de forma mais \u00e1gil e adaptada \u00e0s prefer\u00eancias dos utilizadores, como a memoriza\u00e7\u00e3o da l\u00edngua, a moeda do pa\u00eds ou a dete\u00e7\u00e3o do dispositivo de acesso.<br\/>Estabelecem n\u00edveis de prote\u00e7\u00e3o e seguran\u00e7a que impedem ou dificultam os ciberataques contra o s\u00edtio Web ou os seus utilizadores e permitem aos gestores dos meios de comunica\u00e7\u00e3o social obter dados estat\u00edsticos recolhidos para melhorar a qualidade e a experi\u00eancia dos seus servi\u00e7os. S\u00e3o utilizados para otimizar a publicidade que mostramos aos utilizadores, oferecendo a publicidade que melhor corresponde aos seus interesses.<\/p>\n\n<p><strong>Autoriza\u00e7\u00e3o para a utiliza\u00e7\u00e3o de cookies<\/strong><\/p>\n\n<p>Um aviso de cookies aparece no s\u00edtio Web, que o utilizador ou visitante pode aceitar, consentindo no seguinte<br\/>consente expressamente a utiliza\u00e7\u00e3o de cookies, tal como indicado abaixo.<br\/>O utilizador pode configurar o seu navegador para rejeitar todos os cookies por defeito ou para receber um aviso no ecr\u00e3 sobre a rece\u00e7\u00e3o de cada cookie e decidir se quer ou n\u00e3o instal\u00e1-los no seu disco r\u00edgido.<br\/>Configura\u00e7\u00e3o do navegador A ECOFORCE S.L. recorda aos seus utilizadores que a utiliza\u00e7\u00e3o de cookies pode estar sujeita \u00e0 sua aceita\u00e7\u00e3o durante a instala\u00e7\u00e3o ou atualiza\u00e7\u00e3o do navegador utilizado por eles.<\/p>\n\n<p><strong>ECOFORCE S.L. Pol\u00edtica de Cookies<\/strong><\/p>\n\n<p>Esta aceita\u00e7\u00e3o pode ser revogada atrav\u00e9s das defini\u00e7\u00f5es de conte\u00fado e privacidade.<br\/>dispon\u00edveis no mesmo. O Titular recomenda aos seus utilizadores que consultem a ajuda do seu browser ou<br\/>aceder \u00e0s p\u00e1ginas Web de ajuda dos principais navegadores: Firefox, Internet Explorer, Safari,<br\/>Cromado.<br\/>Para mais informa\u00e7\u00f5es sobre como revogar o consentimento dado ou sobre o procedimento<br\/>para desativar os cookies, bem como para colocar quaisquer quest\u00f5es sobre a Pol\u00edtica de Cookies, pode<br\/>contactar o titular atrav\u00e9s do seguinte endere\u00e7o eletr\u00f3nico<br\/>ADMINISTRACION@FERTILIZANTESECOFORCE.ES indicando &#8220;Pol\u00edtica de cookies&#8221; no<br\/>quest\u00e3o.<\/p>\n\n<p><strong>Tipos de cookies utilizados na Web<\/strong><br\/>Os utilizadores que navegam no s\u00edtio Web podem encontrar cookies inseridos diretamente pelo propriet\u00e1rio, ou cookies inseridos por outras entidades que n\u00e3o o propriet\u00e1rio, conforme detalhado nas sec\u00e7\u00f5es seguintes:<br\/>(indicar os tipos de cookies utilizados)<\/p>\n\n<p>* <strong> Cookies de sess\u00e3o<\/strong>, que expiram quando o utilizador abandona a p\u00e1gina ou fecha o browser, ou seja, est\u00e3o activos durante a visita ao s\u00edtio Web e s\u00e3o, por conseguinte, eliminados do nosso computador quando o utilizador o abandona.<\/p>\n\n<p>* <strong> Cookies permanentes<\/strong>, expiram quando a finalidade para a qual s\u00e3o utilizados \u00e9 cumprida ou quando s\u00e3o eliminados manualmente, t\u00eam uma data de elimina\u00e7\u00e3o e s\u00e3o normalmente utilizados no processo de compra em linha, personaliza\u00e7\u00e3o ou registo, para que n\u00e3o seja necess\u00e1rio introduzir constantemente uma palavra-passe.<br\/>Em fun\u00e7\u00e3o da entidade que gere o equipamento ou dom\u00ednio a partir do qual os cookies s\u00e3o enviados e trata os dados obtidos, podemos distinguir entre cookies pr\u00f3prios e de terceiros.<\/p>\n\n<p>* <strong> Os cookies pr\u00f3prios<\/strong> s\u00e3o aqueles que s\u00e3o enviados para o computador do utilizador e que s\u00e3o geridos exclusivamente por n\u00f3s para o melhor funcionamento do s\u00edtio Web. As informa\u00e7\u00f5es que recolhemos s\u00e3o utilizadas para melhorar a qualidade do nosso servi\u00e7o e a sua experi\u00eancia de utilizador.<\/p>\n\n<p>* <strong> Cookies<\/strong> de terceiros, quando o utilizador interage com o conte\u00fado do nosso s\u00edtio Web, podem tamb\u00e9m ser definidos cookies de terceiros (por exemplo, ao clicar em bot\u00f5es de redes sociais ou ao ver v\u00eddeos alojados noutro s\u00edtio Web), que s\u00e3o os definidos por um dom\u00ednio diferente do nosso s\u00edtio Web. N\u00e3o podemos aceder aos dados armazenados nos cookies de outros s\u00edtios Web quando o utilizador navega nesses s\u00edtios.<\/p>\n","protected":false},"excerpt":{"rendered":"<p>Conceito de cookiesOs cookies s\u00e3o uma ferramenta utilizada pelos servidores Web para armazenar e recuperar informa\u00e7\u00f5es sobre os seus visitantes ou utilizadores.N\u00e3o \u00e9 mais do que um ficheiro de texto que alguns servidores instalam durante a navega\u00e7\u00e3o e que lhes permite conhecer informa\u00e7\u00f5es como: o local a partir do qual acede, o tempo de liga\u00e7\u00e3o, [&hellip;]<\/p>\n","protected":false},"author":1,"featured_media":0,"parent":0,"menu_order":0,"comment_status":"closed","ping_status":"closed","template":"","meta":{"_acf_changed":false,"footnotes":""},"class_list":["post-17520","page","type-page","status-publish","hentry"],"acf":[],"_links":{"self":[{"href":"https:\/\/cultivers.es\/pt-pt\/wp-json\/wp\/v2\/pages\/17520","targetHints":{"allow":["GET"]}}],"collection":[{"href":"https:\/\/cultivers.es\/pt-pt\/wp-json\/wp\/v2\/pages"}],"about":[{"href":"https:\/\/cultivers.es\/pt-pt\/wp-json\/wp\/v2\/types\/page"}],"author":[{"embeddable":true,"href":"https:\/\/cultivers.es\/pt-pt\/wp-json\/wp\/v2\/users\/1"}],"replies":[{"embeddable":true,"href":"https:\/\/cultivers.es\/pt-pt\/wp-json\/wp\/v2\/comments?post=17520"}],"version-history":[{"count":0,"href":"https:\/\/cultivers.es\/pt-pt\/wp-json\/wp\/v2\/pages\/17520\/revisions"}],"wp:attachment":[{"href":"https:\/\/cultivers.es\/pt-pt\/wp-json\/wp\/v2\/media?parent=17520"}],"curies":[{"name":"wp","href":"https:\/\/api.w.org\/{rel}","templated":true}]}}