{"id":20624,"date":"2020-05-28T16:59:04","date_gmt":"2020-05-28T16:59:04","guid":{"rendered":"https:\/\/cultivers.es\/politica-de-privacidade-2\/"},"modified":"2023-09-18T12:16:00","modified_gmt":"2023-09-18T12:16:00","slug":"politica-de-privacidade-2","status":"publish","type":"page","link":"https:\/\/cultivers.es\/pt-pt\/politica-de-privacidade-2\/","title":{"rendered":"Pol\u00edtica de privacidade"},"content":{"rendered":"\n<p>ECOFORCE S.L com CIF B54671656 com endere\u00e7o em CALLE MAESTRO SERRANO,1, ALICANTE (EL VERGEL), 03770 \u00e9 o propriet\u00e1rio do site WWW.FERTILIZANTESECOFORCE.ES e \u00e9 respons\u00e1vel pelo tratamento dos dados pessoais fornecidos pelos utilizadores atrav\u00e9s deste site.<\/p>\n\n<p>A ECOFORCE S.L. informa os utilizadores deste site sobre a sua pol\u00edtica relativa ao tratamento e prote\u00e7\u00e3o dos dados pessoais dos utilizadores e clientes que possam ser recolhidos atrav\u00e9s da navega\u00e7\u00e3o e utiliza\u00e7\u00e3o deste site.<br\/>O objetivo deste documento \u00e9 informar os utilizadores sobre o que fazemos com os seus dados pessoais, como s\u00e3o recolhidos, para que s\u00e3o utilizados, os direitos que lhes assistem e todas as informa\u00e7\u00f5es necess\u00e1rias estabelecidas pela legisla\u00e7\u00e3o em vigor.<\/p>\n\n<p>Ao utilizar este s\u00edtio Web, consideramos que o utilizador leu e compreendeu as informa\u00e7\u00f5es apresentadas relativamente ao tratamento dos seus dados pessoais.<br\/>O nosso principal objetivo \u00e9 tratar os dados pessoais de uma forma legal, justa e transparente.<\/p>\n\n<p><strong>Dados recolhidos, finalidade e legalidade<\/strong><br\/>Os dados pessoais tratados s\u00e3o os fornecidos pelos utilizadores atrav\u00e9s dos formul\u00e1rios dispon\u00edveis neste s\u00edtio Web e s\u00e3o os m\u00ednimos necess\u00e1rios para lhe enviar informa\u00e7\u00f5es sobre os nossos produtos\/servi\u00e7os, para efetuar encomendas, bem como para elaborar as facturas correspondentes, informar sobre o estado das encomendas, atender reclama\u00e7\u00f5es e qualquer outra gest\u00e3o derivada da presta\u00e7\u00e3o do servi\u00e7o fornecido atrav\u00e9s deste s\u00edtio Web.<br\/>Estas finalidades baseiam-se em princ\u00edpios legais para o tratamento de dados recolhidos ao abrigo da legisla\u00e7\u00e3o em vigor: para a execu\u00e7\u00e3o de um contrato ou a presta\u00e7\u00e3o de um servi\u00e7o aos utilizadores, para o cumprimento de obriga\u00e7\u00f5es legais, por interesse leg\u00edtimo e com o consentimento dos utilizadores.<\/p>\n\n<p>Dados recolhidos para o pedido de informa\u00e7\u00f5es atrav\u00e9s do formul\u00e1rio Web.<br\/>Os dados pessoais recolhidos atrav\u00e9s do formul\u00e1rio Web para o pedido de informa\u00e7\u00f5es destinam-se ao envio de informa\u00e7\u00f5es comerciais sobre os nossos produtos e servi\u00e7os.<br\/>O tratamento de dados neste caso espec\u00edfico \u00e9 legitimado pelo consentimento expresso que nos d\u00e1 ao aceitar enviar as informa\u00e7\u00f5es fornecidas atrav\u00e9s do formul\u00e1rio.<\/p>\n\n<p><strong>Opera\u00e7\u00f5es efectuadas com dados pessoais<\/strong><\/p>\n\n<p>Os dados pessoais s\u00e3o registados atrav\u00e9s do s\u00edtio Web e armazenados em meios electr\u00f3nicos controlados e supervisionados pelo respons\u00e1vel pelo tratamento de dados. Os meios de comunica\u00e7\u00e3o est\u00e3o equipados com as medidas t\u00e9cnicas e organizativas necess\u00e1rias para garantir a devida confidencialidade no tratamento dos dados.<br\/>O pessoal envolvido nas opera\u00e7\u00f5es de tratamento de dados: acesso, edi\u00e7\u00e3o, elimina\u00e7\u00e3o, etc&#8230; tem forma\u00e7\u00e3o e est\u00e1 empenhado na nossa pol\u00edtica de prote\u00e7\u00e3o de dados.<\/p>\n\n<p><strong>Pol\u00edtica de privacidade da ECOFORCE S.L.<\/strong><\/p>\n\n<p><strong>Reten\u00e7\u00e3o de dados<\/strong><br\/>Os dados pessoais ser\u00e3o conservados durante o tempo necess\u00e1rio para cumprir a finalidade ou finalidades para as quais foram recolhidos.<br\/>Por conseguinte, conservaremos as suas informa\u00e7\u00f5es pessoais enquanto existir uma rela\u00e7\u00e3o contratual e\/ou comercial com o utilizador ou enquanto este n\u00e3o exercer o seu direito ao apagamento, cancelamento e\/ou limita\u00e7\u00e3o do tratamento dos seus dados.<br\/>Nestes casos, conservaremos os dados devidamente bloqueados, sem fazer qualquer uso dos mesmos, durante o tempo que for necess\u00e1rio para o exerc\u00edcio ou a defesa de reclama\u00e7\u00f5es, ou enquanto do seu tratamento puder resultar qualquer tipo de responsabilidade judicial, legal ou contratual, que deva ser atendida e para a qual seja necess\u00e1ria a sua recupera\u00e7\u00e3o.<\/p>\n\n<p><strong>Prote\u00e7\u00e3o de menores<\/strong><br\/>Este s\u00edtio Web n\u00e3o se destina a utilizadores menores de idade. Se for menor de idade, n\u00e3o tente registar-se como utilizador. Se descobrirmos que obtivemos inadvertidamente informa\u00e7\u00f5es pessoais de uma crian\u00e7a, eliminaremos essas informa\u00e7\u00f5es o mais rapidamente poss\u00edvel.<\/p>\n\n<p><strong>Destinat\u00e1rios dos seus dados pessoais<\/strong><br\/>Informamos os utilizadores de que os seus dados pessoais n\u00e3o ser\u00e3o comunicados a terceiros, exceto se essa comunica\u00e7\u00e3o de dados estiver abrangida por uma obriga\u00e7\u00e3o legal ou se, para a correcta presta\u00e7\u00e3o do servi\u00e7o ou a execu\u00e7\u00e3o do contrato, for necess\u00e1rio comunicar os seus dados a outros respons\u00e1veis pelo tratamento de dados, como outras empresas do grupo, processadores de dados.<br\/>Nos casos em que a comunica\u00e7\u00e3o de dados a terceiros n\u00e3o esteja abrangida pelas bases legais estabelecidas na sec\u00e7\u00e3o anterior, a comunica\u00e7\u00e3o de dados a outros destinat\u00e1rios s\u00f3 ter\u00e1 lugar se o utilizador tiver dado o seu consentimento expresso.<br\/>A ECOFORCE S.L. mant\u00e9m crit\u00e9rios rigorosos para a sele\u00e7\u00e3o dos respons\u00e1veis pelo tratamento de dados e compromete-se contratualmente com cada um deles a cumprir e a fazer cumprir as obriga\u00e7\u00f5es estabelecidas em mat\u00e9ria de prote\u00e7\u00e3o de dados.<br\/>Pode obter mais informa\u00e7\u00f5es sobre o tratamento de dados pessoais pela nossa organiza\u00e7\u00e3o clicando na seguinte liga\u00e7\u00e3o:<\/p>\n\n<p><strong>Exerc\u00edcio de direitos<\/strong><br\/>Em conformidade com os direitos conferidos pela legisla\u00e7\u00e3o em vigor em mat\u00e9ria de prote\u00e7\u00e3o de dados pessoais, os utilizadores podem exercer os seus direitos de acesso, retifica\u00e7\u00e3o, limita\u00e7\u00e3o do tratamento, supress\u00e3o, portabilidade e oposi\u00e7\u00e3o ao tratamento dos seus dados, enviando o seu pedido para o endere\u00e7o postal indicado ou para o endere\u00e7o eletr\u00f3nico ADMINISTRACION@FERTILIZANTESECOFORCE.ES.<br\/>Pol\u00edtica de privacidade da ECOFORCE S.L.<\/p>\n\n<p>Para exercer os seus direitos, deve identificar-se apresentando o seu bilhete de identidade.<br\/>Se tiver alguma queixa, contacte-nos para o mesmo endere\u00e7o. Pode tamb\u00e9m contactar o<br\/>Ag\u00eancia Espanhola de Prote\u00e7\u00e3o de Dados: www.agpd.es<\/p>\n","protected":false},"excerpt":{"rendered":"<p>ECOFORCE S.L com CIF B54671656 com endere\u00e7o em CALLE MAESTRO SERRANO,1, ALICANTE (EL VERGEL), 03770 \u00e9 o propriet\u00e1rio do site WWW.FERTILIZANTESECOFORCE.ES e \u00e9 respons\u00e1vel pelo tratamento dos dados pessoais fornecidos pelos utilizadores atrav\u00e9s deste site. A ECOFORCE S.L. informa os utilizadores deste site sobre a sua pol\u00edtica relativa ao tratamento e prote\u00e7\u00e3o dos dados pessoais [&hellip;]<\/p>\n","protected":false},"author":1,"featured_media":0,"parent":0,"menu_order":0,"comment_status":"closed","ping_status":"closed","template":"","meta":{"_acf_changed":false,"footnotes":""},"class_list":["post-20624","page","type-page","status-publish","hentry"],"acf":[],"_links":{"self":[{"href":"https:\/\/cultivers.es\/pt-pt\/wp-json\/wp\/v2\/pages\/20624","targetHints":{"allow":["GET"]}}],"collection":[{"href":"https:\/\/cultivers.es\/pt-pt\/wp-json\/wp\/v2\/pages"}],"about":[{"href":"https:\/\/cultivers.es\/pt-pt\/wp-json\/wp\/v2\/types\/page"}],"author":[{"embeddable":true,"href":"https:\/\/cultivers.es\/pt-pt\/wp-json\/wp\/v2\/users\/1"}],"replies":[{"embeddable":true,"href":"https:\/\/cultivers.es\/pt-pt\/wp-json\/wp\/v2\/comments?post=20624"}],"version-history":[{"count":0,"href":"https:\/\/cultivers.es\/pt-pt\/wp-json\/wp\/v2\/pages\/20624\/revisions"}],"wp:attachment":[{"href":"https:\/\/cultivers.es\/pt-pt\/wp-json\/wp\/v2\/media?parent=20624"}],"curies":[{"name":"wp","href":"https:\/\/api.w.org\/{rel}","templated":true}]}}