{"id":17289,"date":"2021-10-22T12:12:43","date_gmt":"2021-10-22T12:12:43","guid":{"rendered":"https:\/\/cultivers.es\/abonos\/fertilizante-organico-para-coniferas\/"},"modified":"2025-09-22T05:08:44","modified_gmt":"2025-09-22T05:08:44","slug":"fertilizante-coniferas-ecologico-ecologico","status":"publish","type":"product","link":"https:\/\/cultivers.es\/pt-pt\/fertilizantes\/fertilizante-coniferas-ecologico-ecologico\/","title":{"rendered":"Fertilizante org\u00e2nico para con\u00edferas"},"content":{"rendered":"<div class=\"detailmodule_html\" data-key=\"2\" data-slate-fragment=\"JTdCJTIyb2JqZWN0JTIyJTNBJTIyZG9jdW1lbnQlMjIlMkMlMjJkYXRhJTIyJTNBJTdCJTdEJTJDJTIybm9kZXMlMjIlM0ElNUIlN0IlMjJvYmplY3QlMjIlM0ElMjJibG9jayUyMiUyQyUyMnR5cGUlMjIlM0ElMjJkaXYlMjIlMkMlMjJpc1ZvaWQlMjIlM0FmYWxzZSUyQyUyMmRhdGElMjIlM0ElN0IlMjJjbGFzc05hbWUlMjIlM0ElMjJkZXRhaWxtb2R1bGVfaHRtbCUyMiU3RCUyQyUyMm5vZGVzJTIyJTNBJTVCJTdCJTIyb2JqZWN0JTIyJTNBJTIyYmxvY2slMjIlMkMlMjJ0eXBlJTIyJTNBJTIyZGl2JTIyJTJDJTIyaXNWb2lkJTIyJTNBZmFsc2UlMkMlMjJkYXRhJTIyJTNBJTdCJTIyY2xhc3NOYW1lJTIyJTNBJTIyZGV0YWlsLWRlc2MtZGVjb3JhdGUtcmljaHRleHQlMjIlN0QlMkMlMjJub2RlcyUyMiUzQSU1QiU3QiUyMm9iamVjdCUyMiUzQSUyMnRleHQlMjIlMkMlMjJsZWF2ZXMlMjIlM0ElNUIlN0IlMjJvYmplY3QlMjIlM0ElMjJsZWFmJTIyJTJDJTIydGV4dCUyMiUzQSUyMkZlcnRpbGl6YW50ZSUyMG9yZyVDMyVBMW5pY28lMjB2ZWdldGFsJTJDJTIwZW4lMjBmb3JtYSUyMHBlcmxhZGElMjBwYXJhJTIwbWVqb3JhciUyMGxhJTIwcGxhbnRhY2klQzMlQjNuJTIwaWRlYWwlMjBwYXJhJTIwZWwlMjBkZXNhcnJvbGxvJTIwb3B0aW1vJTIwZGUlMjBjb24lQzMlQURmZXJhcyUyMHklMjBzZXRvcy4lMjIlMkMlMjJtYXJrcyUyMiUzQSU1QiU1RCU3RCU1RCU3RCU1RCU3RCUyQyU3QiUyMm9iamVjdCUyMiUzQSUyMmJsb2NrJTIyJTJDJTIydHlwZSUyMiUzQSUyMmRpdiUyMiUyQyUyMmlzVm9pZCUyMiUzQWZhbHNlJTJDJTIyZGF0YSUyMiUzQSU3QiUyMmNsYXNzTmFtZSUyMiUzQSUyMmRldGFpbC1kZXNjLWRlY29yYXRlLXJpY2h0ZXh0JTIyJTdEJTJDJTIybm9kZXMlMjIlM0ElNUIlN0IlMjJvYmplY3QlMjIlM0ElMjJ0ZXh0JTIyJTJDJTIybGVhdmVzJTIyJTNBJTVCJTdCJTIyb2JqZWN0JTIyJTNBJTIybGVhZiUyMiUyQyUyMnRleHQlMjIlM0ElMjJDb250aWVuZSUyMG5pdHIlQzMlQjNnZW5vJTIwYSUyMGxvJTIwbGFyZ28lMjBkZSUyMHRvZGElMjBsYSUyMHRlbXBvcmFkYSUyQyUyMHByb3BvcmNpb25hbmRvJTIwdW4lMjB2ZXJkZSUyMHZpdm8lMjBlJTIwaW50ZW5zbyUyMGVuJTIwbGFzJTIwaG9qYXMlMjB5JTIwZXZpdGFuZG8lMjBlbCUyMGFtYXJyb25hbWllbnRvLiUyMiUyQyUyMm1hcmtzJTIyJTNBJTVCJTVEJTdEJTVEJTdEJTVEJTdEJTJDJTdCJTIyb2JqZWN0JTIyJTNBJTIyYmxvY2slMjIlMkMlMjJ0eXBlJTIyJTNBJTIyZGl2JTIyJTJDJTIyaXNWb2lkJTIyJTNBZmFsc2UlMkMlMjJkYXRhJTIyJTNBJTdCJTIyY2xhc3NOYW1lJTIyJTNBJTIyZGV0YWlsLWRlc2MtZGVjb3JhdGUtcmljaHRleHQlMjIlN0QlMkMlMjJub2RlcyUyMiUzQSU1QiU3QiUyMm9iamVjdCUyMiUzQSUyMnRleHQlMjIlMkMlMjJsZWF2ZXMlMjIlM0ElNUIlN0IlMjJvYmplY3QlMjIlM0ElMjJsZWFmJTIyJTJDJTIydGV4dCUyMiUzQSUyMiUyMiUyQyUyMm1hcmtzJTIyJTNBJTVCJTVEJTdEJTVEJTdEJTVEJTdEJTJDJTdCJTIyb2JqZWN0JTIyJTNBJTIyYmxvY2slMjIlMkMlMjJ0eXBlJTIyJTNBJTIyZGl2JTIyJTJDJTIyaXNWb2lkJTIyJTNBZmFsc2UlMkMlMjJkYXRhJTIyJTNBJTdCJTIyY2xhc3NOYW1lJTIyJTNBJTIyZGV0YWlsLWRlc2MtZGVjb3JhdGUtcmljaHRleHQlMjIlN0QlMkMlMjJub2RlcyUyMiUzQSU1QiU3QiUyMm9iamVjdCUyMiUzQSUyMnRleHQlMjIlMkMlMjJsZWF2ZXMlMjIlM0ElNUIlN0IlMjJvYmplY3QlMjIlM0ElMjJsZWFmJTIyJTJDJTIydGV4dCUyMiUzQSUyMkxvcyUyMHNldG9zJTIwZGViZW4lMjBjcmVjZXIlMjByJUMzJUExcGlkb3MlMjBwYXJhJTIwcXVlJTIwc2UlMjBmb3JtYW4lMjByJUMzJUExcGlkYW1lbnRlJTIweSUyMGNvbnNlZ3VpciUyMGVsJTIwZWZlY3RvJTIwYmFycmVyYSUyMGRlc2VhZG8uJTIyJTJDJTIybWFya3MlMjIlM0ElNUIlNUQlN0QlNUQlN0QlNUQlN0QlMkMlN0IlMjJvYmplY3QlMjIlM0ElMjJibG9jayUyMiUyQyUyMnR5cGUlMjIlM0ElMjJkaXYlMjIlMkMlMjJpc1ZvaWQlMjIlM0FmYWxzZSUyQyUyMmRhdGElMjIlM0ElN0IlMjJjbGFzc05hbWUlMjIlM0ElMjJkZXRhaWwtZGVzYy1kZWNvcmF0ZS1yaWNodGV4dCUyMiU3RCUyQyUyMm5vZGVzJTIyJTNBJTVCJTdCJTIyb2JqZWN0JTIyJTNBJTIydGV4dCUyMiUyQyUyMmxlYXZlcyUyMiUzQSU1QiU3QiUyMm9iamVjdCUyMiUzQSUyMmxlYWYlMjIlMkMlMjJ0ZXh0JTIyJTNBJTIyJTIyJTJDJTIybWFya3MlMjIlM0ElNUIlNUQlN0QlNUQlN0QlNUQlN0QlMkMlN0IlMjJvYmplY3QlMjIlM0ElMjJibG9jayUyMiUyQyUyMnR5cGUlMjIlM0ElMjJkaXYlMjIlMkMlMjJpc1ZvaWQlMjIlM0FmYWxzZSUyQyUyMmRhdGElMjIlM0ElN0IlMjJjbGFzc05hbWUlMjIlM0ElMjJkZXRhaWwtZGVzYy1kZWNvcmF0ZS1yaWNodGV4dCUyMiU3RCUyQyUyMm5vZGVzJTIyJTNBJTVCJTdCJTIyb2JqZWN0JTIyJTNBJTIydGV4dCUyMiUyQyUyMmxlYXZlcyUyMiUzQSU1QiU3QiUyMm9iamVjdCUyMiUzQSUyMmxlYWYlMjIlMkMlMjJ0ZXh0JTIyJTNBJTIyRW4lMjBsb3MlMjBzdWVsb3MlMjBwb2JyZXMlMjBkZWJlcmVtb3MlMjBpbmNyZW1lbnRhciUyMGxhJTIwYXBsaWNhY2klQzMlQjNuJTIwZGVsJTIwZmVydGlsaXphbnRlJTIwdW4lMjA1MCUyNS4lMjIlMkMlMjJtYXJrcyUyMiUzQSU1QiU1RCU3RCU1RCU3RCU1RCU3RCU1RCU3RCUyQyU3QiUyMm9iamVjdCUyMiUzQSUyMmJsb2NrJTIyJTJDJTIydHlwZSUyMiUzQSUyMnBhcmFncmFwaCUyMiUyQyUyMmlzVm9pZCUyMiUzQWZhbHNlJTJDJTIyZGF0YSUyMiUzQSU3QiU3RCUyQyUyMm5vZGVzJTIyJTNBJTVCJTdCJTIyb2JqZWN0JTIyJTNBJTIydGV4dCUyMiUyQyUyMmxlYXZlcyUyMiUzQSU1QiU3QiUyMm9iamVjdCUyMiUzQSUyMmxlYWYlMjIlMkMlMjJ0ZXh0JTIyJTNBJTIyJTIyJTJDJTIybWFya3MlMjIlM0ElNUIlNUQlN0QlNUQlN0QlNUQlN0QlNUQlN0Q=\">\n<div class=\"detail-desc-decorate-richtext\" data-key=\"10\"><span class=\"slate-node-text\" data-key=\"9\"><span data-offset-key=\"9:0\" data-spm-anchor-id=\"5261.product_publish.0.i13.1d454edfjM2f7r\">Adubo vegetal org\u00e2nico, em forma de p\u00e9rola para melhorar a planta\u00e7\u00e3o, ideal para o desenvolvimento \u00f3timo das con\u00edferas e das sebes.<\/span><\/span><\/div>\n<div class=\"detail-desc-decorate-richtext\" data-key=\"12\" data-spm-anchor-id=\"5261.product_publish.0.i14.1d454edfjM2f7r\"><span class=\"slate-node-text\" data-key=\"11\"><span data-offset-key=\"11:0\" data-spm-anchor-id=\"5261.product_publish.0.i12.1d454edfjM2f7r\">Cont\u00e9m azoto durante toda a esta\u00e7\u00e3o, proporcionando uma cor verde intensa e brilhante \u00e0s folhas e evitando o escurecimento.<\/span><\/span><\/div>\n<div class=\"detail-desc-decorate-richtext\" data-key=\"14\"><\/div>\n<div class=\"detail-desc-decorate-richtext\" data-key=\"16\" data-spm-anchor-id=\"5261.product_publish.0.i19.1d454edfjM2f7r\"><span class=\"slate-node-text\" data-key=\"15\"><span data-offset-key=\"15:0\" data-spm-anchor-id=\"5261.product_publish.0.i17.1d454edfjM2f7r\">As sebes devem crescer rapidamente para se formarem rapidamente e obterem o efeito de barreira desejado.<\/span><\/span><\/div>\n<div class=\"detail-desc-decorate-richtext\" data-key=\"18\" data-spm-anchor-id=\"5261.product_publish.0.i20.1d454edfjM2f7r\"><\/div>\n<div class=\"detail-desc-decorate-richtext\" data-key=\"20\"><span class=\"slate-node-text\" data-key=\"19\"><span data-offset-key=\"19:0\">Em solos pobres, a aplica\u00e7\u00e3o de fertilizantes deve ser aumentada em 50%.<\/span><\/span><\/div>\n<\/div>\n<p>Adubo org\u00e2nico para con\u00edferas com formula\u00e7\u00e3o especial para pinheiros, abetos, tuias, ciprestes e cedros. Estimula o crescimento das \u00e1rvores e das folhas, garantindo \u00e1rvores fortes e saud\u00e1veis. Fertilizante em forma de microgr\u00e2nulos de liberta\u00e7\u00e3o lenta e controlada. Fertilizante org\u00e2nico ecol\u00f3gico com NPK 8-1-5 74% M.O. e \u00c1cidos H\u00famicos. Melhora o desenvolvimento das ra\u00edzes das plantas e a absor\u00e7\u00e3o dos nutrientes. 100% natural e inofensivo para animais e plantas. Adubo ecol\u00f3gico especial para con\u00edferas e sebes (pinheiros, abetos, ciprestes e tuias). 100% de origem org\u00e2nica e natural com alta concentra\u00e7\u00e3o de NPK.       <\/p>\n","protected":false},"excerpt":{"rendered":"<ul class=\"a-unordered-list a-vertical a-spacing-mini\">\n<li><span class=\"a-list-item\">Formula\u00e7\u00e3o especial para pinheiros, abetos, abetos, thuja, ciprestes e cedros<\/span><\/li>\n<li><span class=\"a-list-item\">Melhora o crescimento das \u00e1rvores e das folhas, assegura \u00e1rvores fortes e saud\u00e1veis<\/span><\/li>\n<li><span class=\"a-list-item\">Adubo microgranulado de liberta\u00e7\u00e3o lenta e controlada<\/span><\/li>\n<li><span class=\"a-list-item\">Adubo org\u00e2nico ecol\u00f3gico com NPK 74% m.o; e \u00e1cidos h\u00famicos; melhora o desenvolvimento das ra\u00edzes das plantas e a absor\u00e7\u00e3o dos nutrientes.<\/span><\/li>\n<li><span class=\"a-list-item\">100% natural e inofensivo para animais e plantas.<\/span><\/li>\n<\/ul>\n","protected":false},"featured_media":12377,"comment_status":"open","ping_status":"closed","template":"","meta":{"_acf_changed":false},"product_brand":[],"product_cat":[324,325,323],"product_tag":[1411],"class_list":{"0":"post-17289","1":"product","2":"type-product","3":"status-publish","4":"has-post-thumbnail","6":"product_cat-coniferas-e-sebes","7":"product_cat-fertilizantes","8":"product_cat-fertilizantes-solidos","9":"product_tag-caae-pt-pt","11":"first","12":"instock","13":"taxable","14":"shipping-taxable","15":"purchasable","16":"product-type-variable"},"acf":[],"_links":{"self":[{"href":"https:\/\/cultivers.es\/pt-pt\/wp-json\/wp\/v2\/product\/17289","targetHints":{"allow":["GET"]}}],"collection":[{"href":"https:\/\/cultivers.es\/pt-pt\/wp-json\/wp\/v2\/product"}],"about":[{"href":"https:\/\/cultivers.es\/pt-pt\/wp-json\/wp\/v2\/types\/product"}],"replies":[{"embeddable":true,"href":"https:\/\/cultivers.es\/pt-pt\/wp-json\/wp\/v2\/comments?post=17289"}],"wp:featuredmedia":[{"embeddable":true,"href":"https:\/\/cultivers.es\/pt-pt\/wp-json\/wp\/v2\/media\/12377"}],"wp:attachment":[{"href":"https:\/\/cultivers.es\/pt-pt\/wp-json\/wp\/v2\/media?parent=17289"}],"wp:term":[{"taxonomy":"product_brand","embeddable":true,"href":"https:\/\/cultivers.es\/pt-pt\/wp-json\/wp\/v2\/product_brand?post=17289"},{"taxonomy":"product_cat","embeddable":true,"href":"https:\/\/cultivers.es\/pt-pt\/wp-json\/wp\/v2\/product_cat?post=17289"},{"taxonomy":"product_tag","embeddable":true,"href":"https:\/\/cultivers.es\/pt-pt\/wp-json\/wp\/v2\/product_tag?post=17289"}],"curies":[{"name":"wp","href":"https:\/\/api.w.org\/{rel}","templated":true}]}}