{"id":17350,"date":"2021-10-22T12:12:43","date_gmt":"2021-10-22T12:12:43","guid":{"rendered":"https:\/\/cultivers.es\/abonos\/fertilizante-organico-para-cactos\/"},"modified":"2025-09-22T05:08:41","modified_gmt":"2025-09-22T05:08:41","slug":"fertilizante-ecologico-fertilizante-para-cactos","status":"publish","type":"product","link":"https:\/\/cultivers.es\/pt-pt\/fertilizantes\/fertilizante-ecologico-fertilizante-para-cactos\/","title":{"rendered":"Fertilizante org\u00e2nico para cactos"},"content":{"rendered":"<p data-spm-anchor-id=\"a2g0o.detail.1000023.i0.2d1d20af6A8LHL\">Fertilizante org\u00e2nico para plantas rico em mat\u00e9ria org\u00e2nica e pot\u00e1ssio.<\/p>\n<div class=\"detailmodule_html\">\n<p data-spm-anchor-id=\"a2g0o.detail.1000023.i2.2d1d20af6A8LHL\">Os benef\u00edcios da mat\u00e9ria org\u00e2nica e do pot\u00e1ssio nos cactos e nas suculentas s\u00e3o os seguintes:-A mat\u00e9ria org\u00e2nica estrutura o substrato ou o solo.<br \/>\n-Melhora a efici\u00eancia da \u00e1gua.<br \/>\n-Pot\u00e1ssio: favorece a reten\u00e7\u00e3o de \u00e1gua pela planta.<br \/>\n-Evita o stress<\/p>\n<\/div>\n<p>Fertilizante Org\u00e2nico para Cactos. Cultivers especialista em fertilizantes org\u00e2nicos, oferece um fertilizante org\u00e2nico feito com uma formula\u00e7\u00e3o especial para todos os tipos de cactos, suculentas e suculentas em geral usando um tipo espec\u00edfico de micorrizas para promover o sistema radicular e o crescimento saud\u00e1vel. <\/p>\n<p>\u00c9 100% natural e ecol\u00f3gico com uma formula\u00e7\u00e3o lenta e controlada de origem vegetal que favorece a absor\u00e7\u00e3o de c\u00e1lcio, magn\u00e9sio, f\u00f3sforo, microelementos, etc.<\/p>\n<p>O nosso Fertilizante Org\u00e2nico de Cactos melhora a fertilidade do solo, aumenta o rendimento e o odor, contribui para um fornecimento equilibrado dos principais elementos, melhora o arejamento e a reten\u00e7\u00e3o de \u00e1gua, reduz o efeito da salinidade e promove a atividade microbiol\u00f3gica.<\/p>\n<p>Melhora o desenvolvimento das ra\u00edzes das plantas e a absor\u00e7\u00e3o de nutrientes<\/p>\n<p>Nunca fertilizes as suculentas quando est\u00e3o dormentes. Rega apenas o substrato, n\u00e3o as folhas. N\u00e3o excedas as doses recomendadas. Regar demasiado os cactos e outras suculentas \u00e9 muitas vezes fatal porque as ra\u00edzes apodrecem. Se lhes faltar a \u00e1gua, crescem mal.    <\/p>\n","protected":false},"excerpt":{"rendered":"<ul class=\"a-unordered-list a-vertical a-spacing-mini\">\n<li><span class=\"a-list-item\">Adubo granulado especial para cactos, suculentas e plantas suculentas.<\/span><\/li>\n<li><span class=\"a-list-item\">100% org\u00e2nico e de origem vegana. Elevada assimila\u00e7\u00e3o com mat\u00e9ria org\u00e2nica e \u00e1cidos h\u00famicos. <\/span><\/li>\n<li><span class=\"a-list-item\">Formula\u00e7\u00e3o lenta e controlada de origem vegetal. Aumenta a resist\u00eancia \u00e0s doen\u00e7as e optimiza o armazenamento de \u00e1gua. <\/span><\/li>\n<li><span class=\"a-list-item\">Favorecem a absor\u00e7\u00e3o do c\u00e1lcio, do magn\u00e9sio, do f\u00f3sforo e dos microelementos,<\/span><\/li>\n<li><span class=\"a-list-item\">Produto 100% natural e inofensivo para os animais, respeitando o meio ambiente.<\/span><\/li>\n<\/ul>\n","protected":false},"featured_media":12347,"comment_status":"open","ping_status":"closed","template":"","meta":{"_acf_changed":false},"product_brand":[],"product_cat":[325,323],"product_tag":[1411],"class_list":{"0":"post-17350","1":"product","2":"type-product","3":"status-publish","4":"has-post-thumbnail","6":"product_cat-fertilizantes","7":"product_cat-fertilizantes-solidos","8":"product_tag-caae-pt-pt","10":"first","11":"instock","12":"taxable","13":"shipping-taxable","14":"purchasable","15":"product-type-variable","16":"has-default-attributes"},"acf":[],"_links":{"self":[{"href":"https:\/\/cultivers.es\/pt-pt\/wp-json\/wp\/v2\/product\/17350","targetHints":{"allow":["GET"]}}],"collection":[{"href":"https:\/\/cultivers.es\/pt-pt\/wp-json\/wp\/v2\/product"}],"about":[{"href":"https:\/\/cultivers.es\/pt-pt\/wp-json\/wp\/v2\/types\/product"}],"replies":[{"embeddable":true,"href":"https:\/\/cultivers.es\/pt-pt\/wp-json\/wp\/v2\/comments?post=17350"}],"wp:featuredmedia":[{"embeddable":true,"href":"https:\/\/cultivers.es\/pt-pt\/wp-json\/wp\/v2\/media\/12347"}],"wp:attachment":[{"href":"https:\/\/cultivers.es\/pt-pt\/wp-json\/wp\/v2\/media?parent=17350"}],"wp:term":[{"taxonomy":"product_brand","embeddable":true,"href":"https:\/\/cultivers.es\/pt-pt\/wp-json\/wp\/v2\/product_brand?post=17350"},{"taxonomy":"product_cat","embeddable":true,"href":"https:\/\/cultivers.es\/pt-pt\/wp-json\/wp\/v2\/product_cat?post=17350"},{"taxonomy":"product_tag","embeddable":true,"href":"https:\/\/cultivers.es\/pt-pt\/wp-json\/wp\/v2\/product_tag?post=17350"}],"curies":[{"name":"wp","href":"https:\/\/api.w.org\/{rel}","templated":true}]}}