{"id":17378,"date":"2021-10-22T12:12:43","date_gmt":"2021-10-22T12:12:43","guid":{"rendered":"https:\/\/cultivers.es\/abonos\/fertilizante-ecologico-para-relvados\/"},"modified":"2025-09-22T05:08:23","modified_gmt":"2025-09-22T05:08:23","slug":"adubacao-ecologica-de-relvados","status":"publish","type":"product","link":"https:\/\/cultivers.es\/pt-pt\/fertilizantes\/adubacao-ecologica-de-relvados\/","title":{"rendered":"Fertilizante ecol\u00f3gico para relvados"},"content":{"rendered":"<div class=\"detailmodule_html\" data-key=\"2\" data-slate-fragment=\"JTdCJTIyb2JqZWN0JTIyJTNBJTIyZG9jdW1lbnQlMjIlMkMlMjJkYXRhJTIyJTNBJTdCJTdEJTJDJTIybm9kZXMlMjIlM0ElNUIlN0IlMjJvYmplY3QlMjIlM0ElMjJibG9jayUyMiUyQyUyMnR5cGUlMjIlM0ElMjJkaXYlMjIlMkMlMjJpc1ZvaWQlMjIlM0FmYWxzZSUyQyUyMmRhdGElMjIlM0ElN0IlMjJjbGFzc05hbWUlMjIlM0ElMjJkZXRhaWxtb2R1bGVfaHRtbCUyMiU3RCUyQyUyMm5vZGVzJTIyJTNBJTVCJTdCJTIyb2JqZWN0JTIyJTNBJTIyYmxvY2slMjIlMkMlMjJ0eXBlJTIyJTNBJTIyZGl2JTIyJTJDJTIyaXNWb2lkJTIyJTNBZmFsc2UlMkMlMjJkYXRhJTIyJTNBJTdCJTIyY2xhc3NOYW1lJTIyJTNBJTIyZGV0YWlsLWRlc2MtZGVjb3JhdGUtcmljaHRleHQlMjIlN0QlMkMlMjJub2RlcyUyMiUzQSU1QiU3QiUyMm9iamVjdCUyMiUzQSUyMnRleHQlMjIlMkMlMjJsZWF2ZXMlMjIlM0ElNUIlN0IlMjJvYmplY3QlMjIlM0ElMjJsZWFmJTIyJTJDJTIydGV4dCUyMiUzQSUyMkZlcnRpbGl6YW50ZSUyMG9yZyVDMyVBMW5pY28lMjB2ZWdldGFsJTIwY29uJTIwYWx0byUyMGNvbnRlbmlkbyUyMGVuJTIwbml0ciVDMyVCM2dlbm8lMjBxdWUlMjBsbyUyMGhhY2UlMjBpZGVhbCUyMHBhcmElMjBlbCUyMGNyZWNpbWllbnRvJTIwZGVsJTIwYyVDMyVBOXNwZWQuJTIyJTJDJTIybWFya3MlMjIlM0ElNUIlNUQlN0QlNUQlN0QlNUQlN0QlMkMlN0IlMjJvYmplY3QlMjIlM0ElMjJibG9jayUyMiUyQyUyMnR5cGUlMjIlM0ElMjJkaXYlMjIlMkMlMjJpc1ZvaWQlMjIlM0FmYWxzZSUyQyUyMmRhdGElMjIlM0ElN0IlMjJjbGFzc05hbWUlMjIlM0ElMjJkZXRhaWwtZGVzYy1kZWNvcmF0ZS1yaWNodGV4dCUyMiU3RCUyQyUyMm5vZGVzJTIyJTNBJTVCJTdCJTIyb2JqZWN0JTIyJTNBJTIydGV4dCUyMiUyQyUyMmxlYXZlcyUyMiUzQSU1QiU3QiUyMm9iamVjdCUyMiUzQSUyMmxlYWYlMjIlMkMlMjJ0ZXh0JTIyJTNBJTIyTG9zJTIwYmVuZWZpY2lvcyUyMGRlbCUyMGFwb3J0ZSUyMGRlJTIwbml0ciVDMyVCM2dlbm8lMjBlbiUyMGVsJTIwY3JlY2ltaWVudG8lMjBkZWwlMjBjJUMzJUE5c3BlZCUyMHNvbiUyMGxvcyUyMHNpZ3VpZW50ZXMlM0ElMjIlMkMlMjJtYXJrcyUyMiUzQSU1QiU1RCU3RCU1RCU3RCU1RCU3RCUyQyU3QiUyMm9iamVjdCUyMiUzQSUyMmJsb2NrJTIyJTJDJTIydHlwZSUyMiUzQSUyMmRpdiUyMiUyQyUyMmlzVm9pZCUyMiUzQWZhbHNlJTJDJTIyZGF0YSUyMiUzQSU3QiUyMmNsYXNzTmFtZSUyMiUzQSUyMmRldGFpbC1kZXNjLWRlY29yYXRlLXJpY2h0ZXh0JTIyJTdEJTJDJTIybm9kZXMlMjIlM0ElNUIlN0IlMjJvYmplY3QlMjIlM0ElMjJ0ZXh0JTIyJTJDJTIybGVhdmVzJTIyJTNBJTVCJTdCJTIyb2JqZWN0JTIyJTNBJTIybGVhZiUyMiUyQyUyMnRleHQlMjIlM0ElMjIlMjIlMkMlMjJtYXJrcyUyMiUzQSU1QiU1RCU3RCU1RCU3RCU1RCU3RCUyQyU3QiUyMm9iamVjdCUyMiUzQSUyMmJsb2NrJTIyJTJDJTIydHlwZSUyMiUzQSUyMmRpdiUyMiUyQyUyMmlzVm9pZCUyMiUzQWZhbHNlJTJDJTIyZGF0YSUyMiUzQSU3QiUyMmNsYXNzTmFtZSUyMiUzQSUyMmRldGFpbC1kZXNjLWRlY29yYXRlLXJpY2h0ZXh0JTIyJTdEJTJDJTIybm9kZXMlMjIlM0ElNUIlN0IlMjJvYmplY3QlMjIlM0ElMjJ0ZXh0JTIyJTJDJTIybGVhdmVzJTIyJTNBJTVCJTdCJTIyb2JqZWN0JTIyJTNBJTIybGVhZiUyMiUyQyUyMnRleHQlMjIlM0ElMjJGb3JtYSUyMHByb3RlJUMzJUFEbmFzJTIwcXVlJTIwZmF2b3JlY2VuJTIwZWwlMjBjcmVjaW1pZW50byUyMGRlJTIwbGElMjBwbGFudGElMjBhdW1lbnRhbmRvJTIwbGElMjBwYXJ0ZSUyMGFlcmVhJTIwZGUlMjBsYSUyMG1pc21hLiUyMiUyQyUyMm1hcmtzJTIyJTNBJTVCJTVEJTdEJTVEJTdEJTVEJTdEJTJDJTdCJTIyb2JqZWN0JTIyJTNBJTIyYmxvY2slMjIlMkMlMjJ0eXBlJTIyJTNBJTIyZGl2JTIyJTJDJTIyaXNWb2lkJTIyJTNBZmFsc2UlMkMlMjJkYXRhJTIyJTNBJTdCJTIyY2xhc3NOYW1lJTIyJTNBJTIyZGV0YWlsLWRlc2MtZGVjb3JhdGUtcmljaHRleHQlMjIlN0QlMkMlMjJub2RlcyUyMiUzQSU1QiU3QiUyMm9iamVjdCUyMiUzQSUyMnRleHQlMjIlMkMlMjJsZWF2ZXMlMjIlM0ElNUIlN0IlMjJvYmplY3QlMjIlM0ElMjJsZWFmJTIyJTJDJTIydGV4dCUyMiUzQSUyMlJlc3BvbnNhYmxlJTIwZGUlMjBsYSUyMGZvcm1hY2klQzMlQjNuJTIwZGUlMjBjbG9yb2ZpbGElMkMlMjBsbyUyMHF1ZSUyMHNlJTIwdHJhZHVjZSUyMHVuJTIwY3JlY2ltaWVudG8lMjBkZSUyMGxhJTIwZm90b3MlQzMlQURudGVzaXMlMjBxdWUlMjBoYWNlJTIwcXVlJTIwZWwlMjBjJUMzJUE5c3BlZCUyMGRlJTIwY29sb3IlMjB2ZXJkZSUyMG0lQzMlQTFzJTIwaW50ZW5zby4lMjIlMkMlMjJtYXJrcyUyMiUzQSU1QiU1RCU3RCU1RCU3RCU1RCU3RCUyQyU3QiUyMm9iamVjdCUyMiUzQSUyMmJsb2NrJTIyJTJDJTIydHlwZSUyMiUzQSUyMmRpdiUyMiUyQyUyMmlzVm9pZCUyMiUzQWZhbHNlJTJDJTIyZGF0YSUyMiUzQSU3QiUyMmNsYXNzTmFtZSUyMiUzQSUyMmRldGFpbC1kZXNjLWRlY29yYXRlLXJpY2h0ZXh0JTIyJTdEJTJDJTIybm9kZXMlMjIlM0ElNUIlN0IlMjJvYmplY3QlMjIlM0ElMjJ0ZXh0JTIyJTJDJTIybGVhdmVzJTIyJTNBJTVCJTdCJTIyb2JqZWN0JTIyJTNBJTIybGVhZiUyMiUyQyUyMnRleHQlMjIlM0ElMjIlMjIlMkMlMjJtYXJrcyUyMiUzQSU1QiU1RCU3RCU1RCU3RCU1RCU3RCUyQyU3QiUyMm9iamVjdCUyMiUzQSUyMmJsb2NrJTIyJTJDJTIydHlwZSUyMiUzQSUyMmRpdiUyMiUyQyUyMmlzVm9pZCUyMiUzQWZhbHNlJTJDJTIyZGF0YSUyMiUzQSU3QiUyMmNsYXNzTmFtZSUyMiUzQSUyMmRldGFpbC1kZXNjLWRlY29yYXRlLXJpY2h0ZXh0JTIyJTdEJTJDJTIybm9kZXMlMjIlM0ElNUIlN0IlMjJvYmplY3QlMjIlM0ElMjJ0ZXh0JTIyJTJDJTIybGVhdmVzJTIyJTNBJTVCJTdCJTIyb2JqZWN0JTIyJTNBJTIybGVhZiUyMiUyQyUyMnRleHQlMjIlM0ElMjIlMjIlMkMlMjJtYXJrcyUyMiUzQSU1QiU1RCU3RCU1RCU3RCU1RCU3RCUyQyU3QiUyMm9iamVjdCUyMiUzQSUyMmJsb2NrJTIyJTJDJTIydHlwZSUyMiUzQSUyMmRpdiUyMiUyQyUyMmlzVm9pZCUyMiUzQWZhbHNlJTJDJTIyZGF0YSUyMiUzQSU3QiUyMmNsYXNzTmFtZSUyMiUzQSUyMmRldGFpbC1kZXNjLWRlY29yYXRlLXJpY2h0ZXh0JTIyJTdEJTJDJTIybm9kZXMlMjIlM0ElNUIlN0IlMjJvYmplY3QlMjIlM0ElMjJ0ZXh0JTIyJTJDJTIybGVhdmVzJTIyJTNBJTVCJTdCJTIyb2JqZWN0JTIyJTNBJTIybGVhZiUyMiUyQyUyMnRleHQlMjIlM0ElMjJBYm9ubyUyMGVuJTIwZm9ybWElMjBkZSUyMG1pY3JvZ3IlQzMlQTFudWxvcyUyMGRlJTIwbGliZXJhY2klQzMlQjNuJTIwbGVudGElMjB5JTIwY29udHJvbGFkYS4lMjBDJUMzJUE5c3BlZCUyMG0lQzMlQTFzJTIwdmVyZGUlMkMlMjBmdWVydGUlMjB5JTIwZGVuc28uJTIwTm8lMjBwcm9kdWNlJTIwcXVlbWFkdXJhcy4lMjBQcm9kdWN0byUyMDEwMCUyNSUyMG5hdHVyYWwlMjBlJTIwaW5vZmVuc2l2byUyMHBhcmElMjBhbmltYWxlcyUyMHklMjBwbGFudGFzLiUyMEFib25vJTIwZGUlMjBlc3BlY2lhbCUyMGZvcm11bGFjaSVDMyVCM24lMjBwYXJhJTIwYyVDMyVBOXNwZWQlMjB5JTIwcHJhZGVyYXMlMjBjb24lMjBucGslMjAlMkIlMjA3NCUyMCUyNSUyMG1hdGVyaWElMjBvcmclQzMlQTFuaWNhJTIweSUyMCVDMyVBMWNpZG9zJTIwaCVDMyVCQW1pY29zLiUyMEVzdGltdWxhJTIwZWwlMjBjcmVjaW1pZW50byUyMHJhZGljdWxhciUyMHklMjBldml0YSUyMHByb2JsZW1hcyUyMGRlJTIwY2FyZW5jaWFzLiUyMEFib25vJTIwZGUlMjBmJUMzJUExY2lsJTIwYWJzb3JjaSVDMyVCM24lMjB5JTIwbWVqb3JhZG8lMjBkZSUyMGxhJTIwZXN0cnVjdHVyYSUyMGRlJTIwbGElMjB0aWVycmEuJTIwQXl1ZGElMjBsYSUyMHJldGVuY2klQzMlQjNuJTIwZGUlMjBsJUMzJUFEcXVpZG9zJTIweSUyMHByb2R1Y2UlMjBhaG9ycm8lMjBkZSUyMGFndWEuJTIwQWJvbm8lMjAtJTIwZmVydGlsaXphbnRlJTIwZWNvbCVDMyVCM2dpY28lMjBlc3BlY2lhbCUyMGMlQzMlQTlzcGVkLiUyME9yaWdlbiUyMDEwMCUyNSUyMG9yZyVDMyVBMW5pY28lMjB5JTIwdmVnYW5vJTIwZ3JhbnVsYWRvJTIwZGUlMjBsaWJlcmFjaSVDMyVCM24lMjBsZW50YSUyMHklMjBjb250cm9sYWRhJTIyJTJDJTIybWFya3MlMjIlM0ElNUIlNUQlN0QlNUQlN0QlNUQlN0QlNUQlN0QlMkMlN0IlMjJvYmplY3QlMjIlM0ElMjJibG9jayUyMiUyQyUyMnR5cGUlMjIlM0ElMjJwYXJhZ3JhcGglMjIlMkMlMjJpc1ZvaWQlMjIlM0FmYWxzZSUyQyUyMmRhdGElMjIlM0ElN0IlN0QlMkMlMjJub2RlcyUyMiUzQSU1QiU3QiUyMm9iamVjdCUyMiUzQSUyMnRleHQlMjIlMkMlMjJsZWF2ZXMlMjIlM0ElNUIlN0IlMjJvYmplY3QlMjIlM0ElMjJsZWFmJTIyJTJDJTIydGV4dCUyMiUzQSUyMiUyMiUyQyUyMm1hcmtzJTIyJTNBJTVCJTVEJTdEJTVEJTdEJTVEJTdEJTVEJTdE\">\n<div class=\"detail-desc-decorate-richtext\" data-key=\"3\"><span class=\"slate-node-text\" data-key=\"4\"><span data-offset-key=\"4:0\" data-spm-anchor-id=\"5261.product_publish.0.i7.55ce4edfsfdT7A\">Adubo vegetal org\u00e2nico com um elevado teor de azoto, o que o torna ideal para o crescimento da relva.<\/span><\/span><\/div>\n<div class=\"detail-desc-decorate-richtext\" data-key=\"5\"><span class=\"slate-node-text\" data-key=\"6\"><span data-offset-key=\"6:0\" data-spm-anchor-id=\"5261.product_publish.0.i6.55ce4edfsfdT7A\">Os benef\u00edcios do fornecimento de azoto no crescimento dos relvados s\u00e3o os seguintes:<\/span><\/span><\/div>\n<div class=\"detail-desc-decorate-richtext\" data-key=\"7\"><\/div>\n<div class=\"detail-desc-decorate-richtext\" data-key=\"8\"><span class=\"slate-node-text\" data-key=\"9\"><span data-offset-key=\"9:0\" data-spm-anchor-id=\"5261.product_publish.0.i4.55ce4edfsfdT7A\">Forma prote\u00ednas que promovem o crescimento das plantas, aumentando a parte a\u00e9rea da planta.<\/span><\/span><\/div>\n<div class=\"detail-desc-decorate-richtext\" data-key=\"10\"><span class=\"slate-node-text\" data-key=\"11\"><span data-offset-key=\"11:0\" data-spm-anchor-id=\"5261.product_publish.0.i3.55ce4edfsfdT7A\">Respons\u00e1vel pela forma\u00e7\u00e3o da clorofila, que resulta num crescimento da fotoss\u00edntese que torna a relva mais verde.<\/span><\/span><\/div>\n<div class=\"detail-desc-decorate-richtext\" data-key=\"13\"><\/div>\n<div class=\"detail-desc-decorate-richtext\" data-key=\"14\"><span class=\"slate-node-text\" data-key=\"15\"><span data-offset-key=\"15:0\" data-spm-anchor-id=\"5261.product_publish.0.i5.55ce4edfsfdT7A\">Fertilizante sob a forma de microgr\u00e2nulos de liberta\u00e7\u00e3o lenta e controlada. Relva mais verde, mais forte e mais densa. N\u00e3o provoca queimaduras. Produto 100% natural, inofensivo para animais e plantas. Adubo especialmente formulado para relvados e prados com npk + 74 % de mat\u00e9ria org\u00e2nica e \u00e1cidos h\u00famicos. Estimula o crescimento das ra\u00edzes e evita problemas de car\u00eancia. Adubo de f\u00e1cil absor\u00e7\u00e3o e melhora a estrutura do solo. Ajuda \u00e0 reten\u00e7\u00e3o de l\u00edquidos e poupa \u00e1gua. Fertilizante ecol\u00f3gico - fertilizante especial para relvados. 100% org\u00e2nico e de origem vegana, gr\u00e2nulos de liberta\u00e7\u00e3o lenta e controlada.         <\/span><\/span><\/div>\n<\/div>\n<p>Relva mais verde, mais forte e mais densa. N\u00e3o provoca queimaduras. Produto 100% natural, inofensivo para animais e plantas. Fertilizante especialmente formulado para relvados e prados com NPK 8-1-5 + 74 % de mat\u00e9ria org\u00e2nica e \u00e1cidos h\u00famicos. Estimula o crescimento das ra\u00edzes e evita problemas de car\u00eancia. Adubo de f\u00e1cil absor\u00e7\u00e3o e melhora a estrutura do solo. Ajuda \u00e0 reten\u00e7\u00e3o de l\u00edquidos e poupa \u00e1gua. Fertilizante ecol\u00f3gico - fertilizante especial para relvados. 100% org\u00e2nico e de origem vegana, gr\u00e2nulos de liberta\u00e7\u00e3o lenta e controlada.        <\/p>\n","protected":false},"excerpt":{"rendered":"<div id=\"featurebullets_feature_div\" class=\"celwidget\" data-feature-name=\"featurebullets\" data-csa-c-id=\"n3z0ly-1qi0gw-fwycpm-8rzsu6\" data-cel-widget=\"featurebullets_feature_div\">\n<div id=\"feature-bullets\" class=\"a-section a-spacing-medium a-spacing-top-small\">\n<ul class=\"a-unordered-list a-vertical a-spacing-mini\">\n<li><span class=\"a-list-item\">Fertilizante sob a forma de microgr\u00e2nulos de liberta\u00e7\u00e3o lenta e controlada.<\/span><\/li>\n<li><span class=\"a-list-item\">Relva mais verde, mais forte e mais densa. N\u00e3o provoca queimaduras. <\/span><\/li>\n<li><span class=\"a-list-item\">100% natural e inofensivo para animais e plantas.<\/span><\/li>\n<li><span class=\"a-list-item\">Adubo especialmente formulado para relvados e prados com NPK + 74% de mat\u00e9ria org\u00e2nica e \u00e1cidos h\u00famicos.<\/span><\/li>\n<li><span class=\"a-list-item\">Estimula o crescimento das ra\u00edzes e evita problemas de car\u00eancia. Fertilizante de f\u00e1cil absor\u00e7\u00e3o e melhora a estrutura do solo. Ajuda na reten\u00e7\u00e3o de l\u00edquidos e poupa \u00e1gua.  <\/span><\/li>\n<\/ul>\n<\/div>\n<\/div>\n","protected":false},"featured_media":54046,"comment_status":"open","ping_status":"closed","template":"","meta":{"_acf_changed":false},"product_brand":[],"product_cat":[325,323,351],"product_tag":[1411],"class_list":{"0":"post-17378","1":"product","2":"type-product","3":"status-publish","4":"has-post-thumbnail","6":"product_cat-fertilizantes","7":"product_cat-fertilizantes-solidos","8":"product_cat-relvado","9":"product_tag-caae-pt-pt","11":"first","12":"instock","13":"taxable","14":"shipping-taxable","15":"purchasable","16":"product-type-variable"},"acf":[],"_links":{"self":[{"href":"https:\/\/cultivers.es\/pt-pt\/wp-json\/wp\/v2\/product\/17378","targetHints":{"allow":["GET"]}}],"collection":[{"href":"https:\/\/cultivers.es\/pt-pt\/wp-json\/wp\/v2\/product"}],"about":[{"href":"https:\/\/cultivers.es\/pt-pt\/wp-json\/wp\/v2\/types\/product"}],"replies":[{"embeddable":true,"href":"https:\/\/cultivers.es\/pt-pt\/wp-json\/wp\/v2\/comments?post=17378"}],"wp:featuredmedia":[{"embeddable":true,"href":"https:\/\/cultivers.es\/pt-pt\/wp-json\/wp\/v2\/media\/54046"}],"wp:attachment":[{"href":"https:\/\/cultivers.es\/pt-pt\/wp-json\/wp\/v2\/media?parent=17378"}],"wp:term":[{"taxonomy":"product_brand","embeddable":true,"href":"https:\/\/cultivers.es\/pt-pt\/wp-json\/wp\/v2\/product_brand?post=17378"},{"taxonomy":"product_cat","embeddable":true,"href":"https:\/\/cultivers.es\/pt-pt\/wp-json\/wp\/v2\/product_cat?post=17378"},{"taxonomy":"product_tag","embeddable":true,"href":"https:\/\/cultivers.es\/pt-pt\/wp-json\/wp\/v2\/product_tag?post=17378"}],"curies":[{"name":"wp","href":"https:\/\/api.w.org\/{rel}","templated":true}]}}