{"id":17381,"date":"2021-10-22T12:12:43","date_gmt":"2021-10-22T12:12:43","guid":{"rendered":"https:\/\/cultivers.es\/abonos\/fertilizante-organico-para-frutos\/"},"modified":"2025-09-22T05:29:17","modified_gmt":"2025-09-22T05:29:17","slug":"fertilizante-arvores-de-fruto-ecologico","status":"publish","type":"product","link":"https:\/\/cultivers.es\/pt-pt\/fertilizantes\/fertilizante-arvores-de-fruto-ecologico\/","title":{"rendered":"Fertilizante org\u00e2nico para frutas"},"content":{"rendered":"<p data-key=\"10\" data-slate-type=\"p\" data-style=\"{}\"><span class=\"slate-node-text\" data-key=\"9\"><span data-offset-key=\"9:0\" data-spm-anchor-id=\"5261.product_publish.0.i13.3ffe4edf8PUP1x\">Adubo vegetal org\u00e2nico rico em azoto, pot\u00e1ssio e mat\u00e9ria org\u00e2nica que favorece o fornecimento de nutrientes a todo o tipo de plantas, especialmente \u00e0s \u00e1rvores de fruto.<\/span><\/span><\/p>\n<p data-key=\"14\" data-slate-type=\"p\" data-style=\"{}\" data-spm-anchor-id=\"5261.product_publish.0.i10.3ffe4edf8PUP1x\"><span class=\"slate-node-text\" data-key=\"13\"><span data-offset-key=\"13:0\" data-spm-anchor-id=\"5261.product_publish.0.i9.3ffe4edf8PUP1x\">O fornecimento de mat\u00e9ria org\u00e2nica e de azoto \u00e0s \u00e1rvores de fruto antes da germina\u00e7\u00e3o \u00e9 essencial para que a planta disponha de nutrientes para a produ\u00e7\u00e3o de frutos de qualidade.<\/span><\/span><\/p>\n<p data-key=\"18\" data-slate-type=\"p\" data-style=\"{}\" data-spm-anchor-id=\"5261.product_publish.0.i14.3ffe4edf8PUP1x\" data-slate-fragment=\"JTdCJTIyb2JqZWN0JTIyJTNBJTIyZG9jdW1lbnQlMjIlMkMlMjJkYXRhJTIyJTNBJTdCJTdEJTJDJTIybm9kZXMlMjIlM0ElNUIlN0IlMjJvYmplY3QlMjIlM0ElMjJibG9jayUyMiUyQyUyMnR5cGUlMjIlM0ElMjJwYXJhZ3JhcGglMjIlMkMlMjJpc1ZvaWQlMjIlM0FmYWxzZSUyQyUyMmRhdGElMjIlM0ElN0IlN0QlMkMlMjJub2RlcyUyMiUzQSU1QiU3QiUyMm9iamVjdCUyMiUzQSUyMnRleHQlMjIlMkMlMjJsZWF2ZXMlMjIlM0ElNUIlN0IlMjJvYmplY3QlMjIlM0ElMjJsZWFmJTIyJTJDJTIydGV4dCUyMiUzQSUyMkZlcnRpbGl6YW50ZSUyMG9yZyVDMyVBMW5pY28lMjB2ZWdldGFsJTIwcmljbyUyMGVuJTIwTml0ciVDMyVCM2dlbm8lMkMlMjBQb3Rhc2lvJTIweSUyMG1hdGVyaWElMjBvcmclQzMlQTFuaWNhJTIwcXVlJTIwZmF2b3JlY2UlMjBlbCUyMHN1bWluaXN0cm8lMjBkZSUyMG51dHJpZW50ZXMlMjBhJTIwdG9kYSUyMGNsYXNlJTIwZGUlMjBwbGFudGFzJTIweSUyMGVuJTIwZXNwZWNpYWwlMjBhJTIwbG9zJTIwZnJ1dGFsZXMuJTIyJTJDJTIybWFya3MlMjIlM0ElNUIlNUQlN0QlNUQlN0QlNUQlN0QlMkMlN0IlMjJvYmplY3QlMjIlM0ElMjJibG9jayUyMiUyQyUyMnR5cGUlMjIlM0ElMjJwYXJhZ3JhcGglMjIlMkMlMjJpc1ZvaWQlMjIlM0FmYWxzZSUyQyUyMmRhdGElMjIlM0ElN0IlN0QlMkMlMjJub2RlcyUyMiUzQSU1QiU3QiUyMm9iamVjdCUyMiUzQSUyMnRleHQlMjIlMkMlMjJsZWF2ZXMlMjIlM0ElNUIlN0IlMjJvYmplY3QlMjIlM0ElMjJsZWFmJTIyJTJDJTIydGV4dCUyMiUzQSUyMiUyMiUyQyUyMm1hcmtzJTIyJTNBJTVCJTVEJTdEJTVEJTdEJTVEJTdEJTJDJTdCJTIyb2JqZWN0JTIyJTNBJTIyYmxvY2slMjIlMkMlMjJ0eXBlJTIyJTNBJTIycGFyYWdyYXBoJTIyJTJDJTIyaXNWb2lkJTIyJTNBZmFsc2UlMkMlMjJkYXRhJTIyJTNBJTdCJTdEJTJDJTIybm9kZXMlMjIlM0ElNUIlN0IlMjJvYmplY3QlMjIlM0ElMjJ0ZXh0JTIyJTJDJTIybGVhdmVzJTIyJTNBJTVCJTdCJTIyb2JqZWN0JTIyJTNBJTIybGVhZiUyMiUyQyUyMnRleHQlMjIlM0ElMjJFbCUyMGFwb3J0ZSUyMGRlJTIwTWF0ZXJpYSUyMG9yZyVDMyVBMW5pY2ElMjB5JTIwbml0ciVDMyVCM2dlbm8lMjBhJTIwbG9zJTIwZnJ1dGFsZXMlMjBhbnRlcyUyMGRlJTIwbGElMjBicm90YWNpJUMzJUIzbiUyMGVzJTIwZnVuZGFtZW50YWwlMjBwYXJhJTIwcG9kZXIlMjB0ZW5lciUyMG51dHJpZW50ZXMlMjBkaXNwb25pYmxlcyUyMHBvciUyMGxhJTIwcGxhbnRhJTIwJTYwcGFyYSUyMGxhJTIwcHJvZHVjY2klQzMlQjNuJTIwZGVsJTIwZnJ1dG8lMjBkZSUyMGNhbGlkYWQuJTIyJTJDJTIybWFya3MlMjIlM0ElNUIlNUQlN0QlNUQlN0QlNUQlN0QlMkMlN0IlMjJvYmplY3QlMjIlM0ElMjJibG9jayUyMiUyQyUyMnR5cGUlMjIlM0ElMjJwYXJhZ3JhcGglMjIlMkMlMjJpc1ZvaWQlMjIlM0FmYWxzZSUyQyUyMmRhdGElMjIlM0ElN0IlN0QlMkMlMjJub2RlcyUyMiUzQSU1QiU3QiUyMm9iamVjdCUyMiUzQSUyMnRleHQlMjIlMkMlMjJsZWF2ZXMlMjIlM0ElNUIlN0IlMjJvYmplY3QlMjIlM0ElMjJsZWFmJTIyJTJDJTIydGV4dCUyMiUzQSUyMiUyMiUyQyUyMm1hcmtzJTIyJTNBJTVCJTVEJTdEJTVEJTdEJTVEJTdEJTJDJTdCJTIyb2JqZWN0JTIyJTNBJTIyYmxvY2slMjIlMkMlMjJ0eXBlJTIyJTNBJTIycGFyYWdyYXBoJTIyJTJDJTIyaXNWb2lkJTIyJTNBZmFsc2UlMkMlMjJkYXRhJTIyJTNBJTdCJTdEJTJDJTIybm9kZXMlMjIlM0ElNUIlN0IlMjJvYmplY3QlMjIlM0ElMjJ0ZXh0JTIyJTJDJTIybGVhdmVzJTIyJTNBJTVCJTdCJTIyb2JqZWN0JTIyJTNBJTIybGVhZiUyMiUyQyUyMnRleHQlMjIlM0ElMjJMYSUyMGFwbGljYWNpJUMzJUIzbiUyMGRlJTIwYWJvbm8lMjBlbiUyMHBvc3QtY29zZWNoYSUyMGVzJTIwbmVjZXNhcmlhJTIwcGFyYSUyMGxhJTIwcmVjdXBlcmFjaSVDMyVCM24lMjBkZSUyMGxhJTIwcGxhbnRhJTIwZGVzcHUlQzMlQTlzJTIwZGUlMjBoYWJlciUyMHJlYWxpemFkbyUyMGVsJTIwdHJhYmFqbyUyMGRlJTIwc2FjYXIlMjBsYSUyMGNvc2VjaGElMjBhZGVsYW50ZSUyQyUyMGVzJTIwaW1wcmVzY2luZGlibGUlMjBsYSUyMGFwbGljYWNpJUMzJUIzbiUyMGRlJTIwcG9zdC1jb3NlY2hhJTIwcGFyYSUyMGluY3JlbWVudGFyJTIwbGFzJTIwcmVzZXJ2YXMlMjBlbiUyMGxhJTIwcGxhbnRhJTIwZGUlMjBjYXJhJTIwbGElMjBzaWd1aWVudGUlMjBjYW1wYSVDMyVCMWEuJTIyJTJDJTIybWFya3MlMjIlM0ElNUIlNUQlN0QlNUQlN0QlNUQlN0QlNUQlN0Q=\"><span class=\"slate-node-text\" data-key=\"17\"><span data-offset-key=\"17:0\" data-spm-anchor-id=\"5261.product_publish.0.i8.3ffe4edf8PUP1x\">A aplica\u00e7\u00e3o p\u00f3s-colheita de fertilizantes \u00e9 necess\u00e1ria para a recupera\u00e7\u00e3o da planta depois de ter efectuado o trabalho de colheita, \u00e9 essencial aplicar fertilizantes p\u00f3s-colheita para aumentar as reservas na planta para a esta\u00e7\u00e3o seguinte.<\/span><\/span><\/p>\n<p>O Fertilizante Org\u00e2nico para Frutas aumenta o tamanho dos frutos e aumenta o rendimento das colheitas&#8230; Aumenta o grau brix dos frutos e diminui o aborto de flores&#8230; Fertilizante granulado em forma de microesferas de liberta\u00e7\u00e3o lenta e controlada. Alta assimila\u00e7\u00e3o com NPK 8-1-5 + 74% de mat\u00e9ria org\u00e2nica e \u00e1cidos h\u00famicos&#8230; Produto 100% natural e inofensivo para os animais, respeitando o meio ambiente&#8230;<\/p>\n","protected":false},"excerpt":{"rendered":"<ul class=\"a-unordered-list a-vertical a-spacing-mini\">\n<li><span class=\"a-list-item\">Aumenta o tamanho dos frutos e aumenta o rendimento da colheita.<\/span><\/li>\n<li><span class=\"a-list-item\">Aumento dos graus brix nos frutos e menor aborto de flores.<\/span><\/li>\n<li><span class=\"a-list-item\">Adubo granulado sob a forma de microesferas de liberta\u00e7\u00e3o lenta e controlada.<\/span><\/li>\n<li><span class=\"a-list-item\">Elevada assimila\u00e7\u00e3o com NPK 74% de mat\u00e9ria org\u00e2nica e \u00e1cidos h\u00famicos.<\/span><\/li>\n<li><span class=\"a-list-item\">Produto 100% natural e inofensivo para os animais, respeitando o meio ambiente.<\/span><\/li>\n<\/ul>\n","protected":false},"featured_media":11628,"comment_status":"open","ping_status":"closed","template":"","meta":{"_acf_changed":false},"product_brand":[],"product_cat":[325,323],"product_tag":[1411],"class_list":{"0":"post-17381","1":"product","2":"type-product","3":"status-publish","4":"has-post-thumbnail","6":"product_cat-fertilizantes","7":"product_cat-fertilizantes-solidos","8":"product_tag-caae-pt-pt","10":"first","11":"instock","12":"taxable","13":"shipping-taxable","14":"purchasable","15":"product-type-variable"},"acf":[],"_links":{"self":[{"href":"https:\/\/cultivers.es\/pt-pt\/wp-json\/wp\/v2\/product\/17381","targetHints":{"allow":["GET"]}}],"collection":[{"href":"https:\/\/cultivers.es\/pt-pt\/wp-json\/wp\/v2\/product"}],"about":[{"href":"https:\/\/cultivers.es\/pt-pt\/wp-json\/wp\/v2\/types\/product"}],"replies":[{"embeddable":true,"href":"https:\/\/cultivers.es\/pt-pt\/wp-json\/wp\/v2\/comments?post=17381"}],"wp:featuredmedia":[{"embeddable":true,"href":"https:\/\/cultivers.es\/pt-pt\/wp-json\/wp\/v2\/media\/11628"}],"wp:attachment":[{"href":"https:\/\/cultivers.es\/pt-pt\/wp-json\/wp\/v2\/media?parent=17381"}],"wp:term":[{"taxonomy":"product_brand","embeddable":true,"href":"https:\/\/cultivers.es\/pt-pt\/wp-json\/wp\/v2\/product_brand?post=17381"},{"taxonomy":"product_cat","embeddable":true,"href":"https:\/\/cultivers.es\/pt-pt\/wp-json\/wp\/v2\/product_cat?post=17381"},{"taxonomy":"product_tag","embeddable":true,"href":"https:\/\/cultivers.es\/pt-pt\/wp-json\/wp\/v2\/product_tag?post=17381"}],"curies":[{"name":"wp","href":"https:\/\/api.w.org\/{rel}","templated":true}]}}