{"id":17382,"date":"2021-10-22T12:12:43","date_gmt":"2021-10-22T12:12:43","guid":{"rendered":"https:\/\/cultivers.es\/abonos\/fertilizante-tropical-organico\/"},"modified":"2026-03-19T07:05:08","modified_gmt":"2026-03-19T07:05:08","slug":"fertilizante-organico-tropical-ecologico","status":"publish","type":"product","link":"https:\/\/cultivers.es\/pt-pt\/fertilizantes\/fertilizante-organico-tropical-ecologico\/","title":{"rendered":"Fertilizante Tropical Org\u00e2nico"},"content":{"rendered":"<div id=\"dpx-product-description_feature_div\">\n<div class=\"celwidget\" data-csa-c-id=\"lw300f-ta5mfo-dbvcj2-fpql6q\" data-cel-widget=\"dpx-product-description_csm_instrumentation_wrapper\">\n<div id=\"descriptionAndDetails\" class=\"a-section a-spacing-extra-large\">\n<div id=\"productDescription_feature_div\" class=\"celwidget\" data-feature-name=\"productDescription\" data-csa-c-id=\"crv5-6e9i73-o74whs-jycefj\" data-cel-widget=\"productDescription_feature_div\">\n<div>\n<div id=\"productDescription_feature_div\" class=\"a-row feature\" data-feature-name=\"productDescription\" data-template-name=\"productDescription\" data-cel-widget=\"productDescription_feature_div\">\n<div id=\"productDescription\" class=\"a-section a-spacing-small\">\n<div class=\"detailmodule_html\" data-key=\"2\" data-slate-fragment=\"JTdCJTIyb2JqZWN0JTIyJTNBJTIyZG9jdW1lbnQlMjIlMkMlMjJkYXRhJTIyJTNBJTdCJTdEJTJDJTIybm9kZXMlMjIlM0ElNUIlN0IlMjJvYmplY3QlMjIlM0ElMjJibG9jayUyMiUyQyUyMnR5cGUlMjIlM0ElMjJkaXYlMjIlMkMlMjJpc1ZvaWQlMjIlM0FmYWxzZSUyQyUyMmRhdGElMjIlM0ElN0IlMjJjbGFzc05hbWUlMjIlM0ElMjJkZXRhaWxtb2R1bGVfaHRtbCUyMiU3RCUyQyUyMm5vZGVzJTIyJTNBJTVCJTdCJTIyb2JqZWN0JTIyJTNBJTIyYmxvY2slMjIlMkMlMjJ0eXBlJTIyJTNBJTIyZGl2JTIyJTJDJTIyaXNWb2lkJTIyJTNBZmFsc2UlMkMlMjJkYXRhJTIyJTNBJTdCJTIyY2xhc3NOYW1lJTIyJTNBJTIyZGV0YWlsLWRlc2MtZGVjb3JhdGUtcmljaHRleHQlMjIlN0QlMkMlMjJub2RlcyUyMiUzQSU1QiU3QiUyMm9iamVjdCUyMiUzQSUyMnRleHQlMjIlMkMlMjJsZWF2ZXMlMjIlM0ElNUIlN0IlMjJvYmplY3QlMjIlM0ElMjJsZWFmJTIyJTJDJTIydGV4dCUyMiUzQSUyMkZlcnRpbGl6YW50ZSUyMG9yZyVDMyVBMW5pY28lMjBkZSUyMG9yaWdlbiUyMHZlZ2V0YWwlMjByaWNvJTIwZW4lMjBQb3Rhc2lvJTIweSUyMG1hdGVyaWElMjBvcmclQzMlQTFuaWNhLiUyMEVsJTIwYXBvcnRlJTIwZGUlMjBQb3Rhc2lvJTIwZW4lMjBsb3MlMjBhcmJvbGVzJTIwdHJvcGljYWxlcyUyMGZhdm9yZWNlJTIwZWwlMjBsbGVuYWRvJTIwZGUlMjBsb3MlMjBmcnV0b3MlMkMlMjBtZWpvcmElMjBlbCUyMGNyZWNpbWllbnRvJTIwZGUlMjBsYXMlMjBwbGFudGFzJTIwYW50ZSUyMGNvbmRpY2lvbmVzJTIwYWR2ZXJzYXMlMjB5JTIwYXVtZW50YSUyMGxhJTIwY29uc2lzdGVuY2lhJTIwZGUlMjBsYSUyMGZydXRhLiUyMiUyQyUyMm1hcmtzJTIyJTNBJTVCJTVEJTdEJTVEJTdEJTVEJTdEJTVEJTdEJTJDJTdCJTIyb2JqZWN0JTIyJTNBJTIyYmxvY2slMjIlMkMlMjJ0eXBlJTIyJTNBJTIycGFyYWdyYXBoJTIyJTJDJTIyaXNWb2lkJTIyJTNBZmFsc2UlMkMlMjJkYXRhJTIyJTNBJTdCJTdEJTJDJTIybm9kZXMlMjIlM0ElNUIlN0IlMjJvYmplY3QlMjIlM0ElMjJ0ZXh0JTIyJTJDJTIybGVhdmVzJTIyJTNBJTVCJTdCJTIyb2JqZWN0JTIyJTNBJTIybGVhZiUyMiUyQyUyMnRleHQlMjIlM0ElMjIlMjIlMkMlMjJtYXJrcyUyMiUzQSU1QiU1RCU3RCU1RCU3RCU1RCU3RCU1RCU3RA==\">\n<div class=\"detail-desc-decorate-richtext\" data-key=\"10\" data-spm-anchor-id=\"5261.product_publish.0.i6.5fad4edfuduwgf\"><span class=\"slate-node-text\" data-key=\"9\"><span data-offset-key=\"9:0\" data-spm-anchor-id=\"5261.product_publish.0.i5.5fad4edfuduwgf\">Adubo org\u00e2nico de origem vegetal rico em pot\u00e1ssio e mat\u00e9ria org\u00e2nica. O fornecimento de pot\u00e1ssio nas \u00e1rvores tropicais favorece o enchimento dos frutos, melhora o crescimento das plantas em condi\u00e7\u00f5es adversas e aumenta a consist\u00eancia dos frutos. <\/span><\/span><\/div>\n<\/div>\n<p>Fertilizante Tropical Org\u00e2nico. Cultivers, especialista em fertilizantes ecol\u00f3gicos, oferece-te um fertilizante org\u00e2nico fabricado com uma formula\u00e7\u00e3o especial para todo o tipo de \u00e1rvores tropicais, utilizando um tipo espec\u00edfico de micorrizas para favorecer o sistema radicular e o crescimento saud\u00e1vel da cultura. 100% natural e ecol\u00f3gico com uma formula\u00e7\u00e3o lenta e controlada de origem vegetal que favorece a absor\u00e7\u00e3o de c\u00e1lcio, magn\u00e9sio, f\u00f3sforo, microelementos, etc.  <\/p>\n<p>Melhora a fertilidade do solo, aumenta a produ\u00e7\u00e3o e o tamanho dos frutos, contribui para um fornecimento equilibrado dos principais elementos, melhora o arejamento e a reten\u00e7\u00e3o de \u00e1gua, reduz o efeito da salinidade e favorece a atividade microbiol\u00f3gica. Adubo org\u00e2nico especial para \u00e1rvores e plantas tropicais como: Abacate, Manga, Lichia, Pitaiai\u00e1s, Papaia, Anona, Figo, Maracuj\u00e1 e Goiaba. Pode ser utilizado como fertilizante de base, sozinho ou misturado com outros fertilizantes, e como cobertura.  <\/p>\n<p>Aplicar antes da chuva ou da rega para facilitar a incorpora\u00e7\u00e3o no solo. Distribui em toda a superf\u00edcie, na linha de cultura a 10 a 20 cm das plantas ou localizado sob os gotejadores. <\/p>\n<\/div>\n<\/div>\n<\/div>\n<\/div>\n<\/div>\n<\/div>\n<\/div>\n<div id=\"dpx-btf-renewed-program-description_feature_div\">\n<div class=\"celwidget\" data-csa-c-id=\"xv7suv-wypawb-8656w3-hu5rqh\" data-cel-widget=\"dpx-btf-renewed-program-description_csm_instrumentation_wrapper\">\n<div id=\"renewedProgramDescriptionBtf_feature_div\" class=\"celwidget\" data-feature-name=\"renewedProgramDescriptionBtf\" data-csa-c-id=\"6hvhox-cbzq6-dyaem-kci4j1\" data-cel-widget=\"renewedProgramDescriptionBtf_feature_div\"><\/div>\n<\/div>\n<\/div>\n<div id=\"dpx-climate-pledge-friendly-btf_feature_div\">\n<div class=\"celwidget\" data-csa-c-id=\"84p4to-d2vy89-ckv16p-aiz1w0\" data-cel-widget=\"dpx-climate-pledge-friendly-btf_csm_instrumentation_wrapper\">\n<div id=\"climatePledgeFriendlyBTF_feature_div\" class=\"celwidget\" data-feature-name=\"climatePledgeFriendlyBTF\" data-csa-c-id=\"1k54vb-kgy2tv-nslwi4-v3f1ll\" data-cel-widget=\"climatePledgeFriendlyBTF_feature_div\"><\/div>\n<\/div>\n<\/div>\n<div id=\"dpx-post-purchase-witb-btf_feature_div\">\n<div class=\"celwidget\" data-csa-c-id=\"8gqj61-voj2km-wj6drm-bmda3h\" data-cel-widget=\"dpx-post-purchase-witb-btf_csm_instrumentation_wrapper\">\n<div id=\"postPurchaseWhatsInTheBox_feature_div\" class=\"celwidget\" data-feature-name=\"postPurchaseWhatsInTheBox\" data-csa-c-id=\"wwp3kk-jjf86p-ke13aq-klnwqy\" data-cel-widget=\"postPurchaseWhatsInTheBox_feature_div\"><\/div>\n<\/div>\n<\/div>\n<div id=\"dpx-aplus-brand-story_feature_div\">\n<div class=\"celwidget\" data-csa-c-id=\"rr8clq-hs6318-xv17el-3u5rpu\" data-cel-widget=\"dpx-aplus-brand-story_csm_instrumentation_wrapper\">\n<div id=\"aplusBrandStory_feature_div\" class=\"celwidget\" data-feature-name=\"aplusBrandStory\" data-csa-c-id=\"ti96be-hyakdt-x9wurf-uqxhzi\" data-cel-widget=\"aplusBrandStory_feature_div\"><\/div>\n<\/div>\n<\/div>\n<div id=\"dpx-aplus-product-description_feature_div\"><\/div>\n<div id=\"dpx-aplus-3p-product-description_feature_div\"><\/div>\n<div id=\"dpx-aplus-sustainability-story_feature_div\">\n<div class=\"celwidget\" data-csa-c-id=\"nsibh6-f5e5gd-3wm28s-prq7d4\" data-cel-widget=\"dpx-aplus-sustainability-story_csm_instrumentation_wrapper\">\n<div id=\"aplusSustainabilityStory_feature_div\" class=\"celwidget\" data-feature-name=\"aplusSustainabilityStory\" data-csa-c-id=\"fpp2ct-gfxqgz-6hxy5k-y3u6hd\" data-cel-widget=\"aplusSustainabilityStory_feature_div\"><\/div>\n<\/div>\n<\/div>\n<div id=\"dpx-default-important-information_feature_div\">\n<div class=\"celwidget\" data-csa-c-id=\"9bffdm-tz3kwi-zfin37-bca4y3\" data-cel-widget=\"dpx-default-important-information_csm_instrumentation_wrapper\">\n<div id=\"importantInformation_feature_div\" class=\"celwidget\" data-feature-name=\"importantInformation\" data-csa-c-id=\"l31qko-bn6dud-lol3mv-lip6c4\" data-cel-widget=\"importantInformation_feature_div\"><\/div>\n<\/div>\n<\/div>\n<div id=\"sims-consolidated-4_feature_div\"><\/div>\n<div class=\"celwidget\" data-csa-c-id=\"e2tboh-5bcfyw-not2p5-i1r1n4\" data-cel-widget=\"dpx-sponsored-products-detail_csm_instrumentation_wrapper\">\n<div id=\"sponsoredProducts2_feature_div\" class=\"celwidget\" data-feature-name=\"sponsoredProducts2\" data-csa-c-id=\"d74pzb-eyygqw-y1405d-dtv20u\" data-cel-widget=\"sponsoredProducts2_feature_div\"><\/div>\n<\/div>\n<div id=\"dp-ads-middle_feature_div\"><\/div>\n<div id=\"services-widget_feature_div\"><\/div>\n<div id=\"center-28_feature_div\"><\/div>\n<div id=\"dp-ads-center-promo_feature_div\"><\/div>\n","protected":false},"excerpt":{"rendered":"<ul class=\"a-unordered-list a-vertical a-spacing-mini\">\n<li><span class=\"a-list-item\">Adubo org\u00e2nico especial para abacate, manga, lichia, pitaiai\u00e1s, papaia, goiaba, etc.<\/span><\/li>\n<li><span class=\"a-list-item\">Aumenta a produtividade e o tamanho dos frutos.<\/span><\/li>\n<li><span class=\"a-list-item\">100% org\u00e2nico e de origem vegana. Elevada assimila\u00e7\u00e3o com NPK 8-1-5 + 74% de mat\u00e9ria org\u00e2nica e \u00e1cidos h\u00famicos. <\/span><\/li>\n<li><span class=\"a-list-item\">Aumento dos graus brix nos frutos e menor aborto de flores.<\/span><\/li>\n<li><span class=\"a-list-item\">Produto 100% natural e inofensivo para os animais, respeitando o meio ambiente.<\/span><\/li>\n<\/ul>\n","protected":false},"featured_media":11584,"comment_status":"open","ping_status":"closed","template":"","meta":{"_acf_changed":false},"product_brand":[],"product_cat":[325,323],"product_tag":[1411],"class_list":{"0":"post-17382","1":"product","2":"type-product","3":"status-publish","4":"has-post-thumbnail","6":"product_cat-fertilizantes","7":"product_cat-fertilizantes-solidos","8":"product_tag-caae-pt-pt","10":"first","11":"instock","12":"taxable","13":"shipping-taxable","14":"purchasable","15":"product-type-variable"},"acf":[],"_links":{"self":[{"href":"https:\/\/cultivers.es\/pt-pt\/wp-json\/wp\/v2\/product\/17382","targetHints":{"allow":["GET"]}}],"collection":[{"href":"https:\/\/cultivers.es\/pt-pt\/wp-json\/wp\/v2\/product"}],"about":[{"href":"https:\/\/cultivers.es\/pt-pt\/wp-json\/wp\/v2\/types\/product"}],"replies":[{"embeddable":true,"href":"https:\/\/cultivers.es\/pt-pt\/wp-json\/wp\/v2\/comments?post=17382"}],"wp:featuredmedia":[{"embeddable":true,"href":"https:\/\/cultivers.es\/pt-pt\/wp-json\/wp\/v2\/media\/11584"}],"wp:attachment":[{"href":"https:\/\/cultivers.es\/pt-pt\/wp-json\/wp\/v2\/media?parent=17382"}],"wp:term":[{"taxonomy":"product_brand","embeddable":true,"href":"https:\/\/cultivers.es\/pt-pt\/wp-json\/wp\/v2\/product_brand?post=17382"},{"taxonomy":"product_cat","embeddable":true,"href":"https:\/\/cultivers.es\/pt-pt\/wp-json\/wp\/v2\/product_cat?post=17382"},{"taxonomy":"product_tag","embeddable":true,"href":"https:\/\/cultivers.es\/pt-pt\/wp-json\/wp\/v2\/product_tag?post=17382"}],"curies":[{"name":"wp","href":"https:\/\/api.w.org\/{rel}","templated":true}]}}