{"id":17385,"date":"2021-10-22T12:12:43","date_gmt":"2021-10-22T12:12:43","guid":{"rendered":"https:\/\/cultivers.es\/abonos\/fertilizante-organico-para-jardim\/"},"modified":"2025-09-22T05:29:22","modified_gmt":"2025-09-22T05:29:22","slug":"fertilizante-organico-jardim-fertilizante-ecologico","status":"publish","type":"product","link":"https:\/\/cultivers.es\/pt-pt\/fertilizantes\/fertilizante-organico-jardim-fertilizante-ecologico\/","title":{"rendered":"Fertilizante org\u00e2nico para jardim"},"content":{"rendered":"<h2 class=\"a-spacing-mini\" style=\"text-align: center;\">Adubo org\u00e2nico de jardim para legumes de origem vegetal para aplicar no solo.<\/h2>\n<div class=\"detail-desc-decorate-richtext\" data-key=\"3\" data-spm-anchor-id=\"5261.product_publish.0.i25.e6044edfISAr1b\"><span class=\"slate-node-text\" data-key=\"4\"><span data-offset-key=\"4:0\" data-spm-anchor-id=\"5261.product_publish.0.i26.e6044edfISAr1b\">Adubo org\u00e2nico de origem vegetal, em forma de p\u00e9rola para facilitar a sua utiliza\u00e7\u00e3o. Rico em mat\u00e9ria org\u00e2nica e em \u00e1cidos h\u00famicos.  <\/span><\/span><\/div>\n<div class=\"detail-desc-decorate-richtext\" data-key=\"12\"><span class=\"slate-node-text\" data-key=\"11\"><span data-offset-key=\"11:0\" data-spm-anchor-id=\"5261.product_publish.0.i29.e6044edfISAr1b\">A contribui\u00e7\u00e3o da mat\u00e9ria org\u00e2nica do solo traz uma s\u00e9rie de vantagens para o solo.<\/span><\/span><\/div>\n<div data-key=\"12\"><\/div>\n<div class=\"detail-desc-decorate-richtext\" data-key=\"18\"><span class=\"slate-node-text\" data-key=\"17\"><span data-offset-key=\"17:0\" data-spm-anchor-id=\"5261.product_publish.0.i31.e6044edfISAr1b\">- Melhora a estrutura do solo<\/span><\/span><\/div>\n<div class=\"detail-desc-decorate-richtext\" data-key=\"20\"><span class=\"slate-node-text\" data-key=\"19\"><span data-offset-key=\"19:0\" data-spm-anchor-id=\"5261.product_publish.0.i30.e6044edfISAr1b\">- Optimiza a utiliza\u00e7\u00e3o da \u00e1gua<\/span><\/span><\/div>\n<div class=\"detail-desc-decorate-richtext\" data-key=\"22\"><span class=\"slate-node-text\" data-key=\"21\"><span data-offset-key=\"21:0\">- Reduz a compacta\u00e7\u00e3o<\/span><\/span><\/div>\n<div data-key=\"24\"><\/div>\n<div class=\"detail-desc-decorate-richtext\" data-key=\"24\"><span class=\"slate-node-text\" data-key=\"23\"><span data-offset-key=\"23:0\">Ativa os microrganismos da planta:<\/span><\/span><\/div>\n<div class=\"detail-desc-decorate-richtext\" data-key=\"26\"><span class=\"slate-node-text\" data-key=\"25\"><span data-offset-key=\"25:0\" data-spm-anchor-id=\"5261.product_publish.0.i32.e6044edfISAr1b\">-Melhora o sistema radicular<\/span><\/span><\/div>\n<div class=\"detail-desc-decorate-richtext\" data-key=\"28\"><span class=\"slate-node-text\" data-key=\"27\"><span data-offset-key=\"27:0\" data-spm-anchor-id=\"5261.product_publish.0.i33.e6044edfISAr1b\">-Reduz o stress<\/span><\/span><\/div>\n<div class=\"detail-desc-decorate-richtext\" data-key=\"30\"><span class=\"slate-node-text\" data-key=\"29\"><span data-offset-key=\"29:0\" data-spm-anchor-id=\"5261.product_publish.0.i34.e6044edfISAr1b\">-Liberta\u00e7\u00e3o lenta de azoto.<\/span><\/span><\/div>\n<div class=\"detail-desc-decorate-richtext\" data-key=\"32\"><\/div>\n<div class=\"detail-desc-decorate-richtext\" data-key=\"34\" data-spm-anchor-id=\"5261.product_publish.0.i35.e6044edfISAr1b\" data-slate-fragment=\"JTdCJTIyb2JqZWN0JTIyJTNBJTIyZG9jdW1lbnQlMjIlMkMlMjJkYXRhJTIyJTNBJTdCJTdEJTJDJTIybm9kZXMlMjIlM0ElNUIlN0IlMjJvYmplY3QlMjIlM0ElMjJibG9jayUyMiUyQyUyMnR5cGUlMjIlM0ElMjJkaXYlMjIlMkMlMjJpc1ZvaWQlMjIlM0FmYWxzZSUyQyUyMmRhdGElMjIlM0ElN0IlMjJjbGFzc05hbWUlMjIlM0ElMjJkZXRhaWxtb2R1bGVfaHRtbCUyMiU3RCUyQyUyMm5vZGVzJTIyJTNBJTVCJTdCJTIyb2JqZWN0JTIyJTNBJTIyYmxvY2slMjIlMkMlMjJ0eXBlJTIyJTNBJTIyZGl2JTIyJTJDJTIyaXNWb2lkJTIyJTNBZmFsc2UlMkMlMjJkYXRhJTIyJTNBJTdCJTIyY2xhc3NOYW1lJTIyJTNBJTIyZGV0YWlsLWRlc2MtZGVjb3JhdGUtcmljaHRleHQlMjIlN0QlMkMlMjJub2RlcyUyMiUzQSU1QiU3QiUyMm9iamVjdCUyMiUzQSUyMnRleHQlMjIlMkMlMjJsZWF2ZXMlMjIlM0ElNUIlN0IlMjJvYmplY3QlMjIlM0ElMjJsZWFmJTIyJTJDJTIydGV4dCUyMiUzQSUyMkFib25vJTIwb3JnJUMzJUExbmljbyUyMGRlJTIwb3JpZ2VuJTIwdmVnZXRhbC4lMjB0aWVuZSUyMGZvcm1hJTIwcGVybGFkYSUyMHBhcmElMjBmJUMzJUExY2lsJTIwdXNvLiUyMENvbiUyMGFsdG8lMjBjb250ZW5pZG8lMjBlbiUyMG1hdGVyaWElMjBvcmclQzMlQTFuaWNhJTIweSUyMCVDMyVBMWNpZG9zJTIwaCVDMyVCQW1pY29zLiUyMiUyQyUyMm1hcmtzJTIyJTNBJTVCJTVEJTdEJTVEJTdEJTVEJTdEJTJDJTdCJTIyb2JqZWN0JTIyJTNBJTIyYmxvY2slMjIlMkMlMjJ0eXBlJTIyJTNBJTIyZGl2JTIyJTJDJTIyaXNWb2lkJTIyJTNBZmFsc2UlMkMlMjJkYXRhJTIyJTNBJTdCJTIyY2xhc3NOYW1lJTIyJTNBJTIyZGV0YWlsLWRlc2MtZGVjb3JhdGUtcmljaHRleHQlMjIlN0QlMkMlMjJub2RlcyUyMiUzQSU1QiU3QiUyMm9iamVjdCUyMiUzQSUyMnRleHQlMjIlMkMlMjJsZWF2ZXMlMjIlM0ElNUIlN0IlMjJvYmplY3QlMjIlM0ElMjJsZWFmJTIyJTJDJTIydGV4dCUyMiUzQSUyMkVsJTIwYXBvcnRlJTIwZGUlMjBsYSUyMG1hdGVyaWElMjBvcmclQzMlQTFuaWNhJTIwZGVsJTIwc3VlbG8lMjBhcG9ydGElMjB1biUyMGNvbmp1bnRvJTIwZGUlMjB2ZW50YWphcyUyMGVuJTIwZWwlMjBzdWVsby4lMjIlMkMlMjJtYXJrcyUyMiUzQSU1QiU1RCU3RCU1RCU3RCU1RCU3RCUyQyU3QiUyMm9iamVjdCUyMiUzQSUyMmJsb2NrJTIyJTJDJTIydHlwZSUyMiUzQSUyMmRpdiUyMiUyQyUyMmlzVm9pZCUyMiUzQWZhbHNlJTJDJTIyZGF0YSUyMiUzQSU3QiUyMmNsYXNzTmFtZSUyMiUzQSUyMmRldGFpbC1kZXNjLWRlY29yYXRlLXJpY2h0ZXh0JTIyJTdEJTJDJTIybm9kZXMlMjIlM0ElNUIlN0IlMjJvYmplY3QlMjIlM0ElMjJ0ZXh0JTIyJTJDJTIybGVhdmVzJTIyJTNBJTVCJTdCJTIyb2JqZWN0JTIyJTNBJTIybGVhZiUyMiUyQyUyMnRleHQlMjIlM0ElMjItTWVqb3JhJTIwbGElMjBlc3RydWN0dXJhJTIwZGVsJTIwc3VlbG8lMjIlMkMlMjJtYXJrcyUyMiUzQSU1QiU1RCU3RCU1RCU3RCU1RCU3RCUyQyU3QiUyMm9iamVjdCUyMiUzQSUyMmJsb2NrJTIyJTJDJTIydHlwZSUyMiUzQSUyMmRpdiUyMiUyQyUyMmlzVm9pZCUyMiUzQWZhbHNlJTJDJTIyZGF0YSUyMiUzQSU3QiUyMmNsYXNzTmFtZSUyMiUzQSUyMmRldGFpbC1kZXNjLWRlY29yYXRlLXJpY2h0ZXh0JTIyJTdEJTJDJTIybm9kZXMlMjIlM0ElNUIlN0IlMjJvYmplY3QlMjIlM0ElMjJ0ZXh0JTIyJTJDJTIybGVhdmVzJTIyJTNBJTVCJTdCJTIyb2JqZWN0JTIyJTNBJTIybGVhZiUyMiUyQyUyMnRleHQlMjIlM0ElMjItJTIwb3B0aW1pemElMjBlbCUyMHVzbyUyMGRlJTIwYWd1YSUyMiUyQyUyMm1hcmtzJTIyJTNBJTVCJTVEJTdEJTVEJTdEJTVEJTdEJTJDJTdCJTIyb2JqZWN0JTIyJTNBJTIyYmxvY2slMjIlMkMlMjJ0eXBlJTIyJTNBJTIyZGl2JTIyJTJDJTIyaXNWb2lkJTIyJTNBZmFsc2UlMkMlMjJkYXRhJTIyJTNBJTdCJTIyY2xhc3NOYW1lJTIyJTNBJTIyZGV0YWlsLWRlc2MtZGVjb3JhdGUtcmljaHRleHQlMjIlN0QlMkMlMjJub2RlcyUyMiUzQSU1QiU3QiUyMm9iamVjdCUyMiUzQSUyMnRleHQlMjIlMkMlMjJsZWF2ZXMlMjIlM0ElNUIlN0IlMjJvYmplY3QlMjIlM0ElMjJsZWFmJTIyJTJDJTIydGV4dCUyMiUzQSUyMlJlZHVjZSUyMGxhJTIwY29tcGFjdGFjaSVDMyVCM24lMjIlMkMlMjJtYXJrcyUyMiUzQSU1QiU1RCU3RCU1RCU3RCU1RCU3RCUyQyU3QiUyMm9iamVjdCUyMiUzQSUyMmJsb2NrJTIyJTJDJTIydHlwZSUyMiUzQSUyMmRpdiUyMiUyQyUyMmlzVm9pZCUyMiUzQWZhbHNlJTJDJTIyZGF0YSUyMiUzQSU3QiUyMmNsYXNzTmFtZSUyMiUzQSUyMmRldGFpbC1kZXNjLWRlY29yYXRlLXJpY2h0ZXh0JTIyJTdEJTJDJTIybm9kZXMlMjIlM0ElNUIlN0IlMjJvYmplY3QlMjIlM0ElMjJ0ZXh0JTIyJTJDJTIybGVhdmVzJTIyJTNBJTVCJTdCJTIyb2JqZWN0JTIyJTNBJTIybGVhZiUyMiUyQyUyMnRleHQlMjIlM0ElMjJBY3RpdmElMjBsb3MlMjBtaWNyb29yZ2FuaXNtb3MlMjBlbiUyMGxhJTIwcGxhbnRhJTNBJTIyJTJDJTIybWFya3MlMjIlM0ElNUIlNUQlN0QlNUQlN0QlNUQlN0QlMkMlN0IlMjJvYmplY3QlMjIlM0ElMjJibG9jayUyMiUyQyUyMnR5cGUlMjIlM0ElMjJkaXYlMjIlMkMlMjJpc1ZvaWQlMjIlM0FmYWxzZSUyQyUyMmRhdGElMjIlM0ElN0IlMjJjbGFzc05hbWUlMjIlM0ElMjJkZXRhaWwtZGVzYy1kZWNvcmF0ZS1yaWNodGV4dCUyMiU3RCUyQyUyMm5vZGVzJTIyJTNBJTVCJTdCJTIyb2JqZWN0JTIyJTNBJTIydGV4dCUyMiUyQyUyMmxlYXZlcyUyMiUzQSU1QiU3QiUyMm9iamVjdCUyMiUzQSUyMmxlYWYlMjIlMkMlMjJ0ZXh0JTIyJTNBJTIyLU1lam9yYSUyMGVsJTIwc2lzdGVtYSUyMHJhZGljdWxhciUyMiUyQyUyMm1hcmtzJTIyJTNBJTVCJTVEJTdEJTVEJTdEJTVEJTdEJTJDJTdCJTIyb2JqZWN0JTIyJTNBJTIyYmxvY2slMjIlMkMlMjJ0eXBlJTIyJTNBJTIyZGl2JTIyJTJDJTIyaXNWb2lkJTIyJTNBZmFsc2UlMkMlMjJkYXRhJTIyJTNBJTdCJTIyY2xhc3NOYW1lJTIyJTNBJTIyZGV0YWlsLWRlc2MtZGVjb3JhdGUtcmljaHRleHQlMjIlN0QlMkMlMjJub2RlcyUyMiUzQSU1QiU3QiUyMm9iamVjdCUyMiUzQSUyMnRleHQlMjIlMkMlMjJsZWF2ZXMlMjIlM0ElNUIlN0IlMjJvYmplY3QlMjIlM0ElMjJsZWFmJTIyJTJDJTIydGV4dCUyMiUzQSUyMi1SZWR1Y2UlMjBlbCUyMGVzdHIlQzMlQTlzJTIyJTJDJTIybWFya3MlMjIlM0ElNUIlNUQlN0QlNUQlN0QlNUQlN0QlMkMlN0IlMjJvYmplY3QlMjIlM0ElMjJibG9jayUyMiUyQyUyMnR5cGUlMjIlM0ElMjJkaXYlMjIlMkMlMjJpc1ZvaWQlMjIlM0FmYWxzZSUyQyUyMmRhdGElMjIlM0ElN0IlMjJjbGFzc05hbWUlMjIlM0ElMjJkZXRhaWwtZGVzYy1kZWNvcmF0ZS1yaWNodGV4dCUyMiU3RCUyQyUyMm5vZGVzJTIyJTNBJTVCJTdCJTIyb2JqZWN0JTIyJTNBJTIydGV4dCUyMiUyQyUyMmxlYXZlcyUyMiUzQSU1QiU3QiUyMm9iamVjdCUyMiUzQSUyMmxlYWYlMjIlMkMlMjJ0ZXh0JTIyJTNBJTIyLUxpYmVyYWNpJUMzJUIzbiUyMGxlbnRhJTIwZGVsJTIwbml0ciVDMyVCM2dlbm8uJTIyJTJDJTIybWFya3MlMjIlM0ElNUIlNUQlN0QlNUQlN0QlNUQlN0QlMkMlN0IlMjJvYmplY3QlMjIlM0ElMjJibG9jayUyMiUyQyUyMnR5cGUlMjIlM0ElMjJkaXYlMjIlMkMlMjJpc1ZvaWQlMjIlM0FmYWxzZSUyQyUyMmRhdGElMjIlM0ElN0IlMjJjbGFzc05hbWUlMjIlM0ElMjJkZXRhaWwtZGVzYy1kZWNvcmF0ZS1yaWNodGV4dCUyMiU3RCUyQyUyMm5vZGVzJTIyJTNBJTVCJTdCJTIyb2JqZWN0JTIyJTNBJTIydGV4dCUyMiUyQyUyMmxlYXZlcyUyMiUzQSU1QiU3QiUyMm9iamVjdCUyMiUzQSUyMmxlYWYlMjIlMkMlMjJ0ZXh0JTIyJTNBJTIyJTIyJTJDJTIybWFya3MlMjIlM0ElNUIlNUQlN0QlNUQlN0QlNUQlN0QlMkMlN0IlMjJvYmplY3QlMjIlM0ElMjJibG9jayUyMiUyQyUyMnR5cGUlMjIlM0ElMjJkaXYlMjIlMkMlMjJpc1ZvaWQlMjIlM0FmYWxzZSUyQyUyMmRhdGElMjIlM0ElN0IlMjJjbGFzc05hbWUlMjIlM0ElMjJkZXRhaWwtZGVzYy1kZWNvcmF0ZS1yaWNodGV4dCUyMiU3RCUyQyUyMm5vZGVzJTIyJTNBJTVCJTdCJTIyb2JqZWN0JTIyJTNBJTIydGV4dCUyMiUyQyUyMmxlYXZlcyUyMiUzQSU1QiU3QiUyMm9iamVjdCUyMiUzQSUyMmxlYWYlMjIlMkMlMjJ0ZXh0JTIyJTNBJTIyTm8lMjBhY2VyY2FyJTIwYWwlMjB0cm9uY28lMjBhbCUyMGFib25hciUyMiUyQyUyMm1hcmtzJTIyJTNBJTVCJTVEJTdEJTVEJTdEJTVEJTdEJTVEJTdEJTVEJTdE\"><strong><span class=\"slate-node-text\" data-key=\"33\">N\u00e3o te aproximes do tronco para fertilizar<\/span><\/strong><\/div>\n<p class=\"a-spacing-base\">Adubo org\u00e2nico para jardim. O nosso adubo de horta com uma elevada quantidade de mat\u00e9ria org\u00e2nica, azoto, pot\u00e1ssio, \u00e1cidos h\u00famicos e f\u00falvicos, com carater\u00edsticas tecnol\u00f3gicas melhoradas, em forma de p\u00e9rola para uma aplica\u00e7\u00e3o f\u00e1cil. <\/p>\n<p class=\"a-spacing-base\">Os seus gr\u00e2nulos de tamanho uniforme s\u00e3o adequados para a aplica\u00e7\u00e3o manual e mecanizada. Em contacto com o solo, incorpora-se rapidamente e tem uma solubilidade de 99%. Pode ser aplicado como adubo de fundo e de cobertura.  <\/p>\n","protected":false},"excerpt":{"rendered":"<ul class=\"a-unordered-list a-vertical a-spacing-mini\">\n<li><span class=\"a-list-item\">Estimula o crescimento e aumenta a produtividade das culturas hort\u00edcolas.<\/span><\/li>\n<li><span class=\"a-list-item\">Dosagem: 100 gramas de planta repartidos ao longo do ciclo vegetativo.<\/span><\/li>\n<li><span class=\"a-list-item\">Adubo org\u00e2nico sob a forma de microgr\u00e2nulos de liberta\u00e7\u00e3o lenta e controlada. Refor\u00e7a a resist\u00eancia \u00e0s doen\u00e7as. Melhora o desenvolvimento das ra\u00edzes das plantas e a absor\u00e7\u00e3o dos nutrientes.  <\/span><\/li>\n<li><span class=\"a-list-item\">Fertilizante org\u00e2nico ecol\u00f3gico NPK Mat\u00e9ria org\u00e2nica e microelementos.<\/span><\/li>\n<li><span class=\"a-list-item\">100% natural e inofensivo para animais e plantas.<\/span><\/li>\n<\/ul>\n","protected":false},"featured_media":11728,"comment_status":"open","ping_status":"closed","template":"","meta":{"_acf_changed":false},"product_brand":[],"product_cat":[1275,325,323],"product_tag":[1411],"class_list":{"0":"post-17385","1":"product","2":"type-product","3":"status-publish","4":"has-post-thumbnail","6":"product_cat-adubos-recomendados","7":"product_cat-fertilizantes","8":"product_cat-fertilizantes-solidos","9":"product_tag-caae-pt-pt","11":"first","12":"instock","13":"taxable","14":"shipping-taxable","15":"purchasable","16":"product-type-variable"},"acf":[],"_links":{"self":[{"href":"https:\/\/cultivers.es\/pt-pt\/wp-json\/wp\/v2\/product\/17385","targetHints":{"allow":["GET"]}}],"collection":[{"href":"https:\/\/cultivers.es\/pt-pt\/wp-json\/wp\/v2\/product"}],"about":[{"href":"https:\/\/cultivers.es\/pt-pt\/wp-json\/wp\/v2\/types\/product"}],"replies":[{"embeddable":true,"href":"https:\/\/cultivers.es\/pt-pt\/wp-json\/wp\/v2\/comments?post=17385"}],"wp:featuredmedia":[{"embeddable":true,"href":"https:\/\/cultivers.es\/pt-pt\/wp-json\/wp\/v2\/media\/11728"}],"wp:attachment":[{"href":"https:\/\/cultivers.es\/pt-pt\/wp-json\/wp\/v2\/media?parent=17385"}],"wp:term":[{"taxonomy":"product_brand","embeddable":true,"href":"https:\/\/cultivers.es\/pt-pt\/wp-json\/wp\/v2\/product_brand?post=17385"},{"taxonomy":"product_cat","embeddable":true,"href":"https:\/\/cultivers.es\/pt-pt\/wp-json\/wp\/v2\/product_cat?post=17385"},{"taxonomy":"product_tag","embeddable":true,"href":"https:\/\/cultivers.es\/pt-pt\/wp-json\/wp\/v2\/product_tag?post=17385"}],"curies":[{"name":"wp","href":"https:\/\/api.w.org\/{rel}","templated":true}]}}