{"id":17392,"date":"2021-10-22T12:12:43","date_gmt":"2021-10-22T12:12:43","guid":{"rendered":"https:\/\/cultivers.es\/abonos\/fertilizante-organico-universal-para-plantas\/"},"modified":"2025-09-22T05:08:55","modified_gmt":"2025-09-22T05:08:55","slug":"fertilizante-universal-ecologico","status":"publish","type":"product","link":"https:\/\/cultivers.es\/pt-pt\/fertilizantes\/fertilizante-universal-ecologico\/","title":{"rendered":"Fertilizante org\u00e2nico universal para plantas"},"content":{"rendered":"<p>[et_pb_section bb_built=&#8221;1&#8243;][et_pb_row][et_pb_column type=&#8221;4_4&#8243;][et_pb_text]<\/p>\n<p class=\"a-spacing-base\">Abono Plantas Universal Ecol\u00f3gico. Abono orga\u0301nico de origen vegetal para aplicar al suelo para todo tipo de plantas. Contiene una alta cantidad de materia orga\u0301nica, nitro\u0301geno, potasio, a\u0301cidos hu\u0301micos y fu\u0301lvicos.<\/p>\n<p class=\"a-spacing-base\">Esta fabricado con unas caracteri\u0301sticas tecnolo\u0301gicas mejoradas, en forma perlada de fa\u0301cil aplicacio\u0301n. Se incorpora r\u00e1pidamente al suelo.<\/p>\n<p class=\"a-spacing-base\">Abono Plantas Universal Ecol\u00f3gico incorpora nitro\u0301geno y potasio, contiene <a href=\"https:\/\/cultivers.es\/pt-pt\/abonos-ecologicos\/fertilizantes\/acidos-humicos\/\">A\u0301CIDOS HU\u0301MICOS<\/a> de gran calidad que mejoran la estructura del suelo.<\/p>\n<p class=\"a-spacing-base\">La relacio\u0301n de carbono y nitro\u0301geno facilita la extraccio\u0301n de minerales por las rai\u0301ces, y mejora la poblacio\u0301n de microorganismos bene\u0301ficos del suelo, formando agregados y facilitando la oxigenacio\u0301n de los suelos.<\/p>\n<p class=\"a-spacing-base\">No se lixivia en caso de fuertes lluvias. Es un producto estable que optimiza la relacio\u0301n suelo-microorganismos de forma eficiente. Incluso con inclemencias clima\u0301ticas, forma agregados, facilitando la oxigenacio\u0301n de los suelo<\/p>\n<p>[\/et_pb_text][\/et_pb_column][\/et_pb_row][\/et_pb_section]<\/p>\n","protected":false},"excerpt":{"rendered":"<ul class=\"a-unordered-list a-vertical a-spacing-mini\">\n<li><span class=\"a-list-item\">Fertilizante org\u00e2nico para todos os tipos de plantas de interior e exterior<\/span><\/li>\n<li><span class=\"a-list-item\">Fertilizante para todos os tipos de plantas de origem vegetal desenvolvido para fornecer toda a nutri\u00e7\u00e3o vegetal.<\/span><\/li>\n<li><span class=\"a-list-item\">Estimulador de crescimento e flora\u00e7\u00e3o para plantas<\/span><\/li>\n<li><span class=\"a-list-item\">Fertilizante facilmente absorvido e estrutura melhorada do solo ou da terra para vasos, ajudando a reten\u00e7\u00e3o de fluidos e poupando \u00e1gua.<\/span><\/li>\n<li><span class=\"a-list-item\">N\u00e3o produz qualquer odor<\/span><\/li>\n<\/ul>\n","protected":false},"featured_media":11720,"comment_status":"open","ping_status":"closed","template":"","meta":{"_acf_changed":false},"product_brand":[],"product_cat":[325,323],"product_tag":[1411],"class_list":{"0":"post-17392","1":"product","2":"type-product","3":"status-publish","4":"has-post-thumbnail","6":"product_cat-fertilizantes","7":"product_cat-fertilizantes-solidos","8":"product_tag-caae-pt-pt","10":"first","11":"instock","12":"taxable","13":"shipping-taxable","14":"purchasable","15":"product-type-variable"},"acf":[],"_links":{"self":[{"href":"https:\/\/cultivers.es\/pt-pt\/wp-json\/wp\/v2\/product\/17392","targetHints":{"allow":["GET"]}}],"collection":[{"href":"https:\/\/cultivers.es\/pt-pt\/wp-json\/wp\/v2\/product"}],"about":[{"href":"https:\/\/cultivers.es\/pt-pt\/wp-json\/wp\/v2\/types\/product"}],"replies":[{"embeddable":true,"href":"https:\/\/cultivers.es\/pt-pt\/wp-json\/wp\/v2\/comments?post=17392"}],"wp:featuredmedia":[{"embeddable":true,"href":"https:\/\/cultivers.es\/pt-pt\/wp-json\/wp\/v2\/media\/11720"}],"wp:attachment":[{"href":"https:\/\/cultivers.es\/pt-pt\/wp-json\/wp\/v2\/media?parent=17392"}],"wp:term":[{"taxonomy":"product_brand","embeddable":true,"href":"https:\/\/cultivers.es\/pt-pt\/wp-json\/wp\/v2\/product_brand?post=17392"},{"taxonomy":"product_cat","embeddable":true,"href":"https:\/\/cultivers.es\/pt-pt\/wp-json\/wp\/v2\/product_cat?post=17392"},{"taxonomy":"product_tag","embeddable":true,"href":"https:\/\/cultivers.es\/pt-pt\/wp-json\/wp\/v2\/product_tag?post=17392"}],"curies":[{"name":"wp","href":"https:\/\/api.w.org\/{rel}","templated":true}]}}