{"id":17397,"date":"2021-10-22T12:12:43","date_gmt":"2021-10-22T12:12:43","guid":{"rendered":"https:\/\/cultivers.es\/abonos\/fertilizante-organico-para-bonsai\/"},"modified":"2025-09-22T05:08:18","modified_gmt":"2025-09-22T05:08:18","slug":"fertilizante-bonsai-ecologico","status":"publish","type":"product","link":"https:\/\/cultivers.es\/pt-pt\/fertilizantes\/fertilizante-bonsai-ecologico\/","title":{"rendered":"Fertilizante org\u00e2nico para bonsai"},"content":{"rendered":"<p>O Fertilizante Ecol\u00f3gico Bonsai \u00e9 um fertilizante org\u00e2nico para Bonsai de origem vegetal para ser aplicado no solo. Adubo para bonsai com elevada quantidade de mat\u00e9ria org\u00e2nica, azoto, pot\u00e1ssio, \u00e1cidos h\u00famicos e f\u00falvicos, com carater\u00edsticas tecnol\u00f3gicas melhoradas, em forma de p\u00e9rola para f\u00e1cil aplica\u00e7\u00e3o. <\/p>\n<p class=\"a-spacing-base\">No nosso fertilizante org\u00e2nico para bonsai, os gr\u00e2nulos de tamanho uniforme s\u00e3o adequados para aplica\u00e7\u00e3o manual e mecanizada. Em contacto com o solo, \u00e9 rapidamente incorporado no solo e tem uma solubilidade de 99%. <\/p>\n<p class=\"a-spacing-base\">Pode ser aplicado como fertilizante de cobertura e de fundo. Adubo para tomate com incorpora\u00e7\u00e3o de azoto e pot\u00e1ssio, cont\u00e9m \u00c1CIDOS H\u00daMICOS de alta qualidade que melhoram a estrutura do solo. <\/p>\n<p class=\"a-spacing-base\">A rela\u00e7\u00e3o carbono\/azoto facilita a extra\u00e7\u00e3o de minerais pelas ra\u00edzes e aumenta a popula\u00e7\u00e3o de microrganismos ben\u00e9ficos para o solo, formando agregados e facilitando a oxigena\u00e7\u00e3o do solo.<\/p>\n<p class=\"a-spacing-base\">N\u00e3o lixivia em caso de chuvas fortes. Optimiza eficazmente a rela\u00e7\u00e3o solo-microorganismos. Mesmo com mau tempo, forma agregados, facilitando a oxigena\u00e7\u00e3o do solo.  <\/p>\n<h2 class=\"a-spacing-mini\">Efic\u00e1cia dos \u00e1cidos h\u00famicos presentes no nosso Fertilizante Org\u00e2nico para Bonsai<\/h2>\n<p>Os \u00e1cidos h\u00famicos do nosso composto para bonsai est\u00e3o presentes no solo e s\u00e3o a parte mais ativa da mat\u00e9ria org\u00e2nica do solo. S\u00e3o uma mistura de mol\u00e9culas org\u00e2nicas complexas que se formam pela decomposi\u00e7\u00e3o e oxida\u00e7\u00e3o da mat\u00e9ria org\u00e2nica. A humifica\u00e7\u00e3o \u00e9, portanto, um processo progressivo que leva \u00e0 forma\u00e7\u00e3o de \u00e1cidos h\u00famicos.  <\/p>\n<p>Os \u00e1cidos h\u00famicos e f\u00falvicos s\u00e3o excelentes quelantes, promovem a absor\u00e7\u00e3o de nutrientes ao n\u00edvel das ra\u00edzes e quelam a maioria dos nutrientes, tornando-os dispon\u00edveis para a planta atrav\u00e9s das ra\u00edzes.<\/p>\n","protected":false},"excerpt":{"rendered":"<ul class=\"a-unordered-list a-vertical a-spacing-mini\">\n<li><span class=\"a-list-item\">Fertilizante sob a forma de microgr\u00e2nulos de liberta\u00e7\u00e3o lenta e controlada.<\/span><\/li>\n<li><span class=\"a-list-item\">Crescimento controlado de novos entren\u00f3s<\/span><\/li>\n<li><span class=\"a-list-item\">Adubo org\u00e2nico ecol\u00f3gico com uma elevada concentra\u00e7\u00e3o de NPK.<\/span><\/li>\n<li><span class=\"a-list-item\">Adubo org\u00e2nico de material vegetal de alta qualidade, obtido por fermenta\u00e7\u00e3o controlada, para uma nutri\u00e7\u00e3o equilibrada.<\/span><\/li>\n<li><span class=\"a-list-item\">100% org\u00e2nico e de origem natural.<\/span><\/li>\n<\/ul>\n","protected":false},"featured_media":11700,"comment_status":"open","ping_status":"closed","template":"","meta":{"_acf_changed":false},"product_brand":[],"product_cat":[355,325,323],"product_tag":[1411],"woo-feed-brand":[],"class_list":{"0":"post-17397","1":"product","2":"type-product","3":"status-publish","4":"has-post-thumbnail","6":"product_cat-bonsai-pt-pt","7":"product_cat-fertilizantes","8":"product_cat-fertilizantes-solidos","9":"product_tag-caae-pt-pt","11":"first","12":"instock","13":"taxable","14":"shipping-taxable","15":"purchasable","16":"product-type-variable"},"acf":[],"_links":{"self":[{"href":"https:\/\/cultivers.es\/pt-pt\/wp-json\/wp\/v2\/product\/17397","targetHints":{"allow":["GET"]}}],"collection":[{"href":"https:\/\/cultivers.es\/pt-pt\/wp-json\/wp\/v2\/product"}],"about":[{"href":"https:\/\/cultivers.es\/pt-pt\/wp-json\/wp\/v2\/types\/product"}],"replies":[{"embeddable":true,"href":"https:\/\/cultivers.es\/pt-pt\/wp-json\/wp\/v2\/comments?post=17397"}],"wp:featuredmedia":[{"embeddable":true,"href":"https:\/\/cultivers.es\/pt-pt\/wp-json\/wp\/v2\/media\/11700"}],"wp:attachment":[{"href":"https:\/\/cultivers.es\/pt-pt\/wp-json\/wp\/v2\/media?parent=17397"}],"wp:term":[{"taxonomy":"product_brand","embeddable":true,"href":"https:\/\/cultivers.es\/pt-pt\/wp-json\/wp\/v2\/product_brand?post=17397"},{"taxonomy":"product_cat","embeddable":true,"href":"https:\/\/cultivers.es\/pt-pt\/wp-json\/wp\/v2\/product_cat?post=17397"},{"taxonomy":"product_tag","embeddable":true,"href":"https:\/\/cultivers.es\/pt-pt\/wp-json\/wp\/v2\/product_tag?post=17397"},{"taxonomy":"woo-feed-brand","embeddable":true,"href":"https:\/\/cultivers.es\/pt-pt\/wp-json\/wp\/v2\/woo-feed-brand?post=17397"}],"curies":[{"name":"wp","href":"https:\/\/api.w.org\/{rel}","templated":true}]}}