{"id":17451,"date":"2021-10-22T12:12:42","date_gmt":"2021-10-22T12:12:42","guid":{"rendered":"https:\/\/cultivers.es\/abonos\/fertilizante-organico-para-tomates\/"},"modified":"2025-09-22T05:29:01","modified_gmt":"2025-09-22T05:29:01","slug":"adubo-organico-tomate-ecologico","status":"publish","type":"product","link":"https:\/\/cultivers.es\/pt-pt\/fertilizantes\/adubo-organico-tomate-ecologico\/","title":{"rendered":"Fertilizante org\u00e2nico para tomates"},"content":{"rendered":"<p>Adubo vegetal org\u00e2nico, com \u00e1cidos h\u00famicos e pot\u00e1ssio. A contribui\u00e7\u00e3o dos \u00e1cidos h\u00famicos para a cultura do tomate tem m\u00faltiplas vantagens. <\/p>\n<h3>Benef\u00edcios do Fertilizante Org\u00e2nico Microgranulado para Tomate<\/h3>\n<ul>\n<li>Melhora o sistema radicular.<\/li>\n<li>Favorece a assimila\u00e7\u00e3o dos macro e micronutrientes.<\/li>\n<li>O pot\u00e1ssio aumenta o tamanho, a cor e o peso.<\/li>\n<\/ul>\n<h3>Componentes mais importantes do fertilizante de tomate<\/h3>\n<p class=\"a-spacing-base\">Cultivers Organic Tomato Fertiliser cont\u00e9m:<\/p>\n<ul>\n<li class=\"a-spacing-base\">Elevada quantidade de mat\u00e9ria org\u00e2nica<\/li>\n<li class=\"a-spacing-base\">Nitrog\u00e9nio<\/li>\n<li class=\"a-spacing-base\">Pot\u00e1ssio<\/li>\n<li class=\"a-spacing-base\">\u00c1cidos h\u00famicos e f\u00falvicos<\/li>\n<li class=\"a-spacing-base\">Carater\u00edsticas tecnol\u00f3gicas melhoradas<\/li>\n<li class=\"a-spacing-base\">Forma de p\u00e9rola f\u00e1cil de aplicar.<\/li>\n<\/ul>\n<h3>Vantagens do adubo org\u00e2nico de tomate em gr\u00e2nulos<\/h3>\n<p class=\"a-spacing-base\">Os seus gr\u00e2nulos de tamanho uniforme s\u00e3o adequados para a aplica\u00e7\u00e3o manual e mecanizada. Em contacto com o solo, incorpora-se rapidamente e tem uma solubilidade de 99%. Pode ser aplicado como adubo de fundo e de cobertura.  <\/p>\n<p class=\"a-spacing-base\">A rela\u00e7\u00e3o carbono\/azoto facilita a extra\u00e7\u00e3o de minerais pelas ra\u00edzes e aumenta a popula\u00e7\u00e3o de microrganismos ben\u00e9ficos para o solo, formando agregados e facilitando a oxigena\u00e7\u00e3o do solo.<\/p>\n<p class=\"a-spacing-base\">O nosso adubo org\u00e2nico para tomate n\u00e3o lixivia em caso de chuva forte. Optimiza a rela\u00e7\u00e3o solo-microorganismos de forma eficaz. Mesmo com mau tempo, forma agregados, facilitando a oxigena\u00e7\u00e3o do solo.  <\/p>\n","protected":false},"excerpt":{"rendered":"<p>Fertilizante org\u00e2nico granulado para tomates:<\/p>\n<ul class=\"a-unordered-list a-vertical a-spacing-mini\">\n<li><span class=\"a-list-item\">Estimula o crescimento e aumenta a produtividade das culturas. Refor\u00e7a a resist\u00eancia \u00e0s doen\u00e7as. <\/span><\/li>\n<li><span class=\"a-list-item\">Dosagem: 5 gramas por planta. Melhora o desenvolvimento das ra\u00edzes das plantas e a absor\u00e7\u00e3o de nutrientes. <\/span><\/li>\n<li><span class=\"a-list-item\">Fertilizante org\u00e2nico sob a forma de microgr\u00e2nulos de liberta\u00e7\u00e3o lenta e controlada.<\/span><\/li>\n<li><span class=\"a-list-item\">Adubo org\u00e2nico ecol\u00f3gico com NPK, mat\u00e9ria org\u00e2nica e microelementos.<\/span><\/li>\n<li><span class=\"a-list-item\">100% natural e inofensivo para animais e plantas.<\/span><\/li>\n<\/ul>\n","protected":false},"featured_media":11768,"comment_status":"open","ping_status":"closed","template":"","meta":{"_acf_changed":false},"product_brand":[],"product_cat":[325,323,366],"product_tag":[1411],"class_list":{"0":"post-17451","1":"product","2":"type-product","3":"status-publish","4":"has-post-thumbnail","6":"product_cat-fertilizantes","7":"product_cat-fertilizantes-solidos","8":"product_cat-tomates-pt-pt","9":"product_tag-caae-pt-pt","11":"first","12":"instock","13":"taxable","14":"shipping-taxable","15":"purchasable","16":"product-type-variable"},"acf":[],"_links":{"self":[{"href":"https:\/\/cultivers.es\/pt-pt\/wp-json\/wp\/v2\/product\/17451","targetHints":{"allow":["GET"]}}],"collection":[{"href":"https:\/\/cultivers.es\/pt-pt\/wp-json\/wp\/v2\/product"}],"about":[{"href":"https:\/\/cultivers.es\/pt-pt\/wp-json\/wp\/v2\/types\/product"}],"replies":[{"embeddable":true,"href":"https:\/\/cultivers.es\/pt-pt\/wp-json\/wp\/v2\/comments?post=17451"}],"wp:featuredmedia":[{"embeddable":true,"href":"https:\/\/cultivers.es\/pt-pt\/wp-json\/wp\/v2\/media\/11768"}],"wp:attachment":[{"href":"https:\/\/cultivers.es\/pt-pt\/wp-json\/wp\/v2\/media?parent=17451"}],"wp:term":[{"taxonomy":"product_brand","embeddable":true,"href":"https:\/\/cultivers.es\/pt-pt\/wp-json\/wp\/v2\/product_brand?post=17451"},{"taxonomy":"product_cat","embeddable":true,"href":"https:\/\/cultivers.es\/pt-pt\/wp-json\/wp\/v2\/product_cat?post=17451"},{"taxonomy":"product_tag","embeddable":true,"href":"https:\/\/cultivers.es\/pt-pt\/wp-json\/wp\/v2\/product_tag?post=17451"}],"curies":[{"name":"wp","href":"https:\/\/api.w.org\/{rel}","templated":true}]}}