{"id":17581,"date":"2021-10-22T12:12:46","date_gmt":"2021-10-22T12:12:46","guid":{"rendered":"https:\/\/cultivers.es\/abonos\/fertilizante-tropical-liquido-organico\/"},"modified":"2025-09-22T04:53:12","modified_gmt":"2025-09-22T04:53:12","slug":"fertilizante-tropical-tropical-ecologico-liquido","status":"publish","type":"product","link":"https:\/\/cultivers.es\/pt-pt\/fertilizantes\/fertilizante-tropical-tropical-ecologico-liquido\/","title":{"rendered":"Fertilizante Tropical L\u00edquido Org\u00e2nico"},"content":{"rendered":"<p>Fertilizante <a href=\"https:\/\/cultivers.es\/pt-pt\/abonos-ecologicos\/plantacoes\/tropical-pt-pt\/\">Tropical<\/a> L\u00edquido Ecol\u00f3gico. O fertilizante tropical ecol\u00f3gico \u00e9 um composto org\u00e2nico l\u00edquido de a\u00e7\u00e3o imediata, desenvolvido para o fornecimento cont\u00ednuo de nutrientes. A sua f\u00f3rmula cont\u00e9m Ferro, Zinco e Mangan\u00eas quelatados por EDTA para aumentar a frutifica\u00e7\u00e3o e a produ\u00e7\u00e3o de frutos. O seu teor de pot\u00e1ssio melhora a engorda e corrige a produ\u00e7\u00e3o de frutos.   <\/p>\n","protected":false},"excerpt":{"rendered":"<ul class=\"a-unordered-list a-vertical a-spacing-mini\">\n<li><span class=\"a-list-item\">Adubo l\u00edquido org\u00e2nico especial para culturas tropicais de abacate, manga, lichia, pitaiai\u00e1s, papaia e goiaba.<\/span><\/li>\n<li><span class=\"a-list-item\">Equil\u00edbrio \u00f3timo de nutrientes essenciais para o crescimento vegetativo e a frutifica\u00e7\u00e3o<\/span><\/li>\n<li><span class=\"a-list-item\">solu\u00e7\u00e3o npk 3-1-7; fornecimento combinado de macronutrientes (azoto, f\u00f3sforo e pot\u00e1ssio) e de micronutrientes (boro, c\u00e1lcio, ferro, magn\u00e9sio, molibd\u00e9nio e zinco) para uma nutri\u00e7\u00e3o mais completa e equilibrada; os amino\u00e1cidos favorecem a assimila\u00e7\u00e3o dos elementos e proporcionam uma a\u00e7\u00e3o bioestimulante.<\/span><\/li>\n<li><span class=\"a-list-item\">Facilita o desenvolvimento da planta em situa\u00e7\u00f5es de stress, permitindo uma melhor recupera\u00e7\u00e3o da planta.<\/span><\/li>\n<li><span class=\"a-list-item\">Produto 100% natural e amigo dos animais, amigo do ambiente.<\/span><\/li>\n<\/ul>\n","protected":false},"featured_media":27261,"comment_status":"open","ping_status":"closed","template":"","meta":{"_acf_changed":false},"product_brand":[],"product_cat":[325,402],"product_tag":[1411],"class_list":{"0":"post-17581","1":"product","2":"type-product","3":"status-publish","4":"has-post-thumbnail","6":"product_cat-fertilizantes","7":"product_cat-fertilizantes-liquidos","8":"product_tag-caae-pt-pt","10":"first","11":"instock","12":"taxable","13":"shipping-taxable","14":"purchasable","15":"product-type-variable"},"acf":[],"_links":{"self":[{"href":"https:\/\/cultivers.es\/pt-pt\/wp-json\/wp\/v2\/product\/17581","targetHints":{"allow":["GET"]}}],"collection":[{"href":"https:\/\/cultivers.es\/pt-pt\/wp-json\/wp\/v2\/product"}],"about":[{"href":"https:\/\/cultivers.es\/pt-pt\/wp-json\/wp\/v2\/types\/product"}],"replies":[{"embeddable":true,"href":"https:\/\/cultivers.es\/pt-pt\/wp-json\/wp\/v2\/comments?post=17581"}],"wp:featuredmedia":[{"embeddable":true,"href":"https:\/\/cultivers.es\/pt-pt\/wp-json\/wp\/v2\/media\/27261"}],"wp:attachment":[{"href":"https:\/\/cultivers.es\/pt-pt\/wp-json\/wp\/v2\/media?parent=17581"}],"wp:term":[{"taxonomy":"product_brand","embeddable":true,"href":"https:\/\/cultivers.es\/pt-pt\/wp-json\/wp\/v2\/product_brand?post=17581"},{"taxonomy":"product_cat","embeddable":true,"href":"https:\/\/cultivers.es\/pt-pt\/wp-json\/wp\/v2\/product_cat?post=17581"},{"taxonomy":"product_tag","embeddable":true,"href":"https:\/\/cultivers.es\/pt-pt\/wp-json\/wp\/v2\/product_tag?post=17581"}],"curies":[{"name":"wp","href":"https:\/\/api.w.org\/{rel}","templated":true}]}}