{"id":17584,"date":"2021-10-22T12:12:47","date_gmt":"2021-10-22T12:12:47","guid":{"rendered":"https:\/\/cultivers.es\/abonos\/forca-solo\/"},"modified":"2025-09-22T04:57:21","modified_gmt":"2025-09-22T04:57:21","slug":"forca-solo","status":"publish","type":"product","link":"https:\/\/cultivers.es\/pt-pt\/fertilizantes\/forca-solo\/","title":{"rendered":"For\u00e7a Solo"},"content":{"rendered":"<div class=\"page\" title=\"P\u00e1gina 1\">\n<div class=\"section\">\n<div class=\"layoutArea\">\n<div class=\"column\">\n<p>As plantas sintetizam amino\u00e1cidos a partir do azoto absorvido sob a forma de nitrato ou de am\u00f3nio. Para al\u00e9m da sua fun\u00e7\u00e3o estrutural, s\u00e3o indispens\u00e1veis nos processos bioqu\u00edmicos da planta, fazendo parte da composi\u00e7\u00e3o de enzimas, hormonas e v\u00e1rios compostos envolvidos na defesa e imunidade. <\/p>\n<p>FORCE-SOIL \u00e9 uma formula\u00e7\u00e3o l\u00edquida de origem natural com uma elevada concentra\u00e7\u00e3o de amino\u00e1cidos org\u00e2nicos obtidos por hidr\u00f3lise enzim\u00e1tica, complementada com mat\u00e9ria org\u00e2nica.<br \/>\nPossui uma concentra\u00e7\u00e3o de 42% de mat\u00e9ria org\u00e2nica de origem vegetal, com uma concentra\u00e7\u00e3o de 10% de glicina\/beta\u00edna, que melhora as propriedades osmorreguladoras da planta, assim como reduz os epis\u00f3dios de stress provocados por agentes externos (bi\u00f3ticos e abi\u00f3ticos). Favorece colheitas abundantes ao melhorar a capacidade de reten\u00e7\u00e3o de \u00e1gua e nutrientes. <\/p>\n<p>Pode ser aplicado durante todo o ciclo vegetativo da cultura para melhorar as propriedades f\u00edsico-qu\u00edmicas do solo, otimizar a capacidade de troca cati\u00f3nica e promover um melhor desenvolvimento das ra\u00edzes.<\/p>\n<p>A sua aplica\u00e7\u00e3o constante melhora a fertilidade do solo, ao mesmo tempo que reduz a presen\u00e7a de elementos na fase de bloqueio. Isto facilita a sua assimila\u00e7\u00e3o pela planta e evita poss\u00edveis antagonismos. <\/p>\n<\/div>\n<\/div>\n<\/div>\n<\/div>\n","protected":false},"excerpt":{"rendered":"<ul class=\"a-unordered-list a-vertical a-spacing-mini\">\n<li><span class=\"a-list-item\">Concentra 50% de mat\u00e9ria org\u00e2nica de origem vegetal para melhorar as propriedades do solo.<\/span><\/li>\n<li><span class=\"a-list-item\">FORCE-SOIL promove a atividade microbiana no solo, facilitando a disponibilidade de nutrientes.<\/span><\/li>\n<li><span class=\"a-list-item\">aumenta a fertilidade do solo, melhora as condi\u00e7\u00f5es do solo, melhora as intera\u00e7\u00f5es solo-planta<\/span><\/li>\n<li><span class=\"a-list-item\">FORCE SOIL pode ser aplicado durante toda a esta\u00e7\u00e3o de crescimento para melhorar as propriedades f\u00edsico-qu\u00edmicas do solo,<\/span><\/li>\n<li><span class=\"a-list-item\">Devido \u00e0 sua formula\u00e7\u00e3o equilibrada e ao seu car\u00e1cter ligeiramente \u00e1cido, \u00e9 ideal para utiliza\u00e7\u00e3o em solos alcalinos.<\/span><\/li>\n<\/ul>\n","protected":false},"featured_media":11540,"comment_status":"open","ping_status":"closed","template":"","meta":{"_acf_changed":false},"product_brand":[],"product_cat":[406],"product_tag":[],"woo-feed-brand":[],"class_list":{"0":"post-17584","1":"product","2":"type-product","3":"status-publish","4":"has-post-thumbnail","6":"product_cat-regeneradores-de-solos","8":"first","9":"instock","10":"taxable","11":"shipping-taxable","12":"purchasable","13":"product-type-variable"},"acf":[],"_links":{"self":[{"href":"https:\/\/cultivers.es\/pt-pt\/wp-json\/wp\/v2\/product\/17584","targetHints":{"allow":["GET"]}}],"collection":[{"href":"https:\/\/cultivers.es\/pt-pt\/wp-json\/wp\/v2\/product"}],"about":[{"href":"https:\/\/cultivers.es\/pt-pt\/wp-json\/wp\/v2\/types\/product"}],"replies":[{"embeddable":true,"href":"https:\/\/cultivers.es\/pt-pt\/wp-json\/wp\/v2\/comments?post=17584"}],"wp:featuredmedia":[{"embeddable":true,"href":"https:\/\/cultivers.es\/pt-pt\/wp-json\/wp\/v2\/media\/11540"}],"wp:attachment":[{"href":"https:\/\/cultivers.es\/pt-pt\/wp-json\/wp\/v2\/media?parent=17584"}],"wp:term":[{"taxonomy":"product_brand","embeddable":true,"href":"https:\/\/cultivers.es\/pt-pt\/wp-json\/wp\/v2\/product_brand?post=17584"},{"taxonomy":"product_cat","embeddable":true,"href":"https:\/\/cultivers.es\/pt-pt\/wp-json\/wp\/v2\/product_cat?post=17584"},{"taxonomy":"product_tag","embeddable":true,"href":"https:\/\/cultivers.es\/pt-pt\/wp-json\/wp\/v2\/product_tag?post=17584"},{"taxonomy":"woo-feed-brand","embeddable":true,"href":"https:\/\/cultivers.es\/pt-pt\/wp-json\/wp\/v2\/woo-feed-brand?post=17584"}],"curies":[{"name":"wp","href":"https:\/\/api.w.org\/{rel}","templated":true}]}}