{"id":17642,"date":"2023-09-06T11:04:34","date_gmt":"2023-09-06T11:04:34","guid":{"rendered":"https:\/\/cultivers.es\/abonos\/sementes-de-abobora-rouge-vif-detampes-biologicas\/"},"modified":"2025-09-22T05:11:56","modified_gmt":"2025-09-22T05:11:56","slug":"sementes-de-abobora-rouge-vif-ecologicas","status":"publish","type":"product","link":"https:\/\/cultivers.es\/pt-pt\/fertilizantes\/sementes-de-abobora-rouge-vif-ecologicas\/","title":{"rendered":"Sementes de ab\u00f3bora Rouge Vif d&#8217;Etampes"},"content":{"rendered":"","protected":false},"excerpt":{"rendered":"<p>A <strong>ab\u00f3bora Rouge Vif d&#8217;\u00c9tampes<\/strong> \u00e9 uma variedade tradicional francesa conhecida pela sua forma <strong>achatada e lateral<\/strong>, a sua cor <strong>laranja intensa<\/strong> e o seu sabor doce e suave. Esta ab\u00f3bora \u00e9 perfeita para uma grande variedade de receitas, como pur\u00e9s, sopas, tartes e guisados, gra\u00e7as \u00e0 sua polpa tenra e de excelente qualidade. \u00c9 tamb\u00e9m uma planta muito produtiva e f\u00e1cil de cultivar, ideal para qualquer <strong>jardim familiar ou profissional<\/strong>.  <\/p>\n<p><strong>Fruto grande e vistoso:<\/strong> Produz ab\u00f3boras grandes, com um peso m\u00e9dio de 5-10 kg, e uma forma que se destaca pela sua est\u00e9tica cl\u00e1ssica e decorativa.<\/p>\n<p><strong>Sabor doce e vers\u00e1til:<\/strong> A sua polpa alaranjada e textura cremosa tem um sabor suave e doce, ideal para pratos doces e salgados.<\/p>\n<p><strong>Crescimento abundante:<\/strong> \u00c9 uma planta vigorosa que oferece colheitas generosas, tornando-a uma escolha perfeita para quem procura produtividade.<\/p>\n<p><strong>Rica em nutrientes:<\/strong> A ab\u00f3bora \u00e9 uma excelente fonte de beta-caroteno, vitaminas A e C e fibras, o que a torna um alimento saud\u00e1vel e nutritivo.<\/p>\n<p><strong>F\u00e1cil de cultivar:<\/strong> Adapta-se bem a diferentes climas e solos, sendo uma planta resistente que requer poucos cuidados e d\u00e1 grandes resultados.<\/p>\n<p><strong>Cultivo org\u00e2nico:<\/strong> As nossas sementes s\u00e3o <strong>100% org\u00e2nicas<\/strong>, livres de pesticidas e fertilizantes qu\u00edmicos, garantindo um cultivo sustent\u00e1vel e amigo do ambiente.<\/p>\n<p>Acrescenta \u00e0 tua <strong>horta<\/strong> a beleza, a produtividade e o sabor da <strong>ab\u00f3bora Organic Rouge Vif d&#8217;\u00c9tampes<\/strong>, uma variedade tradicional que vai encher a tua cozinha de pratos deliciosos e nutritivos. Encomenda hoje e come\u00e7a a desfrutar desta ab\u00f3bora cl\u00e1ssica! <\/p>\n","protected":false},"featured_media":17077,"comment_status":"open","ping_status":"closed","template":"","meta":{"_acf_changed":false},"product_brand":[],"product_cat":[429,427],"product_tag":[1578],"woo-feed-brand":[],"class_list":{"0":"post-17642","1":"product","2":"type-product","3":"status-publish","4":"has-post-thumbnail","6":"product_cat-sementes-de-frutas-e-legumes-biologicos","7":"product_cat-sementes-organicas-2","8":"product_tag-eco","10":"first","11":"instock","12":"sale","13":"taxable","14":"shipping-taxable","15":"purchasable","16":"product-type-simple"},"acf":[],"_links":{"self":[{"href":"https:\/\/cultivers.es\/pt-pt\/wp-json\/wp\/v2\/product\/17642","targetHints":{"allow":["GET"]}}],"collection":[{"href":"https:\/\/cultivers.es\/pt-pt\/wp-json\/wp\/v2\/product"}],"about":[{"href":"https:\/\/cultivers.es\/pt-pt\/wp-json\/wp\/v2\/types\/product"}],"replies":[{"embeddable":true,"href":"https:\/\/cultivers.es\/pt-pt\/wp-json\/wp\/v2\/comments?post=17642"}],"wp:featuredmedia":[{"embeddable":true,"href":"https:\/\/cultivers.es\/pt-pt\/wp-json\/wp\/v2\/media\/17077"}],"wp:attachment":[{"href":"https:\/\/cultivers.es\/pt-pt\/wp-json\/wp\/v2\/media?parent=17642"}],"wp:term":[{"taxonomy":"product_brand","embeddable":true,"href":"https:\/\/cultivers.es\/pt-pt\/wp-json\/wp\/v2\/product_brand?post=17642"},{"taxonomy":"product_cat","embeddable":true,"href":"https:\/\/cultivers.es\/pt-pt\/wp-json\/wp\/v2\/product_cat?post=17642"},{"taxonomy":"product_tag","embeddable":true,"href":"https:\/\/cultivers.es\/pt-pt\/wp-json\/wp\/v2\/product_tag?post=17642"},{"taxonomy":"woo-feed-brand","embeddable":true,"href":"https:\/\/cultivers.es\/pt-pt\/wp-json\/wp\/v2\/woo-feed-brand?post=17642"}],"curies":[{"name":"wp","href":"https:\/\/api.w.org\/{rel}","templated":true}]}}