{"id":17662,"date":"2023-09-06T11:06:57","date_gmt":"2023-09-06T11:06:57","guid":{"rendered":"https:\/\/cultivers.es\/abonos\/sementes-de-nabicas-biologicas\/"},"modified":"2025-09-22T05:08:07","modified_gmt":"2025-09-22T05:08:07","slug":"nabica-gandra-semente-ecologica","status":"publish","type":"product","link":"https:\/\/cultivers.es\/pt-pt\/fertilizantes\/nabica-gandra-semente-ecologica\/","title":{"rendered":"Sementes de nabi\u00e7as"},"content":{"rendered":"","protected":false},"excerpt":{"rendered":"<div class=\"\">\n<article class=\"w-full scroll-mb-[var(--thread-trailing-height,150px)] text-token-text-primary focus-visible:outline-2 focus-visible:outline-offset-[-4px]\" dir=\"auto\" data-testid=\"conversation-turn-621\" data-scroll-anchor=\"true\">\n<div class=\"group\/conversation-turn relative flex w-full min-w-0 flex-col agent-turn\">\n<div class=\"flex-col gap-1 md:gap-3\">\n<div class=\"flex max-w-full flex-col flex-grow\">\n<div class=\"min-h-8 text-message flex w-full flex-col items-end gap-2 whitespace-normal break-words text-start [.text-message+&amp;]:mt-5\" dir=\"auto\" data-message-author-role=\"assistant\" data-message-id=\"9eb16f9b-6d94-4350-b70d-47ee6fd1aab0\" data-message-model-slug=\"gpt-4o\">\n<div class=\"flex w-full flex-col gap-1 empty:hidden first:pt-[3px]\">\n<div class=\"markdown prose w-full break-words dark:prose-invert light\">\n<p><strong>Gandra de nabo<\/strong> (<em>Brassica rapa var. rapa <\/em>) \u00e9 uma variedade tradicional muito apreciada na gastronomia pelo seu <strong>sabor suave e ligeiramente adocicado<\/strong> e pela sua versatilidade na culin\u00e1ria. Produz <strong>ra\u00edzes redondas<\/strong> e tenras, ideais para serem consumidas cozidas, em guisados, pur\u00e9s ou assados, bem como as suas folhas comest\u00edveis, perfeitas para sopas e salteados. Este nabo \u00e9 resistente e f\u00e1cil de cultivar, o que o torna uma excelente escolha para qualquer <strong>horta<\/strong>.  <\/p>\n<p><strong>Ra\u00edzes tenras e saborosas:<\/strong> O nabo Gandra destaca-se pela sua textura macia e sabor equilibrado, perfeito para muitas prepara\u00e7\u00f5es culin\u00e1rias.<\/p>\n<p><strong>Folhas comest\u00edveis e nutritivas:<\/strong> As folhas desta variedade s\u00e3o tamb\u00e9m deliciosas, ricas em nutrientes e perfeitas para incorporar em sopas, caldos ou como guarni\u00e7\u00e3o.<\/p>\n<p><strong>Crescimento r\u00e1pido:<\/strong> Com um ciclo de crescimento curto, esta variedade permite colheitas r\u00e1pidas e cont\u00ednuas, ideais para manter o jardim ativo durante todo o ano.<\/p>\n<p><strong>Rico em nutrientes:<\/strong> Fonte natural de vitaminas A, C, K e minerais como o c\u00e1lcio e o ferro, contribuindo para uma alimenta\u00e7\u00e3o saud\u00e1vel e equilibrada.<\/p>\n<p><strong>F\u00e1cil de cultivar:<\/strong> Adapta-se bem a diferentes tipos de solo e climas, sendo resistente e adequado para principiantes e jardineiros experientes.<\/p>\n<p><strong>Cultivo org\u00e2nico:<\/strong> As nossas sementes s\u00e3o <strong>100% org\u00e2nicas<\/strong>, livres de pesticidas e fertilizantes qu\u00edmicos, promovendo um cultivo sustent\u00e1vel e amigo do ambiente.<\/p>\n<p>Cultiva <strong>o Nabo Gandra Org\u00e2nico<\/strong> no teu <strong>jardim<\/strong> e desfruta de uma variedade tradicional que combina sabor, versatilidade e facilidade de cultivo. Encomenda hoje e colhe nabos frescos e saud\u00e1veis no teu espa\u00e7o verde! <\/p>\n<\/div>\n<\/div>\n<\/div>\n<\/div>\n<div class=\"mb-2 flex gap-3 empty:hidden -ml-2\">\n<div class=\"items-center justify-start rounded-xl p-1 flex\"><\/div>\n<\/div>\n<\/div>\n<\/div>\n<\/article>\n<\/div>\n<div>\n<div class=\"_footer_1nw4i_363\">\n<div class=\"z-10 flex flex-col gap-bar\" data-testid=\"bar-container-default\">\n<div class=\"grid gap-bar _primary_sbmq2_45 bottom-[var(--screen-keyboard-bottom,env(keyboard-inset-bottom,0px))]\" data-testid=\"bar-composer-bar\"><\/div>\n<\/div>\n<\/div>\n<\/div>\n","protected":false},"featured_media":17062,"comment_status":"open","ping_status":"closed","template":"","meta":{"_acf_changed":false},"product_brand":[],"product_cat":[439,427],"product_tag":[],"woo-feed-brand":[],"class_list":{"0":"post-17662","1":"product","2":"type-product","3":"status-publish","4":"has-post-thumbnail","6":"product_cat-sementes-de-raizes-organicas","7":"product_cat-sementes-organicas-2","9":"first","10":"outofstock","11":"taxable","12":"shipping-taxable","13":"purchasable","14":"product-type-simple"},"acf":[],"_links":{"self":[{"href":"https:\/\/cultivers.es\/pt-pt\/wp-json\/wp\/v2\/product\/17662","targetHints":{"allow":["GET"]}}],"collection":[{"href":"https:\/\/cultivers.es\/pt-pt\/wp-json\/wp\/v2\/product"}],"about":[{"href":"https:\/\/cultivers.es\/pt-pt\/wp-json\/wp\/v2\/types\/product"}],"replies":[{"embeddable":true,"href":"https:\/\/cultivers.es\/pt-pt\/wp-json\/wp\/v2\/comments?post=17662"}],"wp:featuredmedia":[{"embeddable":true,"href":"https:\/\/cultivers.es\/pt-pt\/wp-json\/wp\/v2\/media\/17062"}],"wp:attachment":[{"href":"https:\/\/cultivers.es\/pt-pt\/wp-json\/wp\/v2\/media?parent=17662"}],"wp:term":[{"taxonomy":"product_brand","embeddable":true,"href":"https:\/\/cultivers.es\/pt-pt\/wp-json\/wp\/v2\/product_brand?post=17662"},{"taxonomy":"product_cat","embeddable":true,"href":"https:\/\/cultivers.es\/pt-pt\/wp-json\/wp\/v2\/product_cat?post=17662"},{"taxonomy":"product_tag","embeddable":true,"href":"https:\/\/cultivers.es\/pt-pt\/wp-json\/wp\/v2\/product_tag?post=17662"},{"taxonomy":"woo-feed-brand","embeddable":true,"href":"https:\/\/cultivers.es\/pt-pt\/wp-json\/wp\/v2\/woo-feed-brand?post=17662"}],"curies":[{"name":"wp","href":"https:\/\/api.w.org\/{rel}","templated":true}]}}