{"id":17663,"date":"2023-09-06T11:05:16","date_gmt":"2023-09-06T11:05:16","guid":{"rendered":"https:\/\/cultivers.es\/abonos\/couve-nero-di-toscana-sementes-de-couve-organica\/"},"modified":"2026-03-01T03:07:42","modified_gmt":"2026-03-01T03:07:42","slug":"sementes-de-col-kale-nero-di-toscana-ecologicas","status":"publish","type":"product","link":"https:\/\/cultivers.es\/pt-pt\/fertilizantes\/sementes-de-col-kale-nero-di-toscana-ecologicas\/","title":{"rendered":"Couve Nero di Toscana Biodin\u00e2mica Demeter Sementes de couve"},"content":{"rendered":"","protected":false},"excerpt":{"rendered":"<p>Cultiva uma variedade rica em hist\u00f3ria e nutri\u00e7\u00e3o com as nossas sementes de couve Demeter Organic Nero di Toscana. Tamb\u00e9m conhecida como couve preta ou &#8220;couve dinossauro&#8221;, esta variedade italiana \u00e9 conhecida pelas suas folhas longas e verde-escuras e pelo seu sabor suave e delicioso. Perfeita para guisados, salteados e saladas, a couve Nero di Toscana \u00e9 ideal para quem procura incorporar um superalimento na sua dieta di\u00e1ria. Com a certifica\u00e7\u00e3o Demeter, podes ter a certeza de que est\u00e1s a cultivar de uma forma sustent\u00e1vel e amiga do ambiente.   <\/p>\n<ul>\n<li><strong>Folhas escuras e texturizadas:<\/strong> Esta variedade de couve produz folhas compridas, estreitas, verde-escuras e profundas, com uma textura ligeiramente rugosa, ideais para salteados, sopas, guisados ou chips de couve.<\/li>\n<li><strong>Sabor suave e vers\u00e1til:<\/strong> A couve Nero di Toscana tem um sabor suave e agrad\u00e1vel, com um ligeiro toque adocicado, o que a torna uma excelente escolha para v\u00e1rios pratos. As suas folhas tornam-se mais tenras e doces ap\u00f3s a primeira geada. <\/li>\n<li><strong>Rica em nutrientes:<\/strong> A couve \u00e9 conhecida como um superalimento devido \u00e0 sua elevada concentra\u00e7\u00e3o de nutrientes. Esta variedade \u00e9 rica em vitaminas A, C e K, al\u00e9m de c\u00e1lcio, fibras e antioxidantes, contribuindo para uma alimenta\u00e7\u00e3o saud\u00e1vel e equilibrada. <\/li>\n<li>Resistente <strong>e f\u00e1cil de cultivar:<\/strong> A couve Nero di Toscana \u00e9 resistente \u00e0s baixas temperaturas e f\u00e1cil de cultivar, o que a torna ideal para colheitas prolongadas durante os meses frios. \u00c9 adequada para jardineiros de todos os n\u00edveis. <\/li>\n<li><strong>Certifica\u00e7\u00e3o Demeter:<\/strong> As nossas sementes t\u00eam certifica\u00e7\u00e3o Demeter, o que garante que foram cultivadas de acordo com os princ\u00edpios da agricultura biodin\u00e2mica, respeitando os ciclos naturais do solo e promovendo um equil\u00edbrio saud\u00e1vel no ecossistema.<\/li>\n<li><strong>Cultivo org\u00e2nico:<\/strong> As sementes s\u00e3o 100% org\u00e2nicas, livres de pesticidas e qu\u00edmicos, garantindo que as tuas plantas crescem de forma saud\u00e1vel e sustent\u00e1vel.<\/li>\n<\/ul>\n<p>Adiciona um toque de tradi\u00e7\u00e3o e sa\u00fade ao teu jardim com as sementes de couve Demeter Organic Nero di Toscana. Desfruta deste superalimento vers\u00e1til e f\u00e1cil de cultivar, ao mesmo tempo que promoves a agricultura sustent\u00e1vel e org\u00e2nica - encomenda hoje e come\u00e7a a colher esta nutritiva e deliciosa couve diretamente do teu jardim!  <\/p>\n","protected":false},"featured_media":50065,"comment_status":"open","ping_status":"closed","template":"","meta":{"_acf_changed":false},"product_brand":[],"product_cat":[428,1269,427],"product_tag":[1270],"class_list":{"0":"post-17663","1":"product","2":"type-product","3":"status-publish","4":"has-post-thumbnail","6":"product_cat-sementes-de-brassicas-biologicas","7":"product_cat-sementes-de-demeter","8":"product_cat-sementes-organicas-2","9":"product_tag-demeter-pt-pt","11":"first","12":"instock","13":"taxable","14":"shipping-taxable","15":"purchasable","16":"product-type-simple"},"acf":[],"_links":{"self":[{"href":"https:\/\/cultivers.es\/pt-pt\/wp-json\/wp\/v2\/product\/17663","targetHints":{"allow":["GET"]}}],"collection":[{"href":"https:\/\/cultivers.es\/pt-pt\/wp-json\/wp\/v2\/product"}],"about":[{"href":"https:\/\/cultivers.es\/pt-pt\/wp-json\/wp\/v2\/types\/product"}],"replies":[{"embeddable":true,"href":"https:\/\/cultivers.es\/pt-pt\/wp-json\/wp\/v2\/comments?post=17663"}],"wp:featuredmedia":[{"embeddable":true,"href":"https:\/\/cultivers.es\/pt-pt\/wp-json\/wp\/v2\/media\/50065"}],"wp:attachment":[{"href":"https:\/\/cultivers.es\/pt-pt\/wp-json\/wp\/v2\/media?parent=17663"}],"wp:term":[{"taxonomy":"product_brand","embeddable":true,"href":"https:\/\/cultivers.es\/pt-pt\/wp-json\/wp\/v2\/product_brand?post=17663"},{"taxonomy":"product_cat","embeddable":true,"href":"https:\/\/cultivers.es\/pt-pt\/wp-json\/wp\/v2\/product_cat?post=17663"},{"taxonomy":"product_tag","embeddable":true,"href":"https:\/\/cultivers.es\/pt-pt\/wp-json\/wp\/v2\/product_tag?post=17663"}],"curies":[{"name":"wp","href":"https:\/\/api.w.org\/{rel}","templated":true}]}}