{"id":17666,"date":"2023-09-06T11:09:21","date_gmt":"2023-09-06T11:09:21","guid":{"rendered":"https:\/\/cultivers.es\/abonos\/sementes-de-abobora-trombetta-di-albenga-sementes-de-abobora-biologicas\/"},"modified":"2025-09-22T05:09:22","modified_gmt":"2025-09-22T05:09:22","slug":"sementes-de-abobora-trombetta-di-albenga-ecologicas","status":"publish","type":"product","link":"https:\/\/cultivers.es\/pt-pt\/fertilizantes\/sementes-de-abobora-trombetta-di-albenga-ecologicas\/","title":{"rendered":"Sementes de ab\u00f3bora Trombetta di Albenga"},"content":{"rendered":"","protected":false},"excerpt":{"rendered":"<p>A <strong>ab\u00f3bora Trombetta di Albenga<\/strong><em>(Cucurbita moschata<\/em>) \u00e9 uma variedade italiana \u00fanica e ex\u00f3tica, conhecida pela sua forma <strong>alongada e curvada<\/strong>, que lembra uma trombeta, e pela sua cor verde clara que se torna bege quando madura. A sua polpa \u00e9 <strong>doce, tenra e arom\u00e1tica<\/strong>, ideal para ser consumida tanto como courgette quando n\u00e3o est\u00e1 madura como como ab\u00f3bora quando est\u00e1 completamente madura. \u00c9 uma planta muito produtiva e vers\u00e1til, perfeita para incorporares na tua <strong>horta<\/strong> e desfrutares de uma experi\u00eancia culin\u00e1ria diferente.  <\/p>\n<p><strong>Fruto \u00fanico e elegante:<\/strong> A sua forma peculiar, alongada e curva, torna-o um elemento decorativo e atraente, tanto no pomar como na cozinha.<\/p>\n<p><strong>Sabor doce e vers\u00e1til:<\/strong> Quando n\u00e3o est\u00e1 maduro, \u00e9 ideal para salteados e pratos frescos; quando est\u00e1 maduro, a sua polpa cremosa \u00e9 perfeita para sopas, pur\u00e9s e tartes.<\/p>\n<p><strong>Alta produtividade:<\/strong> Produz numerosos frutos ao longo da esta\u00e7\u00e3o, garantindo colheitas generosas para v\u00e1rias prepara\u00e7\u00f5es.<\/p>\n<p><strong>Rico em nutrientes:<\/strong> Fonte de antioxidantes, vitaminas A e C, e minerais essenciais como o pot\u00e1ssio, tornando-o uma escolha saud\u00e1vel e nutritiva.<\/p>\n<p><strong>F\u00e1cil de cultivar:<\/strong> Esta planta vigorosa \u00e9 de crescimento r\u00e1pido e resistente, adaptando-se bem a climas quentes e solos bem drenados. Tamb\u00e9m pode ser cultivada em treli\u00e7as para otimizar o espa\u00e7o. <\/p>\n<p><strong>Cultivo org\u00e2nico:<\/strong> As nossas sementes s\u00e3o <strong>100% org\u00e2nicas<\/strong>, livres de pesticidas e fertilizantes qu\u00edmicos, promovendo um jardim sustent\u00e1vel e amigo do ambiente.<\/p>\n<p>D\u00e1 um toque de originalidade e de sabor \u00e0 tua <strong>horta<\/strong> com a <strong>ab\u00f3bora biol\u00f3gica Trombetta di Albenga<\/strong>, uma variedade tradicional italiana que te vai deliciar com a sua forma, sabor e versatilidade. Encomenda hoje e come\u00e7a a desfrutar desta joia da horta! <\/p>\n","protected":false},"featured_media":17052,"comment_status":"open","ping_status":"closed","template":"","meta":{"_acf_changed":false},"product_brand":[],"product_cat":[429,427],"product_tag":[1578],"woo-feed-brand":[],"class_list":{"0":"post-17666","1":"product","2":"type-product","3":"status-publish","4":"has-post-thumbnail","6":"product_cat-sementes-de-frutas-e-legumes-biologicos","7":"product_cat-sementes-organicas-2","8":"product_tag-eco","10":"first","11":"instock","12":"sale","13":"taxable","14":"shipping-taxable","15":"purchasable","16":"product-type-simple"},"acf":[],"_links":{"self":[{"href":"https:\/\/cultivers.es\/pt-pt\/wp-json\/wp\/v2\/product\/17666","targetHints":{"allow":["GET"]}}],"collection":[{"href":"https:\/\/cultivers.es\/pt-pt\/wp-json\/wp\/v2\/product"}],"about":[{"href":"https:\/\/cultivers.es\/pt-pt\/wp-json\/wp\/v2\/types\/product"}],"replies":[{"embeddable":true,"href":"https:\/\/cultivers.es\/pt-pt\/wp-json\/wp\/v2\/comments?post=17666"}],"wp:featuredmedia":[{"embeddable":true,"href":"https:\/\/cultivers.es\/pt-pt\/wp-json\/wp\/v2\/media\/17052"}],"wp:attachment":[{"href":"https:\/\/cultivers.es\/pt-pt\/wp-json\/wp\/v2\/media?parent=17666"}],"wp:term":[{"taxonomy":"product_brand","embeddable":true,"href":"https:\/\/cultivers.es\/pt-pt\/wp-json\/wp\/v2\/product_brand?post=17666"},{"taxonomy":"product_cat","embeddable":true,"href":"https:\/\/cultivers.es\/pt-pt\/wp-json\/wp\/v2\/product_cat?post=17666"},{"taxonomy":"product_tag","embeddable":true,"href":"https:\/\/cultivers.es\/pt-pt\/wp-json\/wp\/v2\/product_tag?post=17666"},{"taxonomy":"woo-feed-brand","embeddable":true,"href":"https:\/\/cultivers.es\/pt-pt\/wp-json\/wp\/v2\/woo-feed-brand?post=17666"}],"curies":[{"name":"wp","href":"https:\/\/api.w.org\/{rel}","templated":true}]}}