{"id":17671,"date":"2023-09-18T09:02:29","date_gmt":"2023-09-18T09:02:29","guid":{"rendered":"https:\/\/cultivers.es\/abonos\/grelos-de-nabo-senhora-conceicao-sementes-de-grelos-de-nabo-biologicos\/"},"modified":"2025-09-22T05:11:41","modified_gmt":"2025-09-22T05:11:41","slug":"sementes-de-nabo-silvestre-senora-conceica-ecologica","status":"publish","type":"product","link":"https:\/\/cultivers.es\/pt-pt\/fertilizantes\/sementes-de-nabo-silvestre-senora-conceica-ecologica\/","title":{"rendered":"Senhora Concei\u00e7\u00e3o Sementes de Nabi\u00e7as"},"content":{"rendered":"","protected":false},"excerpt":{"rendered":"<p>O nabo <strong>Senhora Concei\u00e7\u00e3o<\/strong><em>(Brassica rapa<\/em>) \u00e9 uma variedade tradicional portuguesa conhecida pelas suas <strong>ra\u00edzes tenras e<\/strong> saborosas e pelos seus <strong>grelos frescos e nutritivos<\/strong>, ideais para sopas, guisados e salteados. Este nabo destaca-se pelo seu r\u00e1pido crescimento e pela sua capacidade de produzir abundantes rebentos tenros, o que o torna uma excelente escolha para a horta. O seu sabor suave e ligeiramente doce torna-o perfeito para enriquecer pratos tradicionais e modernos.  <\/p>\n<p><strong>Ra\u00edzes tenras e delicadas:<\/strong> Produz nabos com uma textura suave e um sabor equilibrado, perfeitos para uma grande variedade de receitas.<\/p>\n<p><strong>Rebentos frescos e nutritivos:<\/strong> As nabi\u00e7as desta variedade s\u00e3o ricas em nutrientes, ideais para adicionar a sopas, salteados ou como acompanhamento.<\/p>\n<p><strong>Crescimento r\u00e1pido:<\/strong> Esta variedade permite colheitas frequentes de nabi\u00e7as e nabos jovens em ciclos curtos, garantindo um abastecimento cont\u00ednuo.<\/p>\n<p><strong>Rico em nutrientes:<\/strong> Fonte de vitaminas A, C e K, e de minerais como o ferro e o c\u00e1lcio, promovendo uma alimenta\u00e7\u00e3o saud\u00e1vel e equilibrada.<\/p>\n<p><strong>F\u00e1cil de cultivar:<\/strong> adapt\u00e1vel a diferentes tipos de solo e climas, resistente e adequado para principiantes e jardineiros experientes.<\/p>\n<p><strong>Cultivo org\u00e2nico:<\/strong> As nossas sementes s\u00e3o <strong>100% org\u00e2nicas<\/strong>, livres de pesticidas e fertilizantes qu\u00edmicos, garantindo um cultivo sustent\u00e1vel e amigo do ambiente.<\/p>\n<p>Cultiva as <strong>nabi\u00e7as Senhora Concei\u00e7\u00e3o Ecol\u00f3gico<\/strong> na tua horta e desfruta de uma variedade nutritiva e saborosa que enriquecer\u00e1 a tua cozinha com tradi\u00e7\u00e3o e frescura. Faz hoje a tua encomenda e come\u00e7a a usufruir dos seus benef\u00edcios! <\/p>\n","protected":false},"featured_media":17057,"comment_status":"open","ping_status":"closed","template":"","meta":{"_acf_changed":false},"product_brand":[],"product_cat":[428,427],"product_tag":[1578],"class_list":{"0":"post-17671","1":"product","2":"type-product","3":"status-publish","4":"has-post-thumbnail","6":"product_cat-sementes-de-brassicas-biologicas","7":"product_cat-sementes-organicas-2","8":"product_tag-eco","10":"first","11":"instock","12":"taxable","13":"shipping-taxable","14":"purchasable","15":"product-type-simple"},"acf":[],"_links":{"self":[{"href":"https:\/\/cultivers.es\/pt-pt\/wp-json\/wp\/v2\/product\/17671","targetHints":{"allow":["GET"]}}],"collection":[{"href":"https:\/\/cultivers.es\/pt-pt\/wp-json\/wp\/v2\/product"}],"about":[{"href":"https:\/\/cultivers.es\/pt-pt\/wp-json\/wp\/v2\/types\/product"}],"replies":[{"embeddable":true,"href":"https:\/\/cultivers.es\/pt-pt\/wp-json\/wp\/v2\/comments?post=17671"}],"wp:featuredmedia":[{"embeddable":true,"href":"https:\/\/cultivers.es\/pt-pt\/wp-json\/wp\/v2\/media\/17057"}],"wp:attachment":[{"href":"https:\/\/cultivers.es\/pt-pt\/wp-json\/wp\/v2\/media?parent=17671"}],"wp:term":[{"taxonomy":"product_brand","embeddable":true,"href":"https:\/\/cultivers.es\/pt-pt\/wp-json\/wp\/v2\/product_brand?post=17671"},{"taxonomy":"product_cat","embeddable":true,"href":"https:\/\/cultivers.es\/pt-pt\/wp-json\/wp\/v2\/product_cat?post=17671"},{"taxonomy":"product_tag","embeddable":true,"href":"https:\/\/cultivers.es\/pt-pt\/wp-json\/wp\/v2\/product_tag?post=17671"}],"curies":[{"name":"wp","href":"https:\/\/api.w.org\/{rel}","templated":true}]}}