{"id":17676,"date":"2023-09-18T09:02:46","date_gmt":"2023-09-18T09:02:46","guid":{"rendered":"https:\/\/cultivers.es\/abonos\/sementes-de-beterraba-detroit-2-biologicas\/"},"modified":"2025-09-22T05:05:39","modified_gmt":"2025-09-22T05:05:39","slug":"sementes-de-beterraba-detroit-2-ecologicas","status":"publish","type":"product","link":"https:\/\/cultivers.es\/pt-pt\/fertilizantes\/sementes-de-beterraba-detroit-2-ecologicas\/","title":{"rendered":"Sementes de beterraba Detroit 2"},"content":{"rendered":"","protected":false},"excerpt":{"rendered":"<p>A <strong>beterraba Detroit 2<\/strong><em>(Beta vulgaris<\/em>) \u00e9 uma variedade cl\u00e1ssica, muito apreciada pelas suas <strong>ra\u00edzes redondas, uniformes<\/strong> e de cor <strong>vermelha intensa<\/strong>, e pelo seu sabor <strong>doce e suave<\/strong>. A sua polpa tenra e suculenta torna-a ideal para ser consumida crua em saladas, cozida em guisados, assada ou em conserva. Al\u00e9m disso, as suas folhas tamb\u00e9m s\u00e3o comest\u00edveis e ricas em nutrientes, perfeitas para salteados e saladas. \u00c9 uma op\u00e7\u00e3o produtiva e f\u00e1cil de cultivar, perfeita para qualquer <strong>horta<\/strong>.   <\/p>\n<p><strong>Ra\u00edzes redondas e suculentas:<\/strong> Produz beterrabas de tamanho uniforme com pele lisa e polpa vermelha brilhante, ideal para m\u00faltiplas utiliza\u00e7\u00f5es culin\u00e1rias.<\/p>\n<p><strong>Sabor doce e vers\u00e1til:<\/strong> A sua textura tenra e o seu sabor suave tornam-no perfeito para saladas frescas, sopas, guisados e conservas.<\/p>\n<p><strong>Folhas comest\u00edveis e nutritivas:<\/strong> As folhas jovens s\u00e3o deliciosas em saladas e salteados, acrescentando nutrientes extra \u00e0 tua dieta.<\/p>\n<p><strong>Rico em nutrientes:<\/strong> Fonte natural de ferro, fibra, antioxidantes e vitaminas A e C, promovendo uma alimenta\u00e7\u00e3o equilibrada e saud\u00e1vel.<\/p>\n<p><strong>Cresce rapidamente e \u00e9 resistente:<\/strong> Com um ciclo de crescimento curto, \u00e9 ideal para colheitas r\u00e1pidas, adaptando-se a diferentes tipos de solo e climas.<\/p>\n<p><strong>Cultivo org\u00e2nico:<\/strong> As nossas sementes s\u00e3o <strong>100% org\u00e2nicas<\/strong>, livres de pesticidas e fertilizantes qu\u00edmicos, promovendo um cultivo sustent\u00e1vel e amigo do ambiente.<\/p>\n<p>Adiciona <strong>Detroit Beetroot 2 Organic<\/strong> \u00e0 tua <strong>horta<\/strong> e desfruta de uma variedade vers\u00e1til, nutritiva e deliciosa nos teus pratos, encomenda hoje e come\u00e7a a colher qualidade e frescura diretamente da tua horta! <\/p>\n","protected":false},"featured_media":50148,"comment_status":"open","ping_status":"closed","template":"","meta":{"_acf_changed":false},"product_brand":[],"product_cat":[439,427],"product_tag":[1578],"woo-feed-brand":[],"class_list":{"0":"post-17676","1":"product","2":"type-product","3":"status-publish","4":"has-post-thumbnail","6":"product_cat-sementes-de-raizes-organicas","7":"product_cat-sementes-organicas-2","8":"product_tag-eco","10":"first","11":"instock","12":"taxable","13":"shipping-taxable","14":"purchasable","15":"product-type-simple"},"acf":[],"_links":{"self":[{"href":"https:\/\/cultivers.es\/pt-pt\/wp-json\/wp\/v2\/product\/17676","targetHints":{"allow":["GET"]}}],"collection":[{"href":"https:\/\/cultivers.es\/pt-pt\/wp-json\/wp\/v2\/product"}],"about":[{"href":"https:\/\/cultivers.es\/pt-pt\/wp-json\/wp\/v2\/types\/product"}],"replies":[{"embeddable":true,"href":"https:\/\/cultivers.es\/pt-pt\/wp-json\/wp\/v2\/comments?post=17676"}],"wp:featuredmedia":[{"embeddable":true,"href":"https:\/\/cultivers.es\/pt-pt\/wp-json\/wp\/v2\/media\/50148"}],"wp:attachment":[{"href":"https:\/\/cultivers.es\/pt-pt\/wp-json\/wp\/v2\/media?parent=17676"}],"wp:term":[{"taxonomy":"product_brand","embeddable":true,"href":"https:\/\/cultivers.es\/pt-pt\/wp-json\/wp\/v2\/product_brand?post=17676"},{"taxonomy":"product_cat","embeddable":true,"href":"https:\/\/cultivers.es\/pt-pt\/wp-json\/wp\/v2\/product_cat?post=17676"},{"taxonomy":"product_tag","embeddable":true,"href":"https:\/\/cultivers.es\/pt-pt\/wp-json\/wp\/v2\/product_tag?post=17676"},{"taxonomy":"woo-feed-brand","embeddable":true,"href":"https:\/\/cultivers.es\/pt-pt\/wp-json\/wp\/v2\/woo-feed-brand?post=17676"}],"curies":[{"name":"wp","href":"https:\/\/api.w.org\/{rel}","templated":true}]}}