{"id":17679,"date":"2023-09-18T09:02:37","date_gmt":"2023-09-18T09:02:37","guid":{"rendered":"https:\/\/cultivers.es\/abonos\/semente-de-abobora-biologica-pleine-de-naples\/"},"modified":"2025-09-22T05:11:56","modified_gmt":"2025-09-22T05:11:56","slug":"semente-de-abobora-pleine-de-sementes-ecologicas-de-espanha","status":"publish","type":"product","link":"https:\/\/cultivers.es\/pt-pt\/fertilizantes\/semente-de-abobora-pleine-de-sementes-ecologicas-de-espanha\/","title":{"rendered":"Semente de ab\u00f3bora Pleine de Naples"},"content":{"rendered":"","protected":false},"excerpt":{"rendered":"<p>A <strong>ab\u00f3bora Pleine de Naples<\/strong><em>(Cucurbita moschata<\/em>) \u00e9 uma variedade tradicional conhecida pela sua <strong>forma alongada<\/strong>, pele <strong>verde-escura<\/strong> e <strong>polpa alaranjada<\/strong>. Distingue-se pelo seu sabor <strong>doce e suave<\/strong> e pela sua textura <strong>cremosa<\/strong>, o que a torna ideal para pur\u00e9s, sopas, guisados e pastelaria. \u00c9 uma planta muito produtiva e resistente, perfeita para acrescentares ao <strong>jardim<\/strong> e desfrutares de colheitas abundantes.  <\/p>\n<p><strong>Frutos grandes e alongados:<\/strong> Produz ab\u00f3boras grandes, que podem pesar at\u00e9 10-15 kg, perfeitas para um armazenamento prolongado.<\/p>\n<p><strong>Sabor doce e vers\u00e1til:<\/strong> A sua polpa cremosa e de sabor delicado \u00e9 ideal para uma grande variedade de receitas, desde pratos salgados a sobremesas cozinhadas.<\/p>\n<p><strong>Alta Produtividade:<\/strong> Esta variedade garante colheitas abundantes, tornando-a perfeita para manter um fornecimento constante durante toda a esta\u00e7\u00e3o.<\/p>\n<p><strong>Rico em nutrientes:<\/strong> Fonte natural de vitaminas A e C, antioxidantes e fibras, contribuindo para uma alimenta\u00e7\u00e3o equilibrada e saud\u00e1vel.<\/p>\n<p><strong>F\u00e1cil de cultivar:<\/strong> Adapt\u00e1vel a climas quentes e solos bem drenados, \u00e9 resistente e de baixa manuten\u00e7\u00e3o, ideal para principiantes e jardineiros avan\u00e7ados.<\/p>\n<p><strong>Cultivo org\u00e2nico:<\/strong> As nossas sementes s\u00e3o <strong>100% org\u00e2nicas<\/strong>, livres de pesticidas e fertilizantes qu\u00edmicos, promovendo um cultivo sustent\u00e1vel e amigo do ambiente.<\/p>\n<p>Adiciona a <strong>ab\u00f3bora biol\u00f3gica Pleine de Naples<\/strong> \u00e0 tua <strong>horta<\/strong> e desfruta de uma variedade saborosa, nutritiva e f\u00e1cil de cultivar, encomenda hoje e come\u00e7a a colher qualidade e tradi\u00e7\u00e3o! <\/p>\n","protected":false},"featured_media":17067,"comment_status":"open","ping_status":"closed","template":"","meta":{"_acf_changed":false},"product_brand":[],"product_cat":[429,427],"product_tag":[1578],"class_list":{"0":"post-17679","1":"product","2":"type-product","3":"status-publish","4":"has-post-thumbnail","6":"product_cat-sementes-de-frutas-e-legumes-biologicos","7":"product_cat-sementes-organicas-2","8":"product_tag-eco","10":"first","11":"instock","12":"taxable","13":"shipping-taxable","14":"purchasable","15":"product-type-simple"},"acf":[],"_links":{"self":[{"href":"https:\/\/cultivers.es\/pt-pt\/wp-json\/wp\/v2\/product\/17679","targetHints":{"allow":["GET"]}}],"collection":[{"href":"https:\/\/cultivers.es\/pt-pt\/wp-json\/wp\/v2\/product"}],"about":[{"href":"https:\/\/cultivers.es\/pt-pt\/wp-json\/wp\/v2\/types\/product"}],"replies":[{"embeddable":true,"href":"https:\/\/cultivers.es\/pt-pt\/wp-json\/wp\/v2\/comments?post=17679"}],"wp:featuredmedia":[{"embeddable":true,"href":"https:\/\/cultivers.es\/pt-pt\/wp-json\/wp\/v2\/media\/17067"}],"wp:attachment":[{"href":"https:\/\/cultivers.es\/pt-pt\/wp-json\/wp\/v2\/media?parent=17679"}],"wp:term":[{"taxonomy":"product_brand","embeddable":true,"href":"https:\/\/cultivers.es\/pt-pt\/wp-json\/wp\/v2\/product_brand?post=17679"},{"taxonomy":"product_cat","embeddable":true,"href":"https:\/\/cultivers.es\/pt-pt\/wp-json\/wp\/v2\/product_cat?post=17679"},{"taxonomy":"product_tag","embeddable":true,"href":"https:\/\/cultivers.es\/pt-pt\/wp-json\/wp\/v2\/product_tag?post=17679"}],"curies":[{"name":"wp","href":"https:\/\/api.w.org\/{rel}","templated":true}]}}