{"id":17680,"date":"2023-09-18T09:02:29","date_gmt":"2023-09-18T09:02:29","guid":{"rendered":"https:\/\/cultivers.es\/abonos\/sementes-de-abobora-biologicas-green-hokkaido\/"},"modified":"2025-09-22T05:08:04","modified_gmt":"2025-09-22T05:08:04","slug":"green-hokkaido-ecological-pumpkin-seeds","status":"publish","type":"product","link":"https:\/\/cultivers.es\/pt-pt\/fertilizantes\/green-hokkaido-ecological-pumpkin-seeds\/","title":{"rendered":"Sementes de ab\u00f3bora verdes de Hokkaido"},"content":{"rendered":"","protected":false},"excerpt":{"rendered":"<p><strong>A ab\u00f3bora verde de Hokkaido<\/strong><em>(Cucurbita maxima<\/em>), tamb\u00e9m conhecida como <strong>ab\u00f3bora verde japonesa<\/strong>, \u00e9 uma variedade apreciada pelo seu <strong>sabor doce e delicado<\/strong> e pela sua textura <strong>cremosa e suave<\/strong>. A sua pele verde escura contrasta com a sua polpa laranja vibrante, rica em nutrientes, o que a torna ideal para pur\u00e9s, sopas, guisados ou mesmo para cozinhar. \u00c9 uma planta vigorosa e produtiva, ideal para acrescentares ao <strong>jardim<\/strong>.  <\/p>\n<p><strong>Fruto compacto e duradouro:<\/strong> Produz ab\u00f3boras de tamanho m\u00e9dio, pesando aproximadamente 1-2 kg, com uma forma arredondada e uma casca resistente que prolonga a sua conserva\u00e7\u00e3o.<\/p>\n<p><strong>Sabor doce e vers\u00e1til:<\/strong> A polpa doce e de textura cremosa \u00e9 perfeita para uma grande variedade de pratos, desde sopas e pur\u00e9s a sobremesas cozinhadas.<\/p>\n<p><strong>Alta Produtividade:<\/strong> A planta \u00e9 vigorosa e produz v\u00e1rios frutos por esta\u00e7\u00e3o, garantindo uma colheita abundante.<\/p>\n<p><strong>Rica em nutrientes:<\/strong> Esta ab\u00f3bora \u00e9 uma excelente fonte de beta-caroteno, vitamina A, C e antioxidantes, o que a torna um alimento saud\u00e1vel e nutritivo.<\/p>\n<p><strong>F\u00e1cil de cultivar:<\/strong> Resistente e adapt\u00e1vel a diferentes climas e tipos de solo, requer cuidados b\u00e1sicos e \u00e9 ideal para principiantes e jardineiros experientes.<\/p>\n<p><strong>Cultivo org\u00e2nico:<\/strong> As nossas sementes s\u00e3o <strong>100% org\u00e2nicas<\/strong>, livres de pesticidas e fertilizantes qu\u00edmicos, promovendo um cultivo sustent\u00e1vel e amigo do ambiente.<\/p>\n<p>Acrescenta ao teu <strong>jardim<\/strong> a eleg\u00e2ncia e o sabor da <strong>Ab\u00f3bora Org\u00e2nica Verde Hokkaido<\/strong>, uma variedade vers\u00e1til e deliciosa que encher\u00e1 os teus pratos de tradi\u00e7\u00e3o e nutrientes. Encomenda hoje e come\u00e7a a desfrutar desta joia do jardim japon\u00eas! <\/p>\n","protected":false},"featured_media":17097,"comment_status":"open","ping_status":"closed","template":"","meta":{"_acf_changed":false},"product_brand":[],"product_cat":[429,427],"product_tag":[1578],"woo-feed-brand":[],"class_list":{"0":"post-17680","1":"product","2":"type-product","3":"status-publish","4":"has-post-thumbnail","6":"product_cat-sementes-de-frutas-e-legumes-biologicos","7":"product_cat-sementes-organicas-2","8":"product_tag-eco","10":"first","11":"instock","12":"sale","13":"taxable","14":"shipping-taxable","15":"purchasable","16":"product-type-simple"},"acf":[],"_links":{"self":[{"href":"https:\/\/cultivers.es\/pt-pt\/wp-json\/wp\/v2\/product\/17680","targetHints":{"allow":["GET"]}}],"collection":[{"href":"https:\/\/cultivers.es\/pt-pt\/wp-json\/wp\/v2\/product"}],"about":[{"href":"https:\/\/cultivers.es\/pt-pt\/wp-json\/wp\/v2\/types\/product"}],"replies":[{"embeddable":true,"href":"https:\/\/cultivers.es\/pt-pt\/wp-json\/wp\/v2\/comments?post=17680"}],"wp:featuredmedia":[{"embeddable":true,"href":"https:\/\/cultivers.es\/pt-pt\/wp-json\/wp\/v2\/media\/17097"}],"wp:attachment":[{"href":"https:\/\/cultivers.es\/pt-pt\/wp-json\/wp\/v2\/media?parent=17680"}],"wp:term":[{"taxonomy":"product_brand","embeddable":true,"href":"https:\/\/cultivers.es\/pt-pt\/wp-json\/wp\/v2\/product_brand?post=17680"},{"taxonomy":"product_cat","embeddable":true,"href":"https:\/\/cultivers.es\/pt-pt\/wp-json\/wp\/v2\/product_cat?post=17680"},{"taxonomy":"product_tag","embeddable":true,"href":"https:\/\/cultivers.es\/pt-pt\/wp-json\/wp\/v2\/product_tag?post=17680"},{"taxonomy":"woo-feed-brand","embeddable":true,"href":"https:\/\/cultivers.es\/pt-pt\/wp-json\/wp\/v2\/woo-feed-brand?post=17680"}],"curies":[{"name":"wp","href":"https:\/\/api.w.org\/{rel}","templated":true}]}}