{"id":17757,"date":"2023-06-06T08:31:07","date_gmt":"2023-06-06T08:31:07","guid":{"rendered":"https:\/\/cultivers.es\/abonos\/flores-mistas\/"},"modified":"2025-09-22T04:47:31","modified_gmt":"2025-09-22T04:47:31","slug":"mistura-de-flores","status":"publish","type":"product","link":"https:\/\/cultivers.es\/pt-pt\/fertilizantes\/mistura-de-flores\/","title":{"rendered":"Sementes de flores mistas"},"content":{"rendered":"<p>Mistura floral de plantas anuais n\u00e3o espont\u00e2neas. Atraem insectos ben\u00e9ficos e aumentam a biodiversidade, sendo perfeitas para plantar junto \u00e0 horta. O solo deve estar preparado e livre de ervas daninhas para uma planta\u00e7\u00e3o correta.<\/p>\n<p>&nbsp;<\/p>\n","protected":false},"excerpt":{"rendered":"<p>A nossa <strong>mistura de flores org\u00e2nicas<\/strong> \u00e9 perfeita para encher o teu <strong>pomar e jardim<\/strong> de cor, vida e biodiversidade. Esta mistura inclui uma variedade de flores selecionadas para trazer uma explos\u00e3o de tons vibrantes e fragr\u00e2ncias naturais, criando um espa\u00e7o atrativo tanto para os olhos como para os polinizadores, como abelhas e borboletas. Ideal para bordaduras, prados naturais ou zonas ornamentais, este mix \u00e9 f\u00e1cil de cultivar e requer poucos cuidados.  <\/p>\n<p><strong>Variedade de cores e formas:<\/strong> Esta mistura inclui flores de diferentes tamanhos e cores, que d\u00e3o um aspeto din\u00e2mico e natural a qualquer espa\u00e7o verde.<\/p>\n<p><strong>Atrativo para polinizadores:<\/strong> Concebido para atrair abelhas, borboletas e outros insectos ben\u00e9ficos, promovendo a biodiversidade e ajudando a polinizar outras culturas.<\/p>\n<p><strong>Flora\u00e7\u00e3o prolongada:<\/strong> Gra\u00e7as \u00e0 diversidade de esp\u00e9cies, poder\u00e1s desfrutar de flores durante toda a esta\u00e7\u00e3o, da primavera ao outono.<\/p>\n<p><strong>F\u00e1cil de cultivar:<\/strong> adapt\u00e1vel a diferentes tipos de solo e condi\u00e7\u00f5es clim\u00e1ticas, esta mistura \u00e9 perfeita tanto para principiantes como para jardineiros experientes.<\/p>\n<p><strong>Ideal para prados e bordaduras naturais:<\/strong> Proporciona um aspeto selvagem e descontra\u00eddo, perfeito para criar espa\u00e7os mais vivos e ecol\u00f3gicos.<\/p>\n<p><strong>Cultivo org\u00e2nico:<\/strong> As nossas sementes s\u00e3o <strong>100% org\u00e2nicas<\/strong>, livres de pesticidas e fertilizantes qu\u00edmicos, promovendo um <strong>jardim<\/strong> sustent\u00e1vel e amigo do ambiente <strong>.<\/strong> <\/p>\n<p>Enche o teu <strong>jardim e o<\/strong> teu <strong>pomar<\/strong> de vida e de cor com esta <strong>mistura de flores org\u00e2nicas<\/strong> e transforma o teu espa\u00e7o num ref\u00fagio da natureza. Encomenda hoje e desfruta de uma flora\u00e7\u00e3o espetacular! <\/p>\n","protected":false},"featured_media":16807,"comment_status":"open","ping_status":"closed","template":"","meta":{"_acf_changed":false},"product_brand":[],"product_cat":[495],"product_tag":[1578],"class_list":{"0":"post-17757","1":"product","2":"type-product","3":"status-publish","4":"has-post-thumbnail","6":"product_cat-sementes-de-flores-organicas","7":"product_tag-eco","9":"first","10":"outofstock","11":"taxable","12":"shipping-taxable","13":"purchasable","14":"product-type-variable"},"acf":[],"_links":{"self":[{"href":"https:\/\/cultivers.es\/pt-pt\/wp-json\/wp\/v2\/product\/17757","targetHints":{"allow":["GET"]}}],"collection":[{"href":"https:\/\/cultivers.es\/pt-pt\/wp-json\/wp\/v2\/product"}],"about":[{"href":"https:\/\/cultivers.es\/pt-pt\/wp-json\/wp\/v2\/types\/product"}],"replies":[{"embeddable":true,"href":"https:\/\/cultivers.es\/pt-pt\/wp-json\/wp\/v2\/comments?post=17757"}],"wp:featuredmedia":[{"embeddable":true,"href":"https:\/\/cultivers.es\/pt-pt\/wp-json\/wp\/v2\/media\/16807"}],"wp:attachment":[{"href":"https:\/\/cultivers.es\/pt-pt\/wp-json\/wp\/v2\/media?parent=17757"}],"wp:term":[{"taxonomy":"product_brand","embeddable":true,"href":"https:\/\/cultivers.es\/pt-pt\/wp-json\/wp\/v2\/product_brand?post=17757"},{"taxonomy":"product_cat","embeddable":true,"href":"https:\/\/cultivers.es\/pt-pt\/wp-json\/wp\/v2\/product_cat?post=17757"},{"taxonomy":"product_tag","embeddable":true,"href":"https:\/\/cultivers.es\/pt-pt\/wp-json\/wp\/v2\/product_tag?post=17757"}],"curies":[{"name":"wp","href":"https:\/\/api.w.org\/{rel}","templated":true}]}}