{"id":17758,"date":"2023-09-05T12:36:10","date_gmt":"2023-09-05T12:36:10","guid":{"rendered":"https:\/\/cultivers.es\/abonos\/tagetes-sementes-biologicas\/"},"modified":"2025-09-22T05:07:46","modified_gmt":"2025-09-22T05:07:46","slug":"tagetes","status":"publish","type":"product","link":"https:\/\/cultivers.es\/pt-pt\/fertilizantes\/tagetes\/","title":{"rendered":"Tagetes Biodin\u00e2mico Demeter Sementes de Cravos da \u00cdndia"},"content":{"rendered":"","protected":false},"excerpt":{"rendered":"<p>Enche o teu jardim com vida e cor com as nossas Sementes Org\u00e2nicas de Tagetes Demeter - Cravo da \u00cdndia. Estas belas flores em tons vivos de amarelo e laranja n\u00e3o s\u00f3 embelezam o teu jardim, mas tamb\u00e9m actuam como um repelente natural de pragas, protegendo as tuas colheitas de uma forma amiga do ambiente. Com a certifica\u00e7\u00e3o Demeter, podes ter a certeza de que est\u00e1s a cultivar em harmonia com a natureza, seguindo os princ\u00edpios da agricultura biodin\u00e2mica.  <\/p>\n<ul>\n<li><strong>Flores vibrantes:<\/strong> O cravo da \u00cdndia, tamb\u00e9m conhecido como Tagetes, produz flores brilhantes e duradouras em tons de amarelo e laranja, trazendo alegria e cor a qualquer jardim ou pomar.<\/li>\n<li><strong>Prote\u00e7\u00e3o natural:<\/strong> Estas plantas s\u00e3o conhecidas pela sua capacidade de repelir pragas como os nem\u00e1todos e os pulg\u00f5es, protegendo as tuas culturas naturalmente sem necessidade de pesticidas.<\/li>\n<li><strong>F\u00e1cil de cultivar:<\/strong> As Tagetes s\u00e3o plantas resistentes e de baixa manuten\u00e7\u00e3o que se adaptam a uma grande variedade de solos e climas. S\u00e3o perfeitas tanto para principiantes como para jardineiros mais experientes. <\/li>\n<li><strong>Atra\u00e7\u00e3o de polinizadores:<\/strong> Para al\u00e9m de protegerem as tuas culturas, as flores do cravo da \u00cdndia atraem abelhas, borboletas e outros polinizadores, promovendo a biodiversidade e melhorando a sa\u00fade geral do teu jardim.<\/li>\n<li><strong>Certifica\u00e7\u00e3o Demeter:<\/strong> Cultivadas segundo os princ\u00edpios da agricultura biodin\u00e2mica, estas sementes t\u00eam a certifica\u00e7\u00e3o Demeter, que garante o respeito absoluto pelos ciclos naturais do solo e do ecossistema.<\/li>\n<li><strong>Cultivo org\u00e2nico:<\/strong> As nossas sementes de Tagetes s\u00e3o 100% org\u00e2nicas, sem pesticidas e produtos qu\u00edmicos, garantindo-te um jardim saud\u00e1vel e amigo do ambiente.<\/li>\n<\/ul>\n<p>Protege e embeleza o teu jardim de uma forma amiga do ambiente com Demeter Organic Tagetes Seeds - Indian Carnation. Desfruta das suas flores vibrantes enquanto cuida das tuas colheitas e promove a biodiversidade - encomenda hoje e transforma o teu jardim num espa\u00e7o cheio de cor e vida!  <\/p>\n","protected":false},"featured_media":17007,"comment_status":"open","ping_status":"closed","template":"","meta":{"_acf_changed":false},"product_brand":[],"product_cat":[1269,427],"product_tag":[1270],"class_list":{"0":"post-17758","1":"product","2":"type-product","3":"status-publish","4":"has-post-thumbnail","6":"product_cat-sementes-de-demeter","7":"product_cat-sementes-organicas-2","8":"product_tag-demeter-pt-pt","10":"first","11":"instock","12":"taxable","13":"shipping-taxable","14":"purchasable","15":"product-type-simple"},"acf":[],"_links":{"self":[{"href":"https:\/\/cultivers.es\/pt-pt\/wp-json\/wp\/v2\/product\/17758","targetHints":{"allow":["GET"]}}],"collection":[{"href":"https:\/\/cultivers.es\/pt-pt\/wp-json\/wp\/v2\/product"}],"about":[{"href":"https:\/\/cultivers.es\/pt-pt\/wp-json\/wp\/v2\/types\/product"}],"replies":[{"embeddable":true,"href":"https:\/\/cultivers.es\/pt-pt\/wp-json\/wp\/v2\/comments?post=17758"}],"wp:featuredmedia":[{"embeddable":true,"href":"https:\/\/cultivers.es\/pt-pt\/wp-json\/wp\/v2\/media\/17007"}],"wp:attachment":[{"href":"https:\/\/cultivers.es\/pt-pt\/wp-json\/wp\/v2\/media?parent=17758"}],"wp:term":[{"taxonomy":"product_brand","embeddable":true,"href":"https:\/\/cultivers.es\/pt-pt\/wp-json\/wp\/v2\/product_brand?post=17758"},{"taxonomy":"product_cat","embeddable":true,"href":"https:\/\/cultivers.es\/pt-pt\/wp-json\/wp\/v2\/product_cat?post=17758"},{"taxonomy":"product_tag","embeddable":true,"href":"https:\/\/cultivers.es\/pt-pt\/wp-json\/wp\/v2\/product_tag?post=17758"}],"curies":[{"name":"wp","href":"https:\/\/api.w.org\/{rel}","templated":true}]}}