{"id":17759,"date":"2023-06-06T08:20:32","date_gmt":"2023-06-06T08:20:32","guid":{"rendered":"https:\/\/cultivers.es\/abonos\/configurar\/"},"modified":"2025-09-22T05:39:12","modified_gmt":"2025-09-22T05:39:12","slug":"instalacao","status":"publish","type":"product","link":"https:\/\/cultivers.es\/pt-pt\/fertilizantes\/instalacao\/","title":{"rendered":"Prepara-te"},"content":{"rendered":"<p>Recupera a cultura durante as fases fenol\u00f3gicas cr\u00edticas para estimular e melhorar o enraizamento, o brotamento, a flora\u00e7\u00e3o, a frutifica\u00e7\u00e3o e a engorda dos frutos. Trata antes que surjam condi\u00e7\u00f5es desfavor\u00e1veis.<\/p>\n","protected":false},"excerpt":{"rendered":"<p>Concentra os amino\u00e1cidos osmoprotectores mais eficazes que lhe conferem um modo de a\u00e7\u00e3o \u00fanico. Regula o equil\u00edbrio das hormonas-chave para a imunidade das plantas (brassinoster\u00f3ides, \u00e1cido salic\u00edlico) e a express\u00e3o dos genes envolvidos nas fun\u00e7\u00f5es antioxidantes.<\/p>\n<p>SET UP fornece os recursos para minimizar o gasto metab\u00f3lico para se adaptar ao stress e aos danos que podem ser causados. Reactiva imediatamente os processos fisiol\u00f3gicos da planta para manter o potencial de rendimento.<\/p>\n","protected":false},"featured_media":0,"comment_status":"open","ping_status":"closed","template":"","meta":{"_acf_changed":false},"product_brand":[],"product_cat":[499,497],"product_tag":[],"class_list":{"0":"post-17759","1":"product","2":"type-product","3":"status-publish","5":"product_cat-aminoacidos-pt-pt","6":"product_cat-bioestimulantes-pt-pt","8":"first","9":"instock","10":"taxable","11":"shipping-taxable","12":"purchasable","13":"product-type-simple"},"acf":[],"_links":{"self":[{"href":"https:\/\/cultivers.es\/pt-pt\/wp-json\/wp\/v2\/product\/17759","targetHints":{"allow":["GET"]}}],"collection":[{"href":"https:\/\/cultivers.es\/pt-pt\/wp-json\/wp\/v2\/product"}],"about":[{"href":"https:\/\/cultivers.es\/pt-pt\/wp-json\/wp\/v2\/types\/product"}],"replies":[{"embeddable":true,"href":"https:\/\/cultivers.es\/pt-pt\/wp-json\/wp\/v2\/comments?post=17759"}],"wp:attachment":[{"href":"https:\/\/cultivers.es\/pt-pt\/wp-json\/wp\/v2\/media?parent=17759"}],"wp:term":[{"taxonomy":"product_brand","embeddable":true,"href":"https:\/\/cultivers.es\/pt-pt\/wp-json\/wp\/v2\/product_brand?post=17759"},{"taxonomy":"product_cat","embeddable":true,"href":"https:\/\/cultivers.es\/pt-pt\/wp-json\/wp\/v2\/product_cat?post=17759"},{"taxonomy":"product_tag","embeddable":true,"href":"https:\/\/cultivers.es\/pt-pt\/wp-json\/wp\/v2\/product_tag?post=17759"}],"curies":[{"name":"wp","href":"https:\/\/api.w.org\/{rel}","templated":true}]}}