{"id":17774,"date":"2023-09-05T13:17:13","date_gmt":"2023-09-05T13:17:13","guid":{"rendered":"https:\/\/cultivers.es\/abonos\/sementes-de-tomate-organico-oxheart-orange\/"},"modified":"2025-09-22T04:50:11","modified_gmt":"2025-09-22T04:50:11","slug":"tomate-coracao-de-vegetal-laranja-sementes-ecologicas","status":"publish","type":"product","link":"https:\/\/cultivers.es\/pt-pt\/fertilizantes\/tomate-coracao-de-vegetal-laranja-sementes-ecologicas\/","title":{"rendered":"Sementes de tomate Oxheart Orange"},"content":{"rendered":"","protected":false},"excerpt":{"rendered":"<p>O <strong>tomate Orange Beefheart<\/strong> \u00e9 uma variedade tradicional de grande porte, conhecida pela sua <strong>forma de cora\u00e7\u00e3o<\/strong> e pela sua carater\u00edstica cor <strong>laranja profunda<\/strong>. Este tomate destaca-se pelo seu sabor doce e equilibrado, com uma polpa sumarenta e poucas sementes, o que o torna ideal para saladas, molhos frescos ou pratos gourmet. Al\u00e9m disso, o seu cultivo biol\u00f3gico garante um fruto saud\u00e1vel e amigo do ambiente.  <\/p>\n<p><strong>Frutos grandes e sumarentos:<\/strong> Cada planta produz tomates grandes com uma polpa carnuda, perfeitos para m\u00faltiplas utiliza\u00e7\u00f5es culin\u00e1rias.<\/p>\n<p><strong>Sabor doce e suave:<\/strong> O seu equil\u00edbrio entre acidez e do\u00e7ura torna-a uma das variedades mais apreciadas para consumo em fresco ou em receitas caseiras.<\/p>\n<p><strong>Alta produtividade:<\/strong> Esta variedade \u00e9 robusta e oferece uma colheita abundante, perfeita para hortas familiares ou profissionais.<\/p>\n<p><strong>F\u00e1cil de cultivar:<\/strong> adapt\u00e1vel a diferentes tipos de solo e climas, \u00e9 resistente e adequado para principiantes e jardineiros experientes.<\/p>\n<p><strong>Rico em nutrientes:<\/strong> Fonte natural de antioxidantes, vitaminas A e C e minerais, \u00e9 um alimento saud\u00e1vel e nutritivo.<\/p>\n<p><strong>Cultivo org\u00e2nico:<\/strong> As nossas sementes s\u00e3o <strong>100% org\u00e2nicas<\/strong>, livres de pesticidas e fertilizantes qu\u00edmicos, garantindo um cultivo sustent\u00e1vel e amigo do ambiente.<\/p>\n<p>Enche o teu <strong>jardim<\/strong> de cor e de sabor com o <strong>Tomate Laranja Cora\u00e7\u00e3o de Boi Biol\u00f3gico<\/strong>, uma variedade tradicional que te vai encantar tanto pela sua est\u00e9tica como pelo seu sabor incompar\u00e1vel. Encomenda hoje e come\u00e7a a desfrutar desta joia do jardim! <\/p>\n","protected":false},"featured_media":17032,"comment_status":"open","ping_status":"closed","template":"","meta":{"_acf_changed":false},"product_brand":[],"product_cat":[429,427],"product_tag":[1578],"woo-feed-brand":[],"class_list":{"0":"post-17774","1":"product","2":"type-product","3":"status-publish","4":"has-post-thumbnail","6":"product_cat-sementes-de-frutas-e-legumes-biologicos","7":"product_cat-sementes-organicas-2","8":"product_tag-eco","10":"first","11":"instock","12":"sale","13":"taxable","14":"shipping-taxable","15":"purchasable","16":"product-type-simple"},"acf":[],"_links":{"self":[{"href":"https:\/\/cultivers.es\/pt-pt\/wp-json\/wp\/v2\/product\/17774","targetHints":{"allow":["GET"]}}],"collection":[{"href":"https:\/\/cultivers.es\/pt-pt\/wp-json\/wp\/v2\/product"}],"about":[{"href":"https:\/\/cultivers.es\/pt-pt\/wp-json\/wp\/v2\/types\/product"}],"replies":[{"embeddable":true,"href":"https:\/\/cultivers.es\/pt-pt\/wp-json\/wp\/v2\/comments?post=17774"}],"wp:featuredmedia":[{"embeddable":true,"href":"https:\/\/cultivers.es\/pt-pt\/wp-json\/wp\/v2\/media\/17032"}],"wp:attachment":[{"href":"https:\/\/cultivers.es\/pt-pt\/wp-json\/wp\/v2\/media?parent=17774"}],"wp:term":[{"taxonomy":"product_brand","embeddable":true,"href":"https:\/\/cultivers.es\/pt-pt\/wp-json\/wp\/v2\/product_brand?post=17774"},{"taxonomy":"product_cat","embeddable":true,"href":"https:\/\/cultivers.es\/pt-pt\/wp-json\/wp\/v2\/product_cat?post=17774"},{"taxonomy":"product_tag","embeddable":true,"href":"https:\/\/cultivers.es\/pt-pt\/wp-json\/wp\/v2\/product_tag?post=17774"},{"taxonomy":"woo-feed-brand","embeddable":true,"href":"https:\/\/cultivers.es\/pt-pt\/wp-json\/wp\/v2\/woo-feed-brand?post=17774"}],"curies":[{"name":"wp","href":"https:\/\/api.w.org\/{rel}","templated":true}]}}