{"id":17775,"date":"2023-09-05T10:29:00","date_gmt":"2023-09-05T10:29:00","guid":{"rendered":"https:\/\/cultivers.es\/abonos\/sementes-de-alface-maravilha-quatro-estacoes-organica\/"},"modified":"2025-09-22T04:50:00","modified_gmt":"2025-09-22T04:50:00","slug":"alface-quarta-estacao-maravilha-alface","status":"publish","type":"product","link":"https:\/\/cultivers.es\/pt-pt\/fertilizantes\/alface-quarta-estacao-maravilha-alface\/","title":{"rendered":"Sementes de alface Wonder Four Seasons"},"content":{"rendered":"","protected":false},"excerpt":{"rendered":"<p><strong>A alface Wonder Four Seasons<\/strong><em>(Lactuca sativa<\/em>) \u00e9 uma variedade cl\u00e1ssica e vers\u00e1til, apreciada pela sua capacidade de adapta\u00e7\u00e3o a todas as esta\u00e7\u00f5es. As suas folhas onduladas, de <strong>cor verde brilhante com tons avermelhados<\/strong>, t\u00eam uma textura crocante e um sabor suave e doce, ideal para saladas frescas e saud\u00e1veis. Esta alface \u00e9 muito produtiva e f\u00e1cil de cultivar, perfeita para hortas urbanas e tradicionais.  <\/p>\n<p><strong>Folhas coloridas e saborosas:<\/strong> Com a sua mistura de tons verdes e avermelhados, esta alface \u00e9 atraente tanto no jardim como no prato.<\/p>\n<p><strong>Tem um sabor suave e uma textura estaladi\u00e7a:<\/strong> As suas folhas tenras e frescas s\u00e3o ideais para saladas, sandu\u00edches e acompanhamentos.<\/p>\n<p><strong>Adapta-se a todas as esta\u00e7\u00f5es:<\/strong> \u00c9 uma variedade resistente que pode ser cultivada durante todo o ano, suportando tanto o calor como o frio moderado.<\/p>\n<p><strong>Alta Produtividade:<\/strong> Produz cabe\u00e7as grandes e compactas, garantindo colheitas abundantes e cont\u00ednuas.<\/p>\n<p><strong>F\u00e1cil de cultivar:<\/strong> perfeita para principiantes e especialistas, esta variedade adapta-se bem a diferentes tipos de solo e climas.<\/p>\n<p><strong>Cultivo org\u00e2nico:<\/strong> As nossas sementes s\u00e3o <strong>100% org\u00e2nicas<\/strong>, livres de pesticidas e fertilizantes qu\u00edmicos, promovendo um jardim sustent\u00e1vel e amigo do ambiente.<\/p>\n<p>Desfruta do sabor, da frescura e da versatilidade da <strong>Alface Maravilhosa Quatro Esta\u00e7\u00f5es Org\u00e2nica<\/strong>, uma escolha perfeita para a tua horta em qualquer altura do ano, encomenda hoje e come\u00e7a a cultivar! <\/p>\n","protected":false},"featured_media":45433,"comment_status":"open","ping_status":"closed","template":"","meta":{"_acf_changed":false},"product_brand":[],"product_cat":[503,427],"product_tag":[1578],"class_list":{"0":"post-17775","1":"product","2":"type-product","3":"status-publish","4":"has-post-thumbnail","6":"product_cat-sementes-de-vegetais-de-folha-organicos","7":"product_cat-sementes-organicas-2","8":"product_tag-eco","10":"first","11":"instock","12":"sale","13":"taxable","14":"shipping-taxable","15":"purchasable","16":"product-type-simple"},"acf":[],"_links":{"self":[{"href":"https:\/\/cultivers.es\/pt-pt\/wp-json\/wp\/v2\/product\/17775","targetHints":{"allow":["GET"]}}],"collection":[{"href":"https:\/\/cultivers.es\/pt-pt\/wp-json\/wp\/v2\/product"}],"about":[{"href":"https:\/\/cultivers.es\/pt-pt\/wp-json\/wp\/v2\/types\/product"}],"replies":[{"embeddable":true,"href":"https:\/\/cultivers.es\/pt-pt\/wp-json\/wp\/v2\/comments?post=17775"}],"wp:featuredmedia":[{"embeddable":true,"href":"https:\/\/cultivers.es\/pt-pt\/wp-json\/wp\/v2\/media\/45433"}],"wp:attachment":[{"href":"https:\/\/cultivers.es\/pt-pt\/wp-json\/wp\/v2\/media?parent=17775"}],"wp:term":[{"taxonomy":"product_brand","embeddable":true,"href":"https:\/\/cultivers.es\/pt-pt\/wp-json\/wp\/v2\/product_brand?post=17775"},{"taxonomy":"product_cat","embeddable":true,"href":"https:\/\/cultivers.es\/pt-pt\/wp-json\/wp\/v2\/product_cat?post=17775"},{"taxonomy":"product_tag","embeddable":true,"href":"https:\/\/cultivers.es\/pt-pt\/wp-json\/wp\/v2\/product_tag?post=17775"}],"curies":[{"name":"wp","href":"https:\/\/api.w.org\/{rel}","templated":true}]}}