{"id":17780,"date":"2023-07-04T04:25:17","date_gmt":"2023-07-04T04:25:17","guid":{"rendered":"https:\/\/cultivers.es\/abonos\/pack-cavalinha-e-urtiga-purina\/"},"modified":"2026-03-19T07:05:49","modified_gmt":"2026-03-19T07:05:49","slug":"rabo-de-cavalo-e-purina-da-uva","status":"publish","type":"product","link":"https:\/\/cultivers.es\/pt-pt\/fertilizantes\/rabo-de-cavalo-e-purina-da-uva\/","title":{"rendered":"Pack Cavalinha e urtiga Purina"},"content":{"rendered":"<div id=\"productDescription_feature_div\" class=\"celwidget\" data-feature-name=\"productDescription\" data-csa-c-type=\"widget\" data-csa-c-content-id=\"productDescription\" data-csa-c-slot-id=\"productDescription_feature_div\" data-csa-c-asin=\"\" data-csa-c-is-in-initial-active-row=\"false\" data-csa-c-id=\"wn60rw-hd28dm-sm5qt-oq9hhm\" data-cel-widget=\"productDescription_feature_div\">\n<div>\n<div id=\"productDescription_feature_div\" class=\"a-row feature\" data-feature-name=\"productDescription\" data-template-name=\"productDescription\" data-cel-widget=\"productDescription_feature_div\">\n<div id=\"productDescription\" class=\"a-section a-spacing-small\">\n<p>Fortalece as tuas plantas com CULTIVERS Cavalinha: Preventiva e curativa. Bioestimulante natural previne e combate doen\u00e7as f\u00fangicas como o m\u00edldio, o o\u00eddio e a ferrugem. Refor\u00e7a o mecanismo de defesa das tuas plantas: CULTIVERS Cavalinha \u00e9 um extrato de Equisentum Arvense que refor\u00e7a o sistema de prote\u00e7\u00e3o natural das plantas, tornando-as mais resistentes a doen\u00e7as e pragas. O extrato ou chorume cont\u00e9m uma composi\u00e7\u00e3o rica em compostos que refor\u00e7am o mecanismo de defesa natural das plantas. Pode ser aplicado como fertilizante ou como estimulante das plantas. Rico em elementos secund\u00e1rios como o enxofre, o sil\u00edcio e o magn\u00e9sio.     <\/p>\n<\/div>\n<\/div>\n<\/div>\n<\/div>\n","protected":false},"excerpt":{"rendered":"<ul class=\"a-unordered-list a-vertical a-spacing-mini\">\n<li class=\"a-spacing-mini\"><span class=\"a-list-item\">Fortalecimento natural das tuas plantas: Com CULTIVERS Cavalinha, as tuas plantas ser\u00e3o mais fortes e mais resistentes \u00e0s doen\u00e7as e \u00e0s pragas gra\u00e7as ao seu extrato de Equisentum Arvense.<\/span><\/li>\n<li class=\"a-spacing-mini\"><span class=\"a-list-item\">\ud83c\udf44 Preven\u00e7\u00e3o e tratamento de doen\u00e7as f\u00fangicas: Este produto combate eficazmente fungos como o m\u00edldio, o o\u00eddio e a ferrugem, protegendo as tuas plantas de uma forma natural e amiga do ambiente.<\/span><\/li>\n<li class=\"a-spacing-mini\"><span class=\"a-list-item\">Estimulante e fertilizante org\u00e2nico: o chorume de urtiga CULTIVERS \u00e9 uma solu\u00e7\u00e3o rica em compostos que refor\u00e7am o mecanismo de defesa natural das plantas e pode ser aplicado como fertilizante ou estimulante.<\/span><\/li>\n<li class=\"a-spacing-mini\"><span class=\"a-list-item\">\ud83d\udca7 \ud83d\udca6 SUPER CONCENTRADO. Dosagem e utiliza\u00e7\u00e3o f\u00e1ceis: Para a aplica\u00e7\u00e3o dos produtos do pack de plantas CULTIVERS recomendamos a aplica\u00e7\u00e3o foliar. Faz mais aplica\u00e7\u00f5es com menos produto.  <\/span><\/li>\n<li class=\"a-spacing-mini\"><span class=\"a-list-item\">Rico em elementos secund\u00e1rios essenciais: CULTIVERS Horsetail &amp; Nettle Purine cont\u00e9m enxofre, sil\u00edcio e magn\u00e9sio, elementos essenciais para o crescimento e desenvolvimento saud\u00e1vel das tuas plantas.<\/span><\/li>\n<\/ul>\n","protected":false},"featured_media":16782,"comment_status":"open","ping_status":"closed","template":"","meta":{"_acf_changed":false},"product_brand":[],"product_cat":[512,513],"product_tag":[],"woo-feed-brand":[],"class_list":{"0":"post-17780","1":"product","2":"type-product","3":"status-publish","4":"has-post-thumbnail","6":"product_cat-protecao-das-culturas-e-das-plantas","7":"product_cat-substancias-de-base","9":"first","10":"instock","11":"taxable","12":"shipping-taxable","13":"purchasable","14":"product-type-variable"},"acf":[],"_links":{"self":[{"href":"https:\/\/cultivers.es\/pt-pt\/wp-json\/wp\/v2\/product\/17780","targetHints":{"allow":["GET"]}}],"collection":[{"href":"https:\/\/cultivers.es\/pt-pt\/wp-json\/wp\/v2\/product"}],"about":[{"href":"https:\/\/cultivers.es\/pt-pt\/wp-json\/wp\/v2\/types\/product"}],"replies":[{"embeddable":true,"href":"https:\/\/cultivers.es\/pt-pt\/wp-json\/wp\/v2\/comments?post=17780"}],"wp:featuredmedia":[{"embeddable":true,"href":"https:\/\/cultivers.es\/pt-pt\/wp-json\/wp\/v2\/media\/16782"}],"wp:attachment":[{"href":"https:\/\/cultivers.es\/pt-pt\/wp-json\/wp\/v2\/media?parent=17780"}],"wp:term":[{"taxonomy":"product_brand","embeddable":true,"href":"https:\/\/cultivers.es\/pt-pt\/wp-json\/wp\/v2\/product_brand?post=17780"},{"taxonomy":"product_cat","embeddable":true,"href":"https:\/\/cultivers.es\/pt-pt\/wp-json\/wp\/v2\/product_cat?post=17780"},{"taxonomy":"product_tag","embeddable":true,"href":"https:\/\/cultivers.es\/pt-pt\/wp-json\/wp\/v2\/product_tag?post=17780"},{"taxonomy":"woo-feed-brand","embeddable":true,"href":"https:\/\/cultivers.es\/pt-pt\/wp-json\/wp\/v2\/woo-feed-brand?post=17780"}],"curies":[{"name":"wp","href":"https:\/\/api.w.org\/{rel}","templated":true}]}}