{"id":17797,"date":"2023-07-07T13:58:05","date_gmt":"2023-07-07T13:58:05","guid":{"rendered":"https:\/\/cultivers.es\/abonos\/acido-citrico-anidro\/"},"modified":"2025-09-22T04:48:40","modified_gmt":"2025-09-22T04:48:40","slug":"cultivers-acido-citrico-anidro-acido","status":"publish","type":"product","link":"https:\/\/cultivers.es\/pt-pt\/fertilizantes\/cultivers-acido-citrico-anidro-acido\/","title":{"rendered":"\u00c1cido c\u00edtrico anidro"},"content":{"rendered":"","protected":false},"excerpt":{"rendered":"<div id=\"featurebullets_feature_div\" class=\"celwidget\" data-feature-name=\"featurebullets\" data-csa-c-type=\"widget\" data-csa-c-content-id=\"featurebullets\" data-csa-c-slot-id=\"featurebullets_feature_div\" data-csa-c-asin=\"B0C8Z2FVRH\" data-csa-c-is-in-initial-active-row=\"false\" data-csa-c-id=\"2d4w6n-txdvr1-blqe7g-yp5qwt\" data-cel-widget=\"featurebullets_feature_div\">\n<div id=\"feature-bullets\" class=\"a-section a-spacing-medium a-spacing-top-small\">\n<ul class=\"a-unordered-list a-vertical a-spacing-mini\">\n<li class=\"a-spacing-mini\"><span class=\"a-list-item\">\ud83c\udf31 Jardins e exteriores impec\u00e1veis: o \u00e1cido c\u00edtrico CULTIVERS \u00e9 perfeito para manter canteiros, jardineiras, ferramentas de jardinagem, churrasqueiras e mobili\u00e1rio de exterior em perfeitas condi\u00e7\u00f5es - o teu jardim ter\u00e1 sempre um aspeto radiante! <\/span><\/li>\n<li class=\"a-spacing-mini\"><span class=\"a-list-item\">\u267b\ufe0f Limpeza ecol\u00f3gica e multiusos: O nosso \u00e1cido c\u00edtrico 100% puro \u00e9 ideal para a limpeza dom\u00e9stica e de instala\u00e7\u00f5es, sem agentes OGM e antiaglomerantes. Um produto amigo do ambiente e sem OGM. <\/span><\/li>\n<li class=\"a-spacing-mini\"><span class=\"a-list-item\">Agricultura e corretor de pH: O \u00e1cido c\u00edtrico CULTIVERS \u00e9 excelente para regular o pH em agricultura biol\u00f3gica, favorecer a microbiologia do solo e desentupir os gotejadores por fertirriga\u00e7\u00e3o. Um aliado para as tuas culturas! <\/span><\/li>\n<li class=\"a-spacing-mini\"><span class=\"a-list-item\">Melhora a \u00e1gua de irriga\u00e7\u00e3o e a desinfe\u00e7\u00e3o: Utiliza o nosso \u00e1cido c\u00edtrico como corretor de pH na \u00e1gua de irriga\u00e7\u00e3o, ajudando a atividade microbiana do solo. Tamb\u00e9m \u00e9 perfeito para a limpeza e desinfe\u00e7\u00e3o de gotejadores, equipamentos e drenos. <\/span><\/li>\n<li class=\"a-spacing-mini\"><span class=\"a-list-item\">Cozinhas e casas de banho brilhantes: O \u00e1cido c\u00edtrico CULTIVERS \u00e9 ideal para a limpeza de banheiras, lavat\u00f3rios, sanitas, torneiras e azulejos nas casas de banho, bem como para desengordurar os utens\u00edlios de cozinha e manter as superf\u00edcies limpas e brilhantes.<\/span><\/li>\n<\/ul>\n<\/div>\n<\/div>\n<div id=\"provenanceCertifications_feature_div\" class=\"celwidget\" data-feature-name=\"provenanceCertifications\" data-csa-c-type=\"widget\" data-csa-c-content-id=\"provenanceCertifications\" data-csa-c-slot-id=\"provenanceCertifications_feature_div\" data-csa-c-asin=\"B0C8Z2FVRH\" data-csa-c-is-in-initial-active-row=\"false\" data-csa-c-id=\"dyqgc4-xfgm8h-p11qwx-6us0q3\" data-cel-widget=\"provenanceCertifications_feature_div\">\n<div id=\"provenance-certifications\" class=\"a-section a-spacing-medium a-spacing-top-micro\"><\/div>\n<\/div>\n","protected":false},"featured_media":16837,"comment_status":"open","ping_status":"closed","template":"","meta":{"_acf_changed":false},"product_brand":[],"product_cat":[702],"product_tag":[],"woo-feed-brand":[],"class_list":{"0":"post-17797","1":"product","2":"type-product","3":"status-publish","4":"has-post-thumbnail","6":"product_cat-materias-primas-pt-pt","8":"first","9":"instock","10":"taxable","11":"shipping-taxable","12":"purchasable","13":"product-type-variable"},"acf":[],"_links":{"self":[{"href":"https:\/\/cultivers.es\/pt-pt\/wp-json\/wp\/v2\/product\/17797","targetHints":{"allow":["GET"]}}],"collection":[{"href":"https:\/\/cultivers.es\/pt-pt\/wp-json\/wp\/v2\/product"}],"about":[{"href":"https:\/\/cultivers.es\/pt-pt\/wp-json\/wp\/v2\/types\/product"}],"replies":[{"embeddable":true,"href":"https:\/\/cultivers.es\/pt-pt\/wp-json\/wp\/v2\/comments?post=17797"}],"wp:featuredmedia":[{"embeddable":true,"href":"https:\/\/cultivers.es\/pt-pt\/wp-json\/wp\/v2\/media\/16837"}],"wp:attachment":[{"href":"https:\/\/cultivers.es\/pt-pt\/wp-json\/wp\/v2\/media?parent=17797"}],"wp:term":[{"taxonomy":"product_brand","embeddable":true,"href":"https:\/\/cultivers.es\/pt-pt\/wp-json\/wp\/v2\/product_brand?post=17797"},{"taxonomy":"product_cat","embeddable":true,"href":"https:\/\/cultivers.es\/pt-pt\/wp-json\/wp\/v2\/product_cat?post=17797"},{"taxonomy":"product_tag","embeddable":true,"href":"https:\/\/cultivers.es\/pt-pt\/wp-json\/wp\/v2\/product_tag?post=17797"},{"taxonomy":"woo-feed-brand","embeddable":true,"href":"https:\/\/cultivers.es\/pt-pt\/wp-json\/wp\/v2\/woo-feed-brand?post=17797"}],"curies":[{"name":"wp","href":"https:\/\/api.w.org\/{rel}","templated":true}]}}