{"id":17801,"date":"2023-07-14T10:58:03","date_gmt":"2023-07-14T10:58:03","guid":{"rendered":"https:\/\/cultivers.es\/abonos\/estacas-de-bambu\/"},"modified":"2025-09-22T04:48:40","modified_gmt":"2025-09-22T04:48:40","slug":"explicadores-bambu","status":"publish","type":"product","link":"https:\/\/cultivers.es\/pt-pt\/fertilizantes\/explicadores-bambu\/","title":{"rendered":"Estacas de bambu"},"content":{"rendered":"<p>A CULTIVERS, marca reconhecida pelo seu compromisso com a qualidade e a sustentabilidade, apresenta o seu pack de 30 estacas de bambu para plantas, ideais para apoiar e orientar as tuas plantas no jardim, terra\u00e7o, varanda, p\u00e1tio ou telhado. Com anos de experi\u00eancia no sector, a CULTIVERS tornou-se uma escolha fi\u00e1vel para quem procura produtos ecol\u00f3gicos e duradouros.<\/p>\n<p>Estas estacas de bambu natural s\u00e3o fortes e resistentes, garantindo uma longa vida no teu jardim. Cultivadas de forma sustent\u00e1vel e cortadas \u00e0 m\u00e3o, estas canas n\u00e3o prejudicam o ambiente nem afectam as plantas e os animais. Tamb\u00e9m s\u00e3o muito f\u00e1ceis de instalar: basta inserir as estacas finas e firmes no solo e, se precisares de ajustar o seu comprimento, podes cort\u00e1-las facilmente.<\/p>\n<p>As estacas de bambu CULTIVERS s\u00e3o perfeitas para apoiar uma grande variedade de plantas ornamentais, garantindo que crescem direitas e fortes. Tamb\u00e9m s\u00e3o ideais para a constru\u00e7\u00e3o de treli\u00e7as, cercas ou como suporte natural para plantas trepadeiras. A sua versatilidade torna-os uma excelente escolha para a decora\u00e7\u00e3o de interiores e exteriores, uma vez que as suas cores naturais d\u00e3o um toque \u00fanico a qualquer espa\u00e7o.<\/p>\n<p>Com estas estacas, podes montar o teu pr\u00f3prio jardim vertical e cultivar legumes, ervas arom\u00e1ticas, frutas ou qualquer tipo de vegetal sem te preocupares com a sua altura.<\/p>\n<p>Em suma, as estacas de bambu CULTIVERS s\u00e3o uma solu\u00e7\u00e3o ecol\u00f3gica, duradoura e vers\u00e1til para apoiar as tuas plantas e embelezar os teus espa\u00e7os. N\u00e3o esperes mais para desfrutar dos seus m\u00faltiplos benef\u00edcios e transformar o teu jardim num o\u00e1sis verde e saud\u00e1vel.<\/p>\n","protected":false},"excerpt":{"rendered":"<div id=\"featurebullets_feature_div\" class=\"celwidget\" data-feature-name=\"featurebullets\" data-csa-c-type=\"widget\" data-csa-c-content-id=\"featurebullets\" data-csa-c-slot-id=\"featurebullets_feature_div\" data-csa-c-asin=\"B0C7CXYSVD\" data-csa-c-is-in-initial-active-row=\"false\" data-csa-c-id=\"hqew4v-rfx582-ixcgmq-dqyj5\" data-cel-widget=\"featurebullets_feature_div\">\n<div id=\"feature-bullets\" class=\"a-section a-spacing-medium a-spacing-top-small\">\n<ul>\n<li><span class=\"a-list-item\"><span class=\"a-list-item\">Estacas de bambu org\u00e2nico: CULTIVERS oferece 30 estacas de bambu natural, ideais para apoiar as tuas plantas trepadeiras, como tomates, legumes e \u00e1rvores, garantindo um crescimento saud\u00e1vel e forte.<\/span><\/span><\/li>\n<li><span class=\"a-list-item\"><span class=\"a-list-item\">Resist\u00eancia e durabilidade: As estacas de bambu s\u00e3o fortes e robustas, garantindo a sua durabilidade durante v\u00e1rias esta\u00e7\u00f5es no teu jardim. Cultivadas de forma sustent\u00e1vel e cortadas \u00e0 m\u00e3o, n\u00e3o prejudicam as plantas nem os animais. <\/span><\/span><\/li>\n<li><span class=\"a-list-item\"><span class=\"a-list-item\">F\u00e1cil de colocar: basta colocares as estacas finas e resistentes no solo. Se n\u00e3o estiveres satisfeito com o comprimento, \u00e9 f\u00e1cil de cortar em qualquer comprimento e \u00e9 ideal para a constru\u00e7\u00e3o de treli\u00e7as ou para o suporte natural de plantas trepadeiras. <\/span><\/span><\/li>\n<li><span class=\"a-list-item\"><span class=\"a-list-item\">\ud83c\udf3c Uso m\u00faltiplo e decorativo: Estas estacas podem ser usadas para suportar uma grande variedade de plantas ornamentais e tamb\u00e9m como elementos decorativos em interiores e exteriores, construindo treli\u00e7as, cercas ou pendurando-as na parede.<\/span><\/span><\/li>\n<li><span class=\"a-list-item\">Adapta-se a todo o tipo de espa\u00e7os: As estacas de bambu CULTIVERS s\u00e3o perfeitas para equipar o teu jardim, terra\u00e7o, varanda, p\u00e1tio ou telhado, permitindo-te criar a tua pr\u00f3pria horta vertical e desfrutar das tuas pr\u00f3prias frutas e legumes cultivados em casa.<\/span><\/li>\n<\/ul>\n<\/div>\n<\/div>\n<div id=\"provenanceCertifications_feature_div\" class=\"celwidget\" data-feature-name=\"provenanceCertifications\" data-csa-c-type=\"widget\" data-csa-c-content-id=\"provenanceCertifications\" data-csa-c-slot-id=\"provenanceCertifications_feature_div\" data-csa-c-asin=\"B0C7CXYSVD\" data-csa-c-is-in-initial-active-row=\"false\" data-csa-c-id=\"9h55pu-p4awvn-8sd9v7-p19yv7\" data-cel-widget=\"provenanceCertifications_feature_div\">\n<div id=\"provenance-certifications\" class=\"a-section a-spacing-medium a-spacing-top-micro\"><\/div>\n<\/div>\n","protected":false},"featured_media":16892,"comment_status":"open","ping_status":"closed","template":"","meta":{"_acf_changed":false},"product_brand":[],"product_cat":[1325],"product_tag":[],"class_list":{"0":"post-17801","1":"product","2":"type-product","3":"status-publish","4":"has-post-thumbnail","6":"product_cat-bercario","8":"first","9":"instock","10":"taxable","11":"shipping-taxable","12":"purchasable","13":"product-type-variable"},"acf":[],"_links":{"self":[{"href":"https:\/\/cultivers.es\/pt-pt\/wp-json\/wp\/v2\/product\/17801","targetHints":{"allow":["GET"]}}],"collection":[{"href":"https:\/\/cultivers.es\/pt-pt\/wp-json\/wp\/v2\/product"}],"about":[{"href":"https:\/\/cultivers.es\/pt-pt\/wp-json\/wp\/v2\/types\/product"}],"replies":[{"embeddable":true,"href":"https:\/\/cultivers.es\/pt-pt\/wp-json\/wp\/v2\/comments?post=17801"}],"wp:featuredmedia":[{"embeddable":true,"href":"https:\/\/cultivers.es\/pt-pt\/wp-json\/wp\/v2\/media\/16892"}],"wp:attachment":[{"href":"https:\/\/cultivers.es\/pt-pt\/wp-json\/wp\/v2\/media?parent=17801"}],"wp:term":[{"taxonomy":"product_brand","embeddable":true,"href":"https:\/\/cultivers.es\/pt-pt\/wp-json\/wp\/v2\/product_brand?post=17801"},{"taxonomy":"product_cat","embeddable":true,"href":"https:\/\/cultivers.es\/pt-pt\/wp-json\/wp\/v2\/product_cat?post=17801"},{"taxonomy":"product_tag","embeddable":true,"href":"https:\/\/cultivers.es\/pt-pt\/wp-json\/wp\/v2\/product_tag?post=17801"}],"curies":[{"name":"wp","href":"https:\/\/api.w.org\/{rel}","templated":true}]}}