{"id":17954,"date":"2021-10-22T12:12:46","date_gmt":"2021-10-22T12:12:46","guid":{"rendered":"https:\/\/cultivers.es\/abonos\/fertilizante-liquido-organico-para-cactos\/"},"modified":"2025-09-22T04:53:29","modified_gmt":"2025-09-22T04:53:29","slug":"fertilizante-organico-liquido-ecologico-fertilizante-para-cactos","status":"publish","type":"product","link":"https:\/\/cultivers.es\/pt-pt\/fertilizantes\/fertilizante-organico-liquido-ecologico-fertilizante-para-cactos\/","title":{"rendered":"Fertilizante l\u00edquido org\u00e2nico para cactos"},"content":{"rendered":"<div class=\"page\" title=\"P\u00e1gina 1\">\n<div class=\"section\">\n<div class=\"layoutArea\">\n<div class=\"column\">\n<p>O Organic Liquid Cactus Fertilizer \u00e9 um <a href=\"https:\/\/cultivers.es\/pt-pt\/abonos-ecologicos\/plantacoes\/cactos-suculentas-e-suculentas\/\">fertilizante l\u00edquido ecol\u00f3gico<\/a> e org\u00e2nico. Foi formulado para fornecer uma nutri\u00e7\u00e3o \u00f3ptima para cactos e suculentas. Este fertilizante aumenta as reservas das plantas e promove um desenvolvimento equilibrado e o turgor dos tecidos. Evita a podrid\u00e3o do colo. Este fertilizante tamb\u00e9m cont\u00e9m amino\u00e1cidos para um crescimento adequado e homog\u00e9neo da planta.    <\/p>\n<\/div>\n<\/div>\n<\/div>\n<\/div>\n","protected":false},"excerpt":{"rendered":"<ul class=\"a-unordered-list a-vertical a-spacing-mini\">\n<li><span class=\"a-list-item\">Fertilizante org\u00e2nico l\u00edquido universal para todos os tipos de cactos e plantas suculentas<\/span><\/li>\n<li><span class=\"a-list-item\">Plantas mais resistentes a doen\u00e7as; facilita o desenvolvimento das plantas em situa\u00e7\u00f5es de stress, permitindo uma melhor recupera\u00e7\u00e3o das plantas<\/span><\/li>\n<li><span class=\"a-list-item\">Equil\u00edbrio \u00f3timo de nutrientes essenciais para o crescimento vegetativo e a frutifica\u00e7\u00e3o<\/span><\/li>\n<li><span class=\"a-list-item\">Solu\u00e7\u00e3o Npk 4-1-7; o fornecimento combinado de macronutrientes (azoto, f\u00f3sforo e pot\u00e1ssio) e de micronutrientes (boro, c\u00e1lcio, ferro, mangan\u00eas, molibd\u00e9nio e zinco) proporciona uma nutri\u00e7\u00e3o mais completa e equilibrada; os amino\u00e1cidos favorecem a assimila\u00e7\u00e3o dos elementos e conferem-lhe uma a\u00e7\u00e3o bioestimulante.<\/span><\/li>\n<li><span class=\"a-list-item\">Produto 100% natural e amigo dos animais, amigo do ambiente.<\/span><\/li>\n<\/ul>\n","protected":false},"featured_media":27170,"comment_status":"open","ping_status":"closed","template":"","meta":{"_acf_changed":false},"product_brand":[],"product_cat":[325,402],"product_tag":[1411],"woo-feed-brand":[],"class_list":{"0":"post-17954","1":"product","2":"type-product","3":"status-publish","4":"has-post-thumbnail","6":"product_cat-fertilizantes","7":"product_cat-fertilizantes-liquidos","8":"product_tag-caae-pt-pt","10":"first","11":"instock","12":"taxable","13":"shipping-taxable","14":"purchasable","15":"product-type-variable"},"acf":[],"_links":{"self":[{"href":"https:\/\/cultivers.es\/pt-pt\/wp-json\/wp\/v2\/product\/17954","targetHints":{"allow":["GET"]}}],"collection":[{"href":"https:\/\/cultivers.es\/pt-pt\/wp-json\/wp\/v2\/product"}],"about":[{"href":"https:\/\/cultivers.es\/pt-pt\/wp-json\/wp\/v2\/types\/product"}],"replies":[{"embeddable":true,"href":"https:\/\/cultivers.es\/pt-pt\/wp-json\/wp\/v2\/comments?post=17954"}],"wp:featuredmedia":[{"embeddable":true,"href":"https:\/\/cultivers.es\/pt-pt\/wp-json\/wp\/v2\/media\/27170"}],"wp:attachment":[{"href":"https:\/\/cultivers.es\/pt-pt\/wp-json\/wp\/v2\/media?parent=17954"}],"wp:term":[{"taxonomy":"product_brand","embeddable":true,"href":"https:\/\/cultivers.es\/pt-pt\/wp-json\/wp\/v2\/product_brand?post=17954"},{"taxonomy":"product_cat","embeddable":true,"href":"https:\/\/cultivers.es\/pt-pt\/wp-json\/wp\/v2\/product_cat?post=17954"},{"taxonomy":"product_tag","embeddable":true,"href":"https:\/\/cultivers.es\/pt-pt\/wp-json\/wp\/v2\/product_tag?post=17954"},{"taxonomy":"woo-feed-brand","embeddable":true,"href":"https:\/\/cultivers.es\/pt-pt\/wp-json\/wp\/v2\/woo-feed-brand?post=17954"}],"curies":[{"name":"wp","href":"https:\/\/api.w.org\/{rel}","templated":true}]}}