{"id":17955,"date":"2021-10-22T12:12:46","date_gmt":"2021-10-22T12:12:46","guid":{"rendered":"https:\/\/cultivers.es\/abonos\/fertilizante-liquido-universal-ecologico\/"},"modified":"2026-03-08T18:02:18","modified_gmt":"2026-03-08T18:02:18","slug":"fertilizante-universal-ecologico-liquido","status":"publish","type":"product","link":"https:\/\/cultivers.es\/pt-pt\/fertilizantes\/fertilizante-universal-ecologico-liquido\/","title":{"rendered":"Fertilizante L\u00edquido Universal Ecol\u00f3gico"},"content":{"rendered":"<p>Fertilizante org\u00e2nico l\u00edquido universal para todos os tipos de plantas de interior e exterior. Plantas mais saud\u00e1veis e mais vigorosas. Facilita o desenvolvimento da planta em situa\u00e7\u00f5es de stress, permitindo uma melhor recupera\u00e7\u00e3o da planta. Equil\u00edbrio \u00f3timo de nutrientes essenciais para o desenvolvimento vegetativo e a frutifica\u00e7\u00e3o. Solu\u00e7\u00e3o npk 4-1-7. O fornecimento combinado de macronutrientes (azoto, f\u00f3sforo e pot\u00e1ssio) e micronutrientes (boro, c\u00e1lcio, ferro, mangan\u00eas, molibd\u00e9nio e zinco) proporciona uma nutri\u00e7\u00e3o mais completa e equilibrada. Os amino\u00e1cidos favorecem a assimila\u00e7\u00e3o dos elementos e conferem-lhe uma a\u00e7\u00e3o bioestimulante. Produto 100% natural, inofensivo para os animais e amigo do ambiente. Fertilizante org\u00e2nico universal l\u00edquido. Adubo 100% org\u00e2nico e natural. Solu\u00e7\u00e3o de Npk (4-1-7) com micronutrientes (b, cu, fe, mn, mo e zn) com amino\u00e1cidos.<\/p>\n","protected":false},"excerpt":{"rendered":"<ul class=\"a-unordered-list a-vertical a-spacing-mini\">\n<li><span class=\"a-list-item\">Fertilizante org\u00e2nico l\u00edquido universal para todos os tipos de plantas de interior e exterior.<\/span><\/li>\n<li><span class=\"a-list-item\">Plantas mais saud\u00e1veis e vigorosas. Facilita o desenvolvimento da planta em situa\u00e7\u00f5es de stress, permitindo uma melhor recupera\u00e7\u00e3o das plantas. <\/span><\/li>\n<li><span class=\"a-list-item\">Equil\u00edbrio \u00f3timo de nutrientes essenciais para o desenvolvimento vegetativo e a frutifica\u00e7\u00e3o.<\/span><\/li>\n<li><span class=\"a-list-item\">Solu\u00e7\u00e3o NPK 4-1-7. Fornecimento combinado de macro-nutrientes (azoto, f\u00f3sforo e pot\u00e1ssio) e de micro-nutrientes (boro, c\u00e1lcio, ferro, magn\u00e9sio, molibd\u00e9nio e zinco) para uma nutri\u00e7\u00e3o mais completa e equilibrada. Os amino\u00e1cidos favorecem a assimila\u00e7\u00e3o dos elementos e conferem-lhe uma a\u00e7\u00e3o bioestimulante.  <\/span><\/li>\n<li><span class=\"a-list-item\">Produto 100% natural e inofensivo para os animais, respeitando o meio ambiente.<\/span><\/li>\n<\/ul>\n","protected":false},"featured_media":53748,"comment_status":"open","ping_status":"closed","template":"","meta":{"_acf_changed":false},"product_brand":[],"product_cat":[325,402],"product_tag":[1411],"class_list":{"0":"post-17955","1":"product","2":"type-product","3":"status-publish","4":"has-post-thumbnail","6":"product_cat-fertilizantes","7":"product_cat-fertilizantes-liquidos","8":"product_tag-caae-pt-pt","10":"first","11":"instock","12":"taxable","13":"shipping-taxable","14":"purchasable","15":"product-type-variable"},"acf":[],"_links":{"self":[{"href":"https:\/\/cultivers.es\/pt-pt\/wp-json\/wp\/v2\/product\/17955","targetHints":{"allow":["GET"]}}],"collection":[{"href":"https:\/\/cultivers.es\/pt-pt\/wp-json\/wp\/v2\/product"}],"about":[{"href":"https:\/\/cultivers.es\/pt-pt\/wp-json\/wp\/v2\/types\/product"}],"replies":[{"embeddable":true,"href":"https:\/\/cultivers.es\/pt-pt\/wp-json\/wp\/v2\/comments?post=17955"}],"wp:featuredmedia":[{"embeddable":true,"href":"https:\/\/cultivers.es\/pt-pt\/wp-json\/wp\/v2\/media\/53748"}],"wp:attachment":[{"href":"https:\/\/cultivers.es\/pt-pt\/wp-json\/wp\/v2\/media?parent=17955"}],"wp:term":[{"taxonomy":"product_brand","embeddable":true,"href":"https:\/\/cultivers.es\/pt-pt\/wp-json\/wp\/v2\/product_brand?post=17955"},{"taxonomy":"product_cat","embeddable":true,"href":"https:\/\/cultivers.es\/pt-pt\/wp-json\/wp\/v2\/product_cat?post=17955"},{"taxonomy":"product_tag","embeddable":true,"href":"https:\/\/cultivers.es\/pt-pt\/wp-json\/wp\/v2\/product_tag?post=17955"}],"curies":[{"name":"wp","href":"https:\/\/api.w.org\/{rel}","templated":true}]}}