{"id":17958,"date":"2021-10-22T12:12:45","date_gmt":"2021-10-22T12:12:45","guid":{"rendered":"https:\/\/cultivers.es\/abonos\/fertilizante-liquido-organico-para-jardim\/"},"modified":"2025-09-22T04:52:39","modified_gmt":"2025-09-22T04:52:39","slug":"fertilizante-organico-liquido-ecologico-fertilizante-de-jardim","status":"publish","type":"product","link":"https:\/\/cultivers.es\/pt-pt\/fertilizantes\/fertilizante-organico-liquido-ecologico-fertilizante-de-jardim\/","title":{"rendered":"Fertilizante l\u00edquido org\u00e2nico para jardim"},"content":{"rendered":"<p>Fertilizante L\u00edquido Org\u00e2nico para <a href=\"https:\/\/cultivers.es\/pt-pt\/abonos-ecologicos\/plantacoes\/pomar\/\">Horta<\/a>. O fertilizante org\u00e2nico para horta \u00e9 um fertilizante org\u00e2nico formulado com um fornecimento cont\u00ednuo de nutrientes de <span class=\"original-content\">uma forma <\/span>geral. A sua composi\u00e7\u00e3o \u00e9 estudada para promover o desenvolvimento equilibrado dos nutrientes durante todo o ciclo das plantas. Promove a nutri\u00e7\u00e3o e a estrutura do solo. Fornece <span class=\"original-content\">os nutrientes <\/span>essenciais que favorecem o crescimento das culturas. Fornece micronutrientes essenciais para evitar perdas de produ\u00e7\u00e3o. Alto teor de pot\u00e1ssio para conseguir um aumento de frutos e uma boa resist\u00eancia \u00e0s altas temperaturas.      <\/p>\n","protected":false},"excerpt":{"rendered":"<ul class=\"a-unordered-list a-vertical a-spacing-mini\">\n<li><span class=\"a-list-item\">Fertilizante org\u00e2nico l\u00edquido para jardim para todos os tipos de vegetais; ativa a vida do solo.<\/span><\/li>\n<li><span class=\"a-list-item\">Equil\u00edbrio \u00f3timo de nutrientes essenciais para o crescimento vegetativo e a frutifica\u00e7\u00e3o<\/span><\/li>\n<li><span class=\"a-list-item\">solu\u00e7\u00e3o npk 4-1-6; fornecimento combinado de macronutrientes (azoto, f\u00f3sforo e pot\u00e1ssio) e de micronutrientes (boro, c\u00e1lcio, ferro, magn\u00e9sio, molibd\u00e9nio e zinco) para uma nutri\u00e7\u00e3o mais completa e equilibrada; os amino\u00e1cidos favorecem a assimila\u00e7\u00e3o dos elementos e proporcionam uma a\u00e7\u00e3o bioestimulante.<\/span><\/li>\n<li><span class=\"a-list-item\">Facilita o desenvolvimento da planta em situa\u00e7\u00f5es de stress, permitindo uma melhor recupera\u00e7\u00e3o da planta.<\/span><\/li>\n<li><span class=\"a-list-item\">Produto 100% natural e amigo dos animais, amigo do ambiente.<\/span><\/li>\n<\/ul>\n","protected":false},"featured_media":27327,"comment_status":"open","ping_status":"closed","template":"","meta":{"_acf_changed":false},"product_brand":[],"product_cat":[1275,325,402],"product_tag":[1411],"class_list":{"0":"post-17958","1":"product","2":"type-product","3":"status-publish","4":"has-post-thumbnail","6":"product_cat-adubos-recomendados","7":"product_cat-fertilizantes","8":"product_cat-fertilizantes-liquidos","9":"product_tag-caae-pt-pt","11":"first","12":"instock","13":"taxable","14":"shipping-taxable","15":"purchasable","16":"product-type-variable"},"acf":[],"_links":{"self":[{"href":"https:\/\/cultivers.es\/pt-pt\/wp-json\/wp\/v2\/product\/17958","targetHints":{"allow":["GET"]}}],"collection":[{"href":"https:\/\/cultivers.es\/pt-pt\/wp-json\/wp\/v2\/product"}],"about":[{"href":"https:\/\/cultivers.es\/pt-pt\/wp-json\/wp\/v2\/types\/product"}],"replies":[{"embeddable":true,"href":"https:\/\/cultivers.es\/pt-pt\/wp-json\/wp\/v2\/comments?post=17958"}],"wp:featuredmedia":[{"embeddable":true,"href":"https:\/\/cultivers.es\/pt-pt\/wp-json\/wp\/v2\/media\/27327"}],"wp:attachment":[{"href":"https:\/\/cultivers.es\/pt-pt\/wp-json\/wp\/v2\/media?parent=17958"}],"wp:term":[{"taxonomy":"product_brand","embeddable":true,"href":"https:\/\/cultivers.es\/pt-pt\/wp-json\/wp\/v2\/product_brand?post=17958"},{"taxonomy":"product_cat","embeddable":true,"href":"https:\/\/cultivers.es\/pt-pt\/wp-json\/wp\/v2\/product_cat?post=17958"},{"taxonomy":"product_tag","embeddable":true,"href":"https:\/\/cultivers.es\/pt-pt\/wp-json\/wp\/v2\/product_tag?post=17958"}],"curies":[{"name":"wp","href":"https:\/\/api.w.org\/{rel}","templated":true}]}}