{"id":17959,"date":"2021-10-22T12:12:46","date_gmt":"2021-10-22T12:12:46","guid":{"rendered":"https:\/\/cultivers.es\/abonos\/fertilizante-liquido-organico-para-coniferas\/"},"modified":"2025-09-22T05:02:04","modified_gmt":"2025-09-22T05:02:04","slug":"fertilizante-organico-liquido-ecologico-fertilizante-de-coniferas","status":"publish","type":"product","link":"https:\/\/cultivers.es\/pt-pt\/fertilizantes\/fertilizante-organico-liquido-ecologico-fertilizante-de-coniferas\/","title":{"rendered":"Fertilizante l\u00edquido org\u00e2nico para con\u00edferas"},"content":{"rendered":"<div class=\"page\" title=\"P\u00e1gina 1\">\n<div class=\"section\">\n<div class=\"layoutArea\">\n<div class=\"column\">\n<p>O Fertilizante L\u00edquido Ecol\u00f3gico para Con\u00edferas e Sebes \u00e9 um composto org\u00e2nico l\u00edquido com amino\u00e1cidos, desenvolvido para um crescimento r\u00e1pido e vigoroso das plantas. O fornecimento cont\u00ednuo deste fertilizante estimula o crescimento das ra\u00edzes proporcionando um crescimento uniforme e aumentando a resist\u00eancia a situa\u00e7\u00f5es extremas como o frio ou o calor, evitando assim o acastanhamento (secagem das folhas) e estimulando a forma\u00e7\u00e3o de folhas verdes e saud\u00e1veis. <\/p>\n<p>O Adubo l\u00edquido org\u00e2nico para con\u00edferas e sebes cont\u00e9m <a href=\"https:\/\/cultivers.es\/pt-pt\/abonos\/quelato-de-ferro\/\">Ferro<\/a>, Zinco e Mangan\u00eas quelatados por EDTA para aumentar a frutifica\u00e7\u00e3o e a produ\u00e7\u00e3o de frutos. O seu teor em pot\u00e1ssio melhora a engorda e corrige a produ\u00e7\u00e3o de frutos. <\/p>\n<\/div>\n<\/div>\n<\/div>\n<\/div>\n","protected":false},"excerpt":{"rendered":"<ul class=\"a-unordered-list a-vertical a-spacing-mini\">\n<li><span class=\"a-list-item\">Adubo org\u00e2nico l\u00edquido especial para con\u00edferas e sebes (pinheiros, abetos, ciprestes, thujas)<\/span><\/li>\n<li><span class=\"a-list-item\">Melhora o crescimento das \u00e1rvores e das folhas, assegura \u00e1rvores fortes e saud\u00e1veis<\/span><\/li>\n<li><span class=\"a-list-item\">solu\u00e7\u00e3o npk 4-1-4; fornecimento combinado de macronutrientes (azoto, f\u00f3sforo e pot\u00e1ssio) e de micronutrientes (boro, c\u00e1lcio, ferro, mangan\u00eas, molibd\u00e9nio e zinco) para uma nutri\u00e7\u00e3o mais completa e equilibrada; os amino\u00e1cidos favorecem a assimila\u00e7\u00e3o dos elementos e proporcionam uma a\u00e7\u00e3o bioestimulante<\/span><\/li>\n<li><span class=\"a-list-item\">Facilita o desenvolvimento da planta em situa\u00e7\u00f5es de stress, permitindo uma melhor recupera\u00e7\u00e3o da planta e previne doen\u00e7as<\/span><\/li>\n<li><span class=\"a-list-item\">Produto 100% natural e amigo dos animais, amigo do ambiente.<\/span><\/li>\n<\/ul>\n","protected":false},"featured_media":27152,"comment_status":"open","ping_status":"closed","template":"","meta":{"_acf_changed":false},"product_brand":[],"product_cat":[324,325,402],"product_tag":[1411],"class_list":{"0":"post-17959","1":"product","2":"type-product","3":"status-publish","4":"has-post-thumbnail","6":"product_cat-coniferas-e-sebes","7":"product_cat-fertilizantes","8":"product_cat-fertilizantes-liquidos","9":"product_tag-caae-pt-pt","11":"first","12":"instock","13":"taxable","14":"shipping-taxable","15":"purchasable","16":"product-type-variable"},"acf":[],"_links":{"self":[{"href":"https:\/\/cultivers.es\/pt-pt\/wp-json\/wp\/v2\/product\/17959","targetHints":{"allow":["GET"]}}],"collection":[{"href":"https:\/\/cultivers.es\/pt-pt\/wp-json\/wp\/v2\/product"}],"about":[{"href":"https:\/\/cultivers.es\/pt-pt\/wp-json\/wp\/v2\/types\/product"}],"replies":[{"embeddable":true,"href":"https:\/\/cultivers.es\/pt-pt\/wp-json\/wp\/v2\/comments?post=17959"}],"wp:featuredmedia":[{"embeddable":true,"href":"https:\/\/cultivers.es\/pt-pt\/wp-json\/wp\/v2\/media\/27152"}],"wp:attachment":[{"href":"https:\/\/cultivers.es\/pt-pt\/wp-json\/wp\/v2\/media?parent=17959"}],"wp:term":[{"taxonomy":"product_brand","embeddable":true,"href":"https:\/\/cultivers.es\/pt-pt\/wp-json\/wp\/v2\/product_brand?post=17959"},{"taxonomy":"product_cat","embeddable":true,"href":"https:\/\/cultivers.es\/pt-pt\/wp-json\/wp\/v2\/product_cat?post=17959"},{"taxonomy":"product_tag","embeddable":true,"href":"https:\/\/cultivers.es\/pt-pt\/wp-json\/wp\/v2\/product_tag?post=17959"}],"curies":[{"name":"wp","href":"https:\/\/api.w.org\/{rel}","templated":true}]}}