{"id":17960,"date":"2021-10-22T12:12:44","date_gmt":"2021-10-22T12:12:44","guid":{"rendered":"https:\/\/cultivers.es\/abonos\/fertilizante-biologico-para-oliveiras\/"},"modified":"2026-03-19T07:06:13","modified_gmt":"2026-03-19T07:06:13","slug":"fertilizante-biologico-azeitona-ecologico","status":"publish","type":"product","link":"https:\/\/cultivers.es\/pt-pt\/fertilizantes\/fertilizante-biologico-azeitona-ecologico\/","title":{"rendered":"Fertilizante biol\u00f3gico para oliveiras"},"content":{"rendered":"<p data-spm-anchor-id=\"a2g0o.detail.1000023.i0.69e07349ks0JgS\">Adubo org\u00e2nico vegetal em forma de p\u00e9rola, f\u00e1cil de manusear. \u00c9 um adubo muito completo, com \u00e1cidos h\u00famicos e um elevado teor de azoto e de pot\u00e1ssio. <\/p>\n<p>\u00c9 um fertilizante adequado para olivais de sequeiro e de regadio.<\/p>\n<p>O azoto org\u00e2nico contido na f\u00f3rmula \u00e9 libertado progressivamente ao longo do ciclo.<\/p>\n<p>A potassa desempenha o papel de uma reserva de a\u00e7\u00facar, aumentando o n\u00edvel de reservas de gordura no fruto.<\/p>\n<p>&nbsp;<\/p>\n<p>Os \u00e1cidos h\u00famicos melhoram a reten\u00e7\u00e3o de \u00e1gua no solo e aumentam a forma\u00e7\u00e3o de ra\u00edzes.<\/p>\n","protected":false},"excerpt":{"rendered":"<div id=\"featurebullets_feature_div\" class=\"celwidget\" data-feature-name=\"featurebullets\" data-csa-c-id=\"b3esmh-gltkyg-iauhml-ycjlkr\" data-cel-widget=\"featurebullets_feature_div\">\n<div id=\"feature-bullets\" class=\"a-section a-spacing-medium a-spacing-top-small\">\n<ul class=\"a-unordered-list a-vertical a-spacing-mini\">\n<li><span class=\"a-list-item\">Fertilizante sob a forma de microgr\u00e2nulos de liberta\u00e7\u00e3o lenta e controlada.<\/span><\/li>\n<li><span class=\"a-list-item\">Aumenta a frutifica\u00e7\u00e3o.<\/span><\/li>\n<li><span class=\"a-list-item\">Aumenta o rendimento em gordura e reduz a incid\u00eancia de doen\u00e7as.<\/span><\/li>\n<li><span class=\"a-list-item\">Elevada assimila\u00e7\u00e3o com NPK + 74% de mat\u00e9ria org\u00e2nica e \u00e1cidos h\u00famicos.<\/span><\/li>\n<li><span class=\"a-list-item\">Produto 100% natural e inofensivo para os animais, respeitando o meio ambiente.<\/span><\/li>\n<\/ul>\n<\/div>\n<\/div>\n<div id=\"customerReviewsAttribute_feature_div\" class=\"celwidget\" data-feature-name=\"customerReviewsAttribute\" data-csa-c-id=\"xi4epm-assa4t-fdyk31-h1wm91\" data-cel-widget=\"customerReviewsAttribute_feature_div\"><\/div>\n<div id=\"addOnItem_feature_div\" class=\"celwidget\" data-feature-name=\"addOnItem\" data-csa-c-id=\"24xdej-vz0t5h-h4jnfz-j8q1w9\" data-cel-widget=\"addOnItem_feature_div\"><\/div>\n<div id=\"andonCord_feature_div\" class=\"celwidget\" data-feature-name=\"andonCord\" data-csa-c-id=\"8238w-deksgk-wfby4o-k2dpgb\" data-cel-widget=\"andonCord_feature_div\"><\/div>\n<div id=\"HLCXComparisonJumplink_feature_div\"><\/div>\n","protected":false},"featured_media":12432,"comment_status":"open","ping_status":"closed","template":"","meta":{"_acf_changed":false},"product_brand":[],"product_cat":[325,323,529],"product_tag":[1411],"class_list":{"0":"post-17960","1":"product","2":"type-product","3":"status-publish","4":"has-post-thumbnail","6":"product_cat-fertilizantes","7":"product_cat-fertilizantes-solidos","8":"product_cat-oliveira","9":"product_tag-caae-pt-pt","11":"first","12":"instock","13":"taxable","14":"shipping-taxable","15":"purchasable","16":"product-type-variable"},"acf":[],"_links":{"self":[{"href":"https:\/\/cultivers.es\/pt-pt\/wp-json\/wp\/v2\/product\/17960","targetHints":{"allow":["GET"]}}],"collection":[{"href":"https:\/\/cultivers.es\/pt-pt\/wp-json\/wp\/v2\/product"}],"about":[{"href":"https:\/\/cultivers.es\/pt-pt\/wp-json\/wp\/v2\/types\/product"}],"replies":[{"embeddable":true,"href":"https:\/\/cultivers.es\/pt-pt\/wp-json\/wp\/v2\/comments?post=17960"}],"wp:featuredmedia":[{"embeddable":true,"href":"https:\/\/cultivers.es\/pt-pt\/wp-json\/wp\/v2\/media\/12432"}],"wp:attachment":[{"href":"https:\/\/cultivers.es\/pt-pt\/wp-json\/wp\/v2\/media?parent=17960"}],"wp:term":[{"taxonomy":"product_brand","embeddable":true,"href":"https:\/\/cultivers.es\/pt-pt\/wp-json\/wp\/v2\/product_brand?post=17960"},{"taxonomy":"product_cat","embeddable":true,"href":"https:\/\/cultivers.es\/pt-pt\/wp-json\/wp\/v2\/product_cat?post=17960"},{"taxonomy":"product_tag","embeddable":true,"href":"https:\/\/cultivers.es\/pt-pt\/wp-json\/wp\/v2\/product_tag?post=17960"}],"curies":[{"name":"wp","href":"https:\/\/api.w.org\/{rel}","templated":true}]}}