{"id":17962,"date":"2021-10-22T12:12:44","date_gmt":"2021-10-22T12:12:44","guid":{"rendered":"https:\/\/cultivers.es\/abonos\/fertilizante-organico-para-citrinos\/"},"modified":"2025-09-22T05:30:40","modified_gmt":"2025-09-22T05:30:40","slug":"fertilizante-organico-ecologico-para-citrinos","status":"publish","type":"product","link":"https:\/\/cultivers.es\/pt-pt\/fertilizantes\/fertilizante-organico-ecologico-para-citrinos\/","title":{"rendered":"Fertilizante org\u00e2nico para citrinos"},"content":{"rendered":"<div class=\"page\" title=\"P\u00e1gina 1\">\n<div class=\"section\">\n<div class=\"layoutArea\">\n<div class=\"column\">\n<p>Adubo org\u00e2nico em forma de p\u00e9rola para um manuseamento f\u00e1cil, rico em pot\u00e1ssio e \u00e1cidos h\u00famicos.<\/p>\n<p>-Um elevado teor de pot\u00e1ssio nos citrinos influencia a preven\u00e7\u00e3o de doen\u00e7as e pragas nas folhas e nos rebentos.<\/p>\n<p data-spm-anchor-id=\"a2g0o.detail.1000023.i0.757f5dc4eMta2P\">-Os \u00e1cidos h\u00famicos aumentam a atividade microbiana, evitam a compacta\u00e7\u00e3o do solo e maximizam a assimila\u00e7\u00e3o dos nutrientes do solo e dos fertilizantes aplicados, aumentando tamb\u00e9m o rendimento das culturas.<\/p>\n<\/div>\n<\/div>\n<\/div>\n<\/div>\n","protected":false},"excerpt":{"rendered":"<ul class=\"a-unordered-list a-vertical a-spacing-mini\">\n<li><span class=\"a-list-item\">Aumenta o tamanho dos frutos, aumenta o rendimento da colheita.<\/span><\/li>\n<li><span class=\"a-list-item\">Fertilizante sob a forma de microgr\u00e2nulos de liberta\u00e7\u00e3o lenta e controlada.<\/span><\/li>\n<li><span class=\"a-list-item\">Adubo org\u00e2nico ecol\u00f3gico com NPK +74% M.O. e \u00c1cidos H\u00famicos. \u00c1cidos H\u00famicos. <\/span><\/li>\n<li><span class=\"a-list-item\">Melhora o desenvolvimento das ra\u00edzes das plantas e a absor\u00e7\u00e3o de nutrientes.<\/span><\/li>\n<li><span class=\"a-list-item\">100% natural e inofensivo para animais e plantas.<\/span><\/li>\n<\/ul>\n","protected":false},"featured_media":11792,"comment_status":"open","ping_status":"closed","template":"","meta":{"_acf_changed":false},"product_brand":[],"product_cat":[528,325,323],"product_tag":[1411],"woo-feed-brand":[],"class_list":{"0":"post-17962","1":"product","2":"type-product","3":"status-publish","4":"has-post-thumbnail","6":"product_cat-citrinos","7":"product_cat-fertilizantes","8":"product_cat-fertilizantes-solidos","9":"product_tag-caae-pt-pt","11":"first","12":"instock","13":"taxable","14":"shipping-taxable","15":"purchasable","16":"product-type-variable"},"acf":[],"_links":{"self":[{"href":"https:\/\/cultivers.es\/pt-pt\/wp-json\/wp\/v2\/product\/17962","targetHints":{"allow":["GET"]}}],"collection":[{"href":"https:\/\/cultivers.es\/pt-pt\/wp-json\/wp\/v2\/product"}],"about":[{"href":"https:\/\/cultivers.es\/pt-pt\/wp-json\/wp\/v2\/types\/product"}],"replies":[{"embeddable":true,"href":"https:\/\/cultivers.es\/pt-pt\/wp-json\/wp\/v2\/comments?post=17962"}],"wp:featuredmedia":[{"embeddable":true,"href":"https:\/\/cultivers.es\/pt-pt\/wp-json\/wp\/v2\/media\/11792"}],"wp:attachment":[{"href":"https:\/\/cultivers.es\/pt-pt\/wp-json\/wp\/v2\/media?parent=17962"}],"wp:term":[{"taxonomy":"product_brand","embeddable":true,"href":"https:\/\/cultivers.es\/pt-pt\/wp-json\/wp\/v2\/product_brand?post=17962"},{"taxonomy":"product_cat","embeddable":true,"href":"https:\/\/cultivers.es\/pt-pt\/wp-json\/wp\/v2\/product_cat?post=17962"},{"taxonomy":"product_tag","embeddable":true,"href":"https:\/\/cultivers.es\/pt-pt\/wp-json\/wp\/v2\/product_tag?post=17962"},{"taxonomy":"woo-feed-brand","embeddable":true,"href":"https:\/\/cultivers.es\/pt-pt\/wp-json\/wp\/v2\/woo-feed-brand?post=17962"}],"curies":[{"name":"wp","href":"https:\/\/api.w.org\/{rel}","templated":true}]}}