{"id":17966,"date":"2021-10-22T12:12:46","date_gmt":"2021-10-22T12:12:46","guid":{"rendered":"https:\/\/cultivers.es\/abonos\/fertilizante-liquido-organico-para-oliveiras\/"},"modified":"2025-09-22T04:54:15","modified_gmt":"2025-09-22T04:54:15","slug":"fertilizante-organico-olivaceo-liquido-ecologico","status":"publish","type":"product","link":"https:\/\/cultivers.es\/pt-pt\/fertilizantes\/fertilizante-organico-olivaceo-liquido-ecologico\/","title":{"rendered":"Fertilizante l\u00edquido org\u00e2nico para oliveiras"},"content":{"rendered":"<div class=\"page\" title=\"P\u00e1gina 1\">\n<div class=\"section\">\n<div class=\"layoutArea\">\n<div class=\"column\">\n<p>Fertilizante l\u00edquido ecol\u00f3gico para oliveiras. O fertilizante ecol\u00f3gico para oliveiras e plantas mediterr\u00e2nicas \u00e9 um composto org\u00e2nico l\u00edquido formulado com<a href=\"https:\/\/cultivers.es\/pt-pt\/abonos-ecologicos\/fertilizantes\/bioestimulantes-pt-pt\/aminoacidos-pt-pt\/\"> Amino\u00e1cidos,<\/a> Boro e Molibd\u00e9nio. \u00c9 especialmente indicado para o cultivo de oliveiras e plantas mediterr\u00e2nicas, como palmeiras e figueiras. Cont\u00e9m azoto org\u00e2nico e pot\u00e1ssio de alta solubilidade para cobrir as necessidades vitais das plantas durante todo o ciclo da cultura.   <\/p>\n<\/div>\n<\/div>\n<\/div>\n<\/div>\n","protected":false},"excerpt":{"rendered":"<ul class=\"a-unordered-list a-vertical a-spacing-mini\">\n<li><span class=\"a-list-item\">Fertilizante l\u00edquido org\u00e2nico especial para plantas tropicais, para oliveiras e plantas mediterr\u00e2nicas.<\/span><\/li>\n<li><span class=\"a-list-item\">Equil\u00edbrio \u00f3timo de nutrientes essenciais para o crescimento vegetativo e a frutifica\u00e7\u00e3o<\/span><\/li>\n<li><span class=\"a-list-item\">Solu\u00e7\u00e3o NPK 4-1-7. Fornecimento combinado de macro-nutrientes (azoto, f\u00f3sforo e pot\u00e1ssio) e de micro-nutrientes (boro, c\u00e1lcio, ferro, magn\u00e9sio, molibd\u00e9nio e zinco) para uma nutri\u00e7\u00e3o mais completa e equilibrada. Os amino\u00e1cidos favorecem a assimila\u00e7\u00e3o dos elementos e conferem-lhe uma a\u00e7\u00e3o bioestimulante.  <\/span><\/li>\n<li><span class=\"a-list-item\">Facilita o desenvolvimento da planta em situa\u00e7\u00f5es de stress, permitindo uma melhor recupera\u00e7\u00e3o da planta.<\/span><\/li>\n<li><span class=\"a-list-item\">Produto 100% natural e amigo dos animais, amigo do ambiente.<\/span><\/li>\n<\/ul>\n","protected":false},"featured_media":27098,"comment_status":"open","ping_status":"closed","template":"","meta":{"_acf_changed":false},"product_brand":[],"product_cat":[325,402,529],"product_tag":[1411],"class_list":{"0":"post-17966","1":"product","2":"type-product","3":"status-publish","4":"has-post-thumbnail","6":"product_cat-fertilizantes","7":"product_cat-fertilizantes-liquidos","8":"product_cat-oliveira","9":"product_tag-caae-pt-pt","11":"first","12":"instock","13":"taxable","14":"shipping-taxable","15":"purchasable","16":"product-type-variable"},"acf":[],"_links":{"self":[{"href":"https:\/\/cultivers.es\/pt-pt\/wp-json\/wp\/v2\/product\/17966","targetHints":{"allow":["GET"]}}],"collection":[{"href":"https:\/\/cultivers.es\/pt-pt\/wp-json\/wp\/v2\/product"}],"about":[{"href":"https:\/\/cultivers.es\/pt-pt\/wp-json\/wp\/v2\/types\/product"}],"replies":[{"embeddable":true,"href":"https:\/\/cultivers.es\/pt-pt\/wp-json\/wp\/v2\/comments?post=17966"}],"wp:featuredmedia":[{"embeddable":true,"href":"https:\/\/cultivers.es\/pt-pt\/wp-json\/wp\/v2\/media\/27098"}],"wp:attachment":[{"href":"https:\/\/cultivers.es\/pt-pt\/wp-json\/wp\/v2\/media?parent=17966"}],"wp:term":[{"taxonomy":"product_brand","embeddable":true,"href":"https:\/\/cultivers.es\/pt-pt\/wp-json\/wp\/v2\/product_brand?post=17966"},{"taxonomy":"product_cat","embeddable":true,"href":"https:\/\/cultivers.es\/pt-pt\/wp-json\/wp\/v2\/product_cat?post=17966"},{"taxonomy":"product_tag","embeddable":true,"href":"https:\/\/cultivers.es\/pt-pt\/wp-json\/wp\/v2\/product_tag?post=17966"}],"curies":[{"name":"wp","href":"https:\/\/api.w.org\/{rel}","templated":true}]}}