{"id":17971,"date":"2021-10-22T12:12:46","date_gmt":"2021-10-22T12:12:46","guid":{"rendered":"https:\/\/cultivers.es\/abonos\/fertilizante-liquido-ecologico-para-relvados\/"},"modified":"2025-09-22T04:53:29","modified_gmt":"2025-09-22T04:53:29","slug":"fertilizante-ecologico-liquido-para-relvados","status":"publish","type":"product","link":"https:\/\/cultivers.es\/pt-pt\/fertilizantes\/fertilizante-ecologico-liquido-para-relvados\/","title":{"rendered":"Fertilizante l\u00edquido ecol\u00f3gico para relvados"},"content":{"rendered":"<p>Organic Liquid Lawn Fertiliser \u00e9 um fertilizante org\u00e2nico l\u00edquido desenvolvido para fornecer nutrientes durante todo o ano. Tanto no inverno como no ver\u00e3o. Cont\u00e9m <a href=\"https:\/\/cultivers.es\/pt-pt\/abonos\/quelato-de-ferro\/\">quelato de ferro<\/a> para manter o verde intenso e amino\u00e1cidos que favorecem o crescimento do relvado, apesar das condi\u00e7\u00f5es climat\u00e9ricas adversas, calor ou frio. \u00c9 um fertilizante perfeito para utilizar em qualquer altura do ano nos nossos jardins.   <\/p>\n","protected":false},"excerpt":{"rendered":"<ul class=\"a-unordered-list a-vertical a-spacing-mini\">\n<li><span class=\"a-list-item\">Fertilizante l\u00edquido org\u00e2nico especial para relvados Relvados mais verdes, mais fortes e mais densos. N\u00e3o provoca queimaduras. <\/span><\/li>\n<li><span class=\"a-list-item\">Equil\u00edbrio \u00f3timo de nutrientes essenciais para o desenvolvimento vegetativo.<\/span><\/li>\n<li><span class=\"a-list-item\">Solu\u00e7\u00e3o NPK 4-1-7. Fornecimento combinado de macro-nutrientes (azoto, f\u00f3sforo e pot\u00e1ssio) e de micro-nutrientes (boro, c\u00e1lcio, ferro, magn\u00e9sio, molibd\u00e9nio e zinco) para uma nutri\u00e7\u00e3o mais completa e equilibrada. Os amino\u00e1cidos favorecem a assimila\u00e7\u00e3o dos elementos e conferem-lhe uma a\u00e7\u00e3o bioestimulante.  <\/span><\/li>\n<li><span class=\"a-list-item\">Facilita o desenvolvimento da planta em situa\u00e7\u00f5es de stress, permitindo uma melhor recupera\u00e7\u00e3o.<\/span><\/li>\n<li><span class=\"a-list-item\">Produto 100% natural e inofensivo para os animais, respeitando o meio ambiente.<\/span><\/li>\n<\/ul>\n","protected":false},"featured_media":27200,"comment_status":"open","ping_status":"closed","template":"","meta":{"_acf_changed":false},"product_brand":[],"product_cat":[325,402,351],"product_tag":[1411],"class_list":{"0":"post-17971","1":"product","2":"type-product","3":"status-publish","4":"has-post-thumbnail","6":"product_cat-fertilizantes","7":"product_cat-fertilizantes-liquidos","8":"product_cat-relvado","9":"product_tag-caae-pt-pt","11":"first","12":"instock","13":"taxable","14":"shipping-taxable","15":"purchasable","16":"product-type-variable"},"acf":[],"_links":{"self":[{"href":"https:\/\/cultivers.es\/pt-pt\/wp-json\/wp\/v2\/product\/17971","targetHints":{"allow":["GET"]}}],"collection":[{"href":"https:\/\/cultivers.es\/pt-pt\/wp-json\/wp\/v2\/product"}],"about":[{"href":"https:\/\/cultivers.es\/pt-pt\/wp-json\/wp\/v2\/types\/product"}],"replies":[{"embeddable":true,"href":"https:\/\/cultivers.es\/pt-pt\/wp-json\/wp\/v2\/comments?post=17971"}],"wp:featuredmedia":[{"embeddable":true,"href":"https:\/\/cultivers.es\/pt-pt\/wp-json\/wp\/v2\/media\/27200"}],"wp:attachment":[{"href":"https:\/\/cultivers.es\/pt-pt\/wp-json\/wp\/v2\/media?parent=17971"}],"wp:term":[{"taxonomy":"product_brand","embeddable":true,"href":"https:\/\/cultivers.es\/pt-pt\/wp-json\/wp\/v2\/product_brand?post=17971"},{"taxonomy":"product_cat","embeddable":true,"href":"https:\/\/cultivers.es\/pt-pt\/wp-json\/wp\/v2\/product_cat?post=17971"},{"taxonomy":"product_tag","embeddable":true,"href":"https:\/\/cultivers.es\/pt-pt\/wp-json\/wp\/v2\/product_tag?post=17971"}],"curies":[{"name":"wp","href":"https:\/\/api.w.org\/{rel}","templated":true}]}}