{"id":18151,"date":"2021-10-22T12:12:44","date_gmt":"2021-10-22T12:12:44","guid":{"rendered":"https:\/\/cultivers.es\/abonos\/fertilizante-organico-para-orquideas\/"},"modified":"2025-09-22T05:13:56","modified_gmt":"2025-09-22T05:13:56","slug":"fertilizante-organico-ecologico-para-orquideas","status":"publish","type":"product","link":"https:\/\/cultivers.es\/pt-pt\/fertilizantes\/fertilizante-organico-ecologico-para-orquideas\/","title":{"rendered":"Fertilizante org\u00e2nico para orqu\u00eddeas"},"content":{"rendered":"<div class=\"page\" title=\"P\u00e1gina 1\">\n<div class=\"section\">\n<div class=\"layoutArea\">\n<div class=\"column\">\n<p>Fertilizante org\u00e2nico para orqu\u00eddeas. O fertilizante org\u00e2nico para orqu\u00eddeas \u00e9 uma formula\u00e7\u00e3o l\u00edquida desenvolvida para fornecer uma nutri\u00e7\u00e3o completa e equilibrada para o crescimento e a flora\u00e7\u00e3o. <\/p>\n<p>A f\u00f3rmula cont\u00e9m microelementos necess\u00e1rios ao desenvolvimento das plantas e a uma flora\u00e7\u00e3o duradoura.<\/p>\n<\/div>\n<\/div>\n<\/div>\n<\/div>\n","protected":false},"excerpt":{"rendered":"<ul class=\"a-unordered-list a-vertical a-spacing-mini\">\n<li><span class=\"a-list-item\">Real\u00e7a o tamanho e a cor das flores.<\/span><\/li>\n<li><span class=\"a-list-item\">Reduz o efeito da salinidade e promove a atividade microbiol\u00f3gica.<\/span><\/li>\n<li><span class=\"a-list-item\">Adubo ecol\u00f3gico de origem vegetal 100% biol\u00f3gico.<\/span><\/li>\n<li><span class=\"a-list-item\">Adubo granulado sob a forma de microesferas de liberta\u00e7\u00e3o lenta e controlada.<\/span><\/li>\n<li><span class=\"a-list-item\">Melhora o arejamento e a reten\u00e7\u00e3o de \u00e1gua.<\/span><\/li>\n<\/ul>\n","protected":false},"featured_media":11812,"comment_status":"open","ping_status":"closed","template":"","meta":{"_acf_changed":false},"product_brand":[],"product_cat":[325,323,544],"product_tag":[1411],"class_list":{"0":"post-18151","1":"product","2":"type-product","3":"status-publish","4":"has-post-thumbnail","6":"product_cat-fertilizantes","7":"product_cat-fertilizantes-solidos","8":"product_cat-orquideas","9":"product_tag-caae-pt-pt","11":"first","12":"instock","13":"taxable","14":"shipping-taxable","15":"purchasable","16":"product-type-variable"},"acf":[],"_links":{"self":[{"href":"https:\/\/cultivers.es\/pt-pt\/wp-json\/wp\/v2\/product\/18151","targetHints":{"allow":["GET"]}}],"collection":[{"href":"https:\/\/cultivers.es\/pt-pt\/wp-json\/wp\/v2\/product"}],"about":[{"href":"https:\/\/cultivers.es\/pt-pt\/wp-json\/wp\/v2\/types\/product"}],"replies":[{"embeddable":true,"href":"https:\/\/cultivers.es\/pt-pt\/wp-json\/wp\/v2\/comments?post=18151"}],"wp:featuredmedia":[{"embeddable":true,"href":"https:\/\/cultivers.es\/pt-pt\/wp-json\/wp\/v2\/media\/11812"}],"wp:attachment":[{"href":"https:\/\/cultivers.es\/pt-pt\/wp-json\/wp\/v2\/media?parent=18151"}],"wp:term":[{"taxonomy":"product_brand","embeddable":true,"href":"https:\/\/cultivers.es\/pt-pt\/wp-json\/wp\/v2\/product_brand?post=18151"},{"taxonomy":"product_cat","embeddable":true,"href":"https:\/\/cultivers.es\/pt-pt\/wp-json\/wp\/v2\/product_cat?post=18151"},{"taxonomy":"product_tag","embeddable":true,"href":"https:\/\/cultivers.es\/pt-pt\/wp-json\/wp\/v2\/product_tag?post=18151"}],"curies":[{"name":"wp","href":"https:\/\/api.w.org\/{rel}","templated":true}]}}