{"id":18152,"date":"2021-10-22T12:12:44","date_gmt":"2021-10-22T12:12:44","guid":{"rendered":"https:\/\/cultivers.es\/abonos\/fertilizante-organico-de-geranio\/"},"modified":"2025-09-22T05:30:21","modified_gmt":"2025-09-22T05:30:21","slug":"fertilizante-organico-de-geranio-fertilizante-ecologico","status":"publish","type":"product","link":"https:\/\/cultivers.es\/pt-pt\/fertilizantes\/fertilizante-organico-de-geranio-fertilizante-ecologico\/","title":{"rendered":"Fertilizante org\u00e2nico de ger\u00e2nio"},"content":{"rendered":"<div class=\"page\" title=\"P\u00e1gina 1\">\n<div class=\"section\">\n<div class=\"layoutArea\">\n<div class=\"column\">\n<p>Adubo org\u00e2nico de origem vegetal, perolado para facilitar a sua utiliza\u00e7\u00e3o. Com azoto e \u00e1cidos h\u00famicos. <\/p>\n<p>As vantagens deste adubo na cultura do ger\u00e2nio s\u00e3o as seguintes<\/p>\n<p>O azoto org\u00e2nico \u00e9 progressivamente libertado no solo\/substrato, fornecendo a fonte de azoto necess\u00e1ria para evitar o amarelecimento das folhas.<\/p>\n<p>Os \u00e1cidos h\u00famicos facilitam a reten\u00e7\u00e3o de \u00e1gua e aumentam a forma\u00e7\u00e3o de ra\u00edzes, facilitam a flora\u00e7\u00e3o e o crescimento.<\/p>\n<\/div>\n<\/div>\n<\/div>\n<\/div>\n","protected":false},"excerpt":{"rendered":"<ul class=\"a-unordered-list a-vertical a-spacing-mini\">\n<li><span class=\"a-list-item\">Aumenta a flora\u00e7\u00e3o e o aroma das flores. Intensifica a cor. <\/span><\/li>\n<li><span class=\"a-list-item\">100% org\u00e2nico e de origem vegana. Elevada assimila\u00e7\u00e3o com NPK + 74% de mat\u00e9ria org\u00e2nica e \u00e1cidos h\u00famicos. <\/span><\/li>\n<li><span class=\"a-list-item\">Formula\u00e7\u00e3o lenta e controlada de origem vegetal. Refor\u00e7a a resist\u00eancia \u00e0s doen\u00e7as. <\/span><\/li>\n<li><span class=\"a-list-item\">Tamb\u00e9m \u00e9 adequado para outras variedades como Pet\u00fanias, Beg\u00f3nias, F\u00facsia, Murcianas, etc.<\/span><\/li>\n<li><span class=\"a-list-item\">Produto 100% natural e inofensivo para os animais, respeitando o meio ambiente.<\/span><\/li>\n<\/ul>\n","protected":false},"featured_media":12407,"comment_status":"open","ping_status":"closed","template":"","meta":{"_acf_changed":false},"product_brand":[],"product_cat":[325,323],"product_tag":[1411],"class_list":{"0":"post-18152","1":"product","2":"type-product","3":"status-publish","4":"has-post-thumbnail","6":"product_cat-fertilizantes","7":"product_cat-fertilizantes-solidos","8":"product_tag-caae-pt-pt","10":"first","11":"instock","12":"taxable","13":"shipping-taxable","14":"purchasable","15":"product-type-variable"},"acf":[],"_links":{"self":[{"href":"https:\/\/cultivers.es\/pt-pt\/wp-json\/wp\/v2\/product\/18152","targetHints":{"allow":["GET"]}}],"collection":[{"href":"https:\/\/cultivers.es\/pt-pt\/wp-json\/wp\/v2\/product"}],"about":[{"href":"https:\/\/cultivers.es\/pt-pt\/wp-json\/wp\/v2\/types\/product"}],"replies":[{"embeddable":true,"href":"https:\/\/cultivers.es\/pt-pt\/wp-json\/wp\/v2\/comments?post=18152"}],"wp:featuredmedia":[{"embeddable":true,"href":"https:\/\/cultivers.es\/pt-pt\/wp-json\/wp\/v2\/media\/12407"}],"wp:attachment":[{"href":"https:\/\/cultivers.es\/pt-pt\/wp-json\/wp\/v2\/media?parent=18152"}],"wp:term":[{"taxonomy":"product_brand","embeddable":true,"href":"https:\/\/cultivers.es\/pt-pt\/wp-json\/wp\/v2\/product_brand?post=18152"},{"taxonomy":"product_cat","embeddable":true,"href":"https:\/\/cultivers.es\/pt-pt\/wp-json\/wp\/v2\/product_cat?post=18152"},{"taxonomy":"product_tag","embeddable":true,"href":"https:\/\/cultivers.es\/pt-pt\/wp-json\/wp\/v2\/product_tag?post=18152"}],"curies":[{"name":"wp","href":"https:\/\/api.w.org\/{rel}","templated":true}]}}