{"id":18155,"date":"2021-10-22T12:12:44","date_gmt":"2021-10-22T12:12:44","guid":{"rendered":"https:\/\/cultivers.es\/abonos\/fertilizante-liquido-organico-para-tomates\/"},"modified":"2025-09-22T04:53:29","modified_gmt":"2025-09-22T04:53:29","slug":"fertilizante-ecologico-organico-liquido-para-tomates","status":"publish","type":"product","link":"https:\/\/cultivers.es\/pt-pt\/fertilizantes\/fertilizante-ecologico-organico-liquido-para-tomates\/","title":{"rendered":"Fertilizante l\u00edquido org\u00e2nico para tomates"},"content":{"rendered":"<p>Fertilizante L\u00edquido Org\u00e2nico para Tomate. O fertilizante org\u00e2nico para tomate \u00e9 uma formula\u00e7\u00e3o org\u00e2nica de a\u00e7\u00e3o imediata, desenvolvida para o fornecimento cont\u00ednuo de nutrientes ao longo do ciclo. Cont\u00e9m amino\u00e1cidos para melhorar o crescimento das plantas e dos frutos. Boro e Molibd\u00e9nio para favorecer a frutifica\u00e7\u00e3o. <a href=\"https:\/\/cultivers.es\/pt-pt\/abonos\/quelato-de-ferro\/\">Ferro quelatado<\/a> para promover a fotoss\u00edntese, cobre e mais micronutrientes que o tornam o produto ideal para a produ\u00e7\u00e3o de tomate org\u00e2nico.   <\/p>\n","protected":false},"excerpt":{"rendered":"<ul class=\"a-unordered-list a-vertical a-spacing-mini\">\n<li><span class=\"a-list-item\">Fertilizante l\u00edquido org\u00e2nico especial para tomates para todo o ciclo da planta<\/span><\/li>\n<li><span class=\"a-list-item\">solu\u00e7\u00e3o npk 4-1-6; fornecimento combinado de macronutrientes (azoto, f\u00f3sforo e pot\u00e1ssio) e de micronutrientes (boro, c\u00e1lcio, ferro, magn\u00e9sio, molibd\u00e9nio e zinco) para uma nutri\u00e7\u00e3o mais completa e equilibrada; os amino\u00e1cidos favorecem a assimila\u00e7\u00e3o dos elementos e proporcionam uma a\u00e7\u00e3o bioestimulante<\/span><\/li>\n<li><span class=\"a-list-item\">Equil\u00edbrio \u00f3timo de nutrientes essenciais para o crescimento vegetativo e a frutifica\u00e7\u00e3o<\/span><\/li>\n<li><span class=\"a-list-item\">Facilita o desenvolvimento da planta em situa\u00e7\u00f5es de stress, permitindo uma melhor recupera\u00e7\u00e3o da planta.<\/span><\/li>\n<li><span class=\"a-list-item\">Produto 100% natural e amigo dos animais, amigo do ambiente.<\/span><\/li>\n<\/ul>\n","protected":false},"featured_media":27357,"comment_status":"open","ping_status":"closed","template":"","meta":{"_acf_changed":false},"product_brand":[],"product_cat":[325,402,366],"product_tag":[1411],"class_list":{"0":"post-18155","1":"product","2":"type-product","3":"status-publish","4":"has-post-thumbnail","6":"product_cat-fertilizantes","7":"product_cat-fertilizantes-liquidos","8":"product_cat-tomates-pt-pt","9":"product_tag-caae-pt-pt","11":"first","12":"instock","13":"taxable","14":"shipping-taxable","15":"purchasable","16":"product-type-variable"},"acf":[],"_links":{"self":[{"href":"https:\/\/cultivers.es\/pt-pt\/wp-json\/wp\/v2\/product\/18155","targetHints":{"allow":["GET"]}}],"collection":[{"href":"https:\/\/cultivers.es\/pt-pt\/wp-json\/wp\/v2\/product"}],"about":[{"href":"https:\/\/cultivers.es\/pt-pt\/wp-json\/wp\/v2\/types\/product"}],"replies":[{"embeddable":true,"href":"https:\/\/cultivers.es\/pt-pt\/wp-json\/wp\/v2\/comments?post=18155"}],"wp:featuredmedia":[{"embeddable":true,"href":"https:\/\/cultivers.es\/pt-pt\/wp-json\/wp\/v2\/media\/27357"}],"wp:attachment":[{"href":"https:\/\/cultivers.es\/pt-pt\/wp-json\/wp\/v2\/media?parent=18155"}],"wp:term":[{"taxonomy":"product_brand","embeddable":true,"href":"https:\/\/cultivers.es\/pt-pt\/wp-json\/wp\/v2\/product_brand?post=18155"},{"taxonomy":"product_cat","embeddable":true,"href":"https:\/\/cultivers.es\/pt-pt\/wp-json\/wp\/v2\/product_cat?post=18155"},{"taxonomy":"product_tag","embeddable":true,"href":"https:\/\/cultivers.es\/pt-pt\/wp-json\/wp\/v2\/product_tag?post=18155"}],"curies":[{"name":"wp","href":"https:\/\/api.w.org\/{rel}","templated":true}]}}